{"id":22550,"date":"2025-07-09T20:08:47","date_gmt":"2025-07-09T20:08:47","guid":{"rendered":"https:\/\/www.isleofmanexperiences.com\/?page_id=22550"},"modified":"2025-11-06T13:22:35","modified_gmt":"2025-11-06T13:22:35","slug":"fynoderee-distillery-tagestour","status":"publish","type":"page","link":"https:\/\/www.isleofmanexperiences.com\/de\/fynoderee-distillery-day-tour\/","title":{"rendered":"Fynoderee Brennerei Tagestour"},"content":{"rendered":"<div data-elementor-type=\"wp-page\" data-elementor-id=\"22550\" class=\"elementor elementor-22550\" data-elementor-post-type=\"page\">\n\t\t\t\t\t\t<section class=\"elementor-section elementor-top-section elementor-element elementor-element-3aa1fb47 elementor-section-boxed elementor-section-height-default elementor-section-height-default\" data-id=\"3aa1fb47\" data-element_type=\"section\" data-e-type=\"section\" data-settings=\"{&quot;background_background&quot;:&quot;classic&quot;}\">\n\t\t\t\t\t\t\t<div class=\"elementor-background-overlay\"><\/div>\n\t\t\t\t\t\t\t<div class=\"elementor-container elementor-column-gap-default\">\n\t\t\t\t\t<div class=\"elementor-column elementor-col-100 elementor-top-column elementor-element elementor-element-6b309e3c\" data-id=\"6b309e3c\" data-element_type=\"column\" data-e-type=\"column\">\n\t\t\t<div class=\"elementor-widget-wrap elementor-element-populated\">\n\t\t\t\t\t\t<div class=\"elementor-element elementor-element-39a447f2 elementor-widget elementor-widget-heading\" data-id=\"39a447f2\" data-element_type=\"widget\" data-e-type=\"widget\" data-widget_type=\"heading.default\">\n\t\t\t\t<div class=\"elementor-widget-container\">\n\t\t\t\t\t<h2 class=\"elementor-heading-title elementor-size-default\">Erlebnisse auf der Insel Man<\/h2>\t\t\t\t<\/div>\n\t\t\t\t<\/div>\n\t\t\t\t\t<\/div>\n\t\t<\/div>\n\t\t\t\t\t<\/div>\n\t\t<\/section>\n\t\t<div class=\"elementor-element elementor-element-b005b2c e-flex e-con-boxed e-con e-parent\" data-id=\"b005b2c\" data-element_type=\"container\" data-e-type=\"container\">\n\t\t\t\t\t<div class=\"e-con-inner\">\n\t\t<div class=\"elementor-element elementor-element-3f227700 e-con-full e-flex e-con e-child\" data-id=\"3f227700\" data-element_type=\"container\" data-e-type=\"container\">\n\t\t\t\t<div class=\"elementor-element elementor-element-7bc19c50 elementor-widget elementor-widget-heading\" data-id=\"7bc19c50\" data-element_type=\"widget\" data-e-type=\"widget\" data-widget_type=\"heading.default\">\n\t\t\t\t<div class=\"elementor-widget-container\">\n\t\t\t\t\t<h2 class=\"elementor-heading-title elementor-size-default\">Fynoderee-Brennerei-Tour - Ramsey<\/h2>\t\t\t\t<\/div>\n\t\t\t\t<\/div>\n\t\t\t\t<div class=\"elementor-element elementor-element-4d86474d elementor-widget elementor-widget-image\" data-id=\"4d86474d\" data-element_type=\"widget\" data-e-type=\"widget\" data-widget_type=\"image.default\">\n\t\t\t\t<div class=\"elementor-widget-container\">\n\t\t\t\t\t\t\t\t\t\t\t\t\t\t\t<img fetchpriority=\"high\" decoding=\"async\" width=\"768\" height=\"509\" src=\"https:\/\/www.isleofmanexperiences.com\/wp-content\/uploads\/2025\/04\/Layer-16-768x509.jpg\" class=\"attachment-medium_large size-medium_large wp-image-712\" alt=\"\" srcset=\"https:\/\/www.isleofmanexperiences.com\/wp-content\/uploads\/2025\/04\/Layer-16-768x509.jpg 768w, https:\/\/www.isleofmanexperiences.com\/wp-content\/uploads\/2025\/04\/Layer-16-300x199.jpg 300w, https:\/\/www.isleofmanexperiences.com\/wp-content\/uploads\/2025\/04\/Layer-16.jpg 800w\" sizes=\"(max-width: 768px) 100vw, 768px\" \/>\t\t\t\t\t\t\t\t\t\t\t\t\t\t\t<\/div>\n\t\t\t\t<\/div>\n\t\t\t\t<div class=\"elementor-element elementor-element-1f616e06 elementor-widget elementor-widget-text-editor\" data-id=\"1f616e06\" data-element_type=\"widget\" data-e-type=\"widget\" data-widget_type=\"text-editor.default\">\n\t\t\t\t<div class=\"elementor-widget-container\">\n\t\t\t\t\t\t\t\t\t<h4><strong>\u00dcbersicht<\/strong><\/h4>\n<p>Verbringen Sie einen Nachmittag in der preisgekr\u00f6nten Fynoderee Distillery im Herzen von Ramsey und entdecken Sie die Magie der Manx-Spirituosen. Dieses fesselnde Erlebnis beginnt mit einem erfrischenden \u201cFyn &amp; Tonic\u201d bei der Ankunft, gefolgt von einer gef\u00fchrten Tour, die in die Folklore, das Handwerk und den Charakter hinter einem der aufregendsten Spirituosenhersteller der Isle of Man eintaucht.<\/p>\n<p>Sie erfahren etwas \u00fcber die Legenden der Manx, die den Namen und die Marke Fynoderee inspiriert haben, erkunden das funktionierende Lagerhaus der Brennerei und entdecken, wie die verschiedenen Gins, Wodkas, Rums - und der kommende Isle of Man Single Malt Whisky - hergestellt werden. Die Tour endet mit einer Verkostung unter Anleitung und Zeit zum Entspannen in der Fyn Bar, wo Sie die M\u00f6glichkeit haben, exklusive Geschenke und Flaschen zu kaufen.<\/p>\t\t\t\t\t\t\t\t<\/div>\n\t\t\t\t<\/div>\n\t\t\t\t<div class=\"elementor-element elementor-element-349854a3 elementor-widget elementor-widget-text-editor\" data-id=\"349854a3\" data-element_type=\"widget\" data-e-type=\"widget\" data-widget_type=\"text-editor.default\">\n\t\t\t\t<div class=\"elementor-widget-container\">\n\t\t\t\t\t\t\t\t\t<h4><strong>Was ist inbegriffen?<\/strong><\/h4><ul><li>Willkommen \u201cFyn &amp; Tonic\u201d bei der Ankunft<\/li><li>Gef\u00fchrte Brennereibesichtigung (14:00 - 15:30 Uhr), mit t<span style=\"background-color: transparent;\">ie Geschichte von Fynoderee und die lokale Folklore, b<\/span><span style=\"background-color: transparent;\">hinter die Kulissen des Produktionsbereichs und eine<\/span><span style=\"background-color: transparent;\">n \u00dcberblick \u00fcber den Prozess der handwerklichen Destillation und Abf\u00fcllung<\/span><\/li><li>Verkostung unter Anleitung von Manx Dry Gins, Bumbee Vodka und Glashtyn Spiced Rum<\/li><li>Freie Zeit in der Fyn Bar und im Brennerei-Shop<\/li><\/ul>\t\t\t\t\t\t\t\t<\/div>\n\t\t\t\t<\/div>\n\t\t\t\t<div class=\"elementor-element elementor-element-3f7dbb38 elementor-widget elementor-widget-text-editor\" data-id=\"3f7dbb38\" data-element_type=\"widget\" data-e-type=\"widget\" data-widget_type=\"text-editor.default\">\n\t\t\t\t<div class=\"elementor-widget-container\">\n\t\t\t\t\t\t\t\t\t<h4><strong>Informationen<\/strong><\/h4><p>Diese F\u00fchrung dauert von 14:00 bis 15:30 Uhr. Bitte finden Sie sich rechtzeitig vor Beginn der F\u00fchrung in der Brennerei ein.<\/p><p>Die Brennerei ist eine Arbeitsumgebung mit unebenen B\u00f6den. Bitte tragen Sie vern\u00fcnftiges Schuhwerk und bringen Sie eine warme Schicht f\u00fcr k\u00fchlere Bereiche mit. Der Veranstaltungsort ist derzeit nicht f\u00fcr Rollstuhlfahrer zug\u00e4nglich. Die F\u00fchrungen beginnen in der ersten Etage; bitte kontaktieren Sie uns im Voraus, um alternative Arrangements zu besprechen.<\/p><p>Bei dieser Tour ist der Transport nicht inbegriffen. Die G\u00e4ste m\u00fcssen den Weg zur und von der Fynoderee Distillery in Ramsey selbst zur\u00fccklegen. Die Fynoderee Distillery befindet sich direkt neben dem Bahnhof der Manx Electric Railway und in der N\u00e4he des Busbahnhofs von Ramsey.<\/p>\t\t\t\t\t\t\t\t<\/div>\n\t\t\t\t<\/div>\n\t\t\t\t<\/div>\n\t\t<div class=\"elementor-element elementor-element-1b2c5a3 e-con-full e-flex e-con e-child\" data-id=\"1b2c5a3\" data-element_type=\"container\" data-e-type=\"container\">\n\t\t\t\t<div class=\"elementor-element elementor-element-58bb0c2 elementor-widget elementor-widget-html\" data-id=\"58bb0c2\" data-element_type=\"widget\" data-e-type=\"widget\" data-widget_type=\"html.default\">\n\t\t\t\t<div class=\"elementor-widget-container\">\n\t\t\t\t\t<script src=\"https:\/\/assets.ticketinghub.com\/checkout.js\" data-widget=\"58fbb6e8-a1a4-4235-a4d6-d39d3c5f4af8\"><\/script>\t\t\t\t<\/div>\n\t\t\t\t<\/div>\n\t\t\t\t<\/div>\n\t\t\t\t\t<\/div>\n\t\t\t\t<\/div>\n\t\t\t\t<\/div>","protected":false},"excerpt":{"rendered":"<p>Isle of Man Experiences Fynoderee Distillery Tour &#8211; Ramsey Overview Spend an afternoon discovering the magic of Manx spirits at the award-winning Fynoderee Distillery in the heart of Ramsey. This engaging experience begins with a refreshing \u201cFyn &amp; Tonic\u201d on arrival, followed by a guided tour that delves into the folklore, craft, and character behind [&hellip;]<\/p>\n","protected":false},"author":3,"featured_media":0,"parent":0,"menu_order":0,"comment_status":"closed","ping_status":"closed","template":"","meta":{"footnotes":""},"experience-type":[],"event":[],"class_list":["post-22550","page","type-page","status-publish","hentry"],"_links":{"self":[{"href":"https:\/\/www.isleofmanexperiences.com\/de\/wp-json\/wp\/v2\/pages\/22550","targetHints":{"allow":["GET"]}}],"collection":[{"href":"https:\/\/www.isleofmanexperiences.com\/de\/wp-json\/wp\/v2\/pages"}],"about":[{"href":"https:\/\/www.isleofmanexperiences.com\/de\/wp-json\/wp\/v2\/types\/page"}],"author":[{"embeddable":true,"href":"https:\/\/www.isleofmanexperiences.com\/de\/wp-json\/wp\/v2\/users\/3"}],"replies":[{"embeddable":true,"href":"https:\/\/www.isleofmanexperiences.com\/de\/wp-json\/wp\/v2\/comments?post=22550"}],"version-history":[{"count":22,"href":"https:\/\/www.isleofmanexperiences.com\/de\/wp-json\/wp\/v2\/pages\/22550\/revisions"}],"predecessor-version":[{"id":23212,"href":"https:\/\/www.isleofmanexperiences.com\/de\/wp-json\/wp\/v2\/pages\/22550\/revisions\/23212"}],"wp:attachment":[{"href":"https:\/\/www.isleofmanexperiences.com\/de\/wp-json\/wp\/v2\/media?parent=22550"}],"wp:term":[{"taxonomy":"experience-type","embeddable":true,"href":"https:\/\/www.isleofmanexperiences.com\/de\/wp-json\/wp\/v2\/experience-type?post=22550"},{"taxonomy":"event","embeddable":true,"href":"https:\/\/www.isleofmanexperiences.com\/de\/wp-json\/wp\/v2\/event?post=22550"}],"curies":[{"name":"wp","href":"https:\/\/api.w.org\/{rel}","templated":true}]}}