{"id":22820,"date":"2025-09-18T14:09:34","date_gmt":"2025-09-18T14:09:34","guid":{"rendered":"https:\/\/www.isleofmanexperiences.com\/?page_id=22820"},"modified":"2025-09-26T10:16:41","modified_gmt":"2025-09-26T10:16:41","slug":"dampfschiff","status":"publish","type":"page","link":"https:\/\/www.isleofmanexperiences.com\/de\/agent\/steampacket\/","title":{"rendered":"Steam Packet Agent Portal"},"content":{"rendered":"<div data-elementor-type=\"wp-page\" data-elementor-id=\"22820\" class=\"elementor elementor-22820\" data-elementor-post-type=\"page\">\n\t\t\t\t\t\t<section class=\"elementor-section elementor-top-section elementor-element elementor-element-25c6cabf elementor-section-boxed elementor-section-height-default elementor-section-height-default\" data-id=\"25c6cabf\" data-element_type=\"section\" data-e-type=\"section\" data-settings=\"{&quot;background_background&quot;:&quot;classic&quot;}\">\n\t\t\t\t\t\t\t<div class=\"elementor-background-overlay\"><\/div>\n\t\t\t\t\t\t\t<div class=\"elementor-container elementor-column-gap-default\">\n\t\t\t\t\t<div class=\"elementor-column elementor-col-100 elementor-top-column elementor-element elementor-element-a8df0ae\" data-id=\"a8df0ae\" data-element_type=\"column\" data-e-type=\"column\">\n\t\t\t<div class=\"elementor-widget-wrap elementor-element-populated\">\n\t\t\t\t\t\t<div class=\"elementor-element elementor-element-3864807f elementor-widget elementor-widget-heading\" data-id=\"3864807f\" data-element_type=\"widget\" data-e-type=\"widget\" data-widget_type=\"heading.default\">\n\t\t\t\t<div class=\"elementor-widget-container\">\n\t\t\t\t\t<h1 class=\"elementor-heading-title elementor-size-default\">Agenten-Portal<\/h1>\t\t\t\t<\/div>\n\t\t\t\t<\/div>\n\t\t\t\t\t<\/div>\n\t\t<\/div>\n\t\t\t\t\t<\/div>\n\t\t<\/section>\n\t\t\t\t<section class=\"elementor-section elementor-top-section elementor-element elementor-element-1bb3ffe6 elementor-section-boxed elementor-section-height-default elementor-section-height-default\" data-id=\"1bb3ffe6\" data-element_type=\"section\" data-e-type=\"section\">\n\t\t\t\t\t\t<div class=\"elementor-container elementor-column-gap-default\">\n\t\t\t\t\t<div class=\"elementor-column elementor-col-50 elementor-top-column elementor-element elementor-element-673e964c\" data-id=\"673e964c\" data-element_type=\"column\" data-e-type=\"column\">\n\t\t\t<div class=\"elementor-widget-wrap elementor-element-populated\">\n\t\t\t\t\t\t<div class=\"elementor-element elementor-element-380de1ea elementor-widget elementor-widget-heading\" data-id=\"380de1ea\" data-element_type=\"widget\" data-e-type=\"widget\" data-widget_type=\"heading.default\">\n\t\t\t\t<div class=\"elementor-widget-container\">\n\t\t\t\t\t<h2 class=\"elementor-heading-title elementor-size-default\">Willkommen, Steam Packet Holidays<\/h2>\t\t\t\t<\/div>\n\t\t\t\t<\/div>\n\t\t\t\t<div class=\"elementor-element elementor-element-5750df7d elementor-widget-divider--view-line elementor-widget elementor-widget-divider\" data-id=\"5750df7d\" data-element_type=\"widget\" data-e-type=\"widget\" data-widget_type=\"divider.default\">\n\t\t\t\t<div class=\"elementor-widget-container\">\n\t\t\t\t\t\t\t<div class=\"elementor-divider\">\n\t\t\t<span class=\"elementor-divider-separator\">\n\t\t\t\t\t\t<\/span>\n\t\t<\/div>\n\t\t\t\t\t\t<\/div>\n\t\t\t\t<\/div>\n\t\t\t\t<div class=\"elementor-element elementor-element-55144c8b elementor-widget elementor-widget-text-editor\" data-id=\"55144c8b\" data-element_type=\"widget\" data-e-type=\"widget\" data-widget_type=\"text-editor.default\">\n\t\t\t\t<div class=\"elementor-widget-container\">\n\t\t\t\t\t\t\t\t\t<p>Dieses Buchungsportal bietet Ihnen direkten Zugang zu den Produkten von Isle of Man Experiences. Bitte loggen Sie sich mit Ihren Agentenzugangsdaten ein, um die Verf\u00fcgbarkeit live zu sehen, Buchungen zu best\u00e4tigen und Best\u00e4tigungen sofort herunterzuladen.<\/p>\n<p>Wenn Sie Hilfe ben\u00f6tigen, kontaktieren Sie unser Team unter <b>info@isleofmanexperiences.com<\/b> oder rufen Sie an <b>+44 (0)1624 640000<\/b>.<\/p>\t\t\t\t\t\t\t\t<\/div>\n\t\t\t\t<\/div>\n\t\t\t\t\t<\/div>\n\t\t<\/div>\n\t\t\t\t<div class=\"elementor-column elementor-col-50 elementor-top-column elementor-element elementor-element-7449580\" data-id=\"7449580\" data-element_type=\"column\" data-e-type=\"column\">\n\t\t\t<div class=\"elementor-widget-wrap elementor-element-populated\">\n\t\t\t\t\t\t<div class=\"elementor-element elementor-element-2e265ea elementor-widget elementor-widget-html\" data-id=\"2e265ea\" data-element_type=\"widget\" data-e-type=\"widget\" data-widget_type=\"html.default\">\n\t\t\t\t<div class=\"elementor-widget-container\">\n\t\t\t\t\t<script src=\"https:\/\/assets.ticketinghub.com\/checkout.js\" data-widget=\"1dea033b-d972-4510-9b9f-4cea9a4a2958\" data-no-minify=\"1\"><\/script>\t\t\t\t<\/div>\n\t\t\t\t<\/div>\n\t\t\t\t\t<\/div>\n\t\t<\/div>\n\t\t\t\t\t<\/div>\n\t\t<\/section>\n\t\t\t\t<\/div>","protected":false},"excerpt":{"rendered":"<p>Agent Portal Welcome, Steam Packet Holidays This booking portal gives you direct access to Isle of Man Experiences products. Please log in with your agent credentials to view live availability, confirm bookings, and download confirmations instantly. If you need help, contact our team at info@isleofmanexperiences.com or call +44 (0)1624 640000.<\/p>","protected":false},"author":1,"featured_media":0,"parent":22838,"menu_order":0,"comment_status":"closed","ping_status":"closed","template":"elementor_header_footer","meta":{"footnotes":""},"experience-type":[],"event":[],"class_list":["post-22820","page","type-page","status-publish","hentry"],"_links":{"self":[{"href":"https:\/\/www.isleofmanexperiences.com\/de\/wp-json\/wp\/v2\/pages\/22820","targetHints":{"allow":["GET"]}}],"collection":[{"href":"https:\/\/www.isleofmanexperiences.com\/de\/wp-json\/wp\/v2\/pages"}],"about":[{"href":"https:\/\/www.isleofmanexperiences.com\/de\/wp-json\/wp\/v2\/types\/page"}],"author":[{"embeddable":true,"href":"https:\/\/www.isleofmanexperiences.com\/de\/wp-json\/wp\/v2\/users\/1"}],"replies":[{"embeddable":true,"href":"https:\/\/www.isleofmanexperiences.com\/de\/wp-json\/wp\/v2\/comments?post=22820"}],"version-history":[{"count":18,"href":"https:\/\/www.isleofmanexperiences.com\/de\/wp-json\/wp\/v2\/pages\/22820\/revisions"}],"predecessor-version":[{"id":22944,"href":"https:\/\/www.isleofmanexperiences.com\/de\/wp-json\/wp\/v2\/pages\/22820\/revisions\/22944"}],"up":[{"embeddable":true,"href":"https:\/\/www.isleofmanexperiences.com\/de\/wp-json\/wp\/v2\/pages\/22838"}],"wp:attachment":[{"href":"https:\/\/www.isleofmanexperiences.com\/de\/wp-json\/wp\/v2\/media?parent=22820"}],"wp:term":[{"taxonomy":"experience-type","embeddable":true,"href":"https:\/\/www.isleofmanexperiences.com\/de\/wp-json\/wp\/v2\/experience-type?post=22820"},{"taxonomy":"event","embeddable":true,"href":"https:\/\/www.isleofmanexperiences.com\/de\/wp-json\/wp\/v2\/event?post=22820"}],"curies":[{"name":"wp","href":"https:\/\/api.w.org\/{rel}","templated":true}]}}