{"id":22838,"date":"2025-09-18T15:31:28","date_gmt":"2025-09-18T15:31:28","guid":{"rendered":"https:\/\/www.isleofmanexperiences.com\/?page_id=22838"},"modified":"2026-04-24T08:17:23","modified_gmt":"2026-04-24T08:17:23","slug":"agent","status":"publish","type":"page","link":"https:\/\/www.isleofmanexperiences.com\/de\/agent\/","title":{"rendered":"Agenten-Portal"},"content":{"rendered":"<div data-elementor-type=\"wp-page\" data-elementor-id=\"22838\" class=\"elementor elementor-22838\" data-elementor-post-type=\"page\">\n\t\t\t\t\t\t<section class=\"elementor-section elementor-top-section elementor-element elementor-element-300465a7 elementor-section-boxed elementor-section-height-default elementor-section-height-default\" data-id=\"300465a7\" data-element_type=\"section\" data-e-type=\"section\" data-settings=\"{&quot;background_background&quot;:&quot;classic&quot;}\">\n\t\t\t\t\t\t\t<div class=\"elementor-background-overlay\"><\/div>\n\t\t\t\t\t\t\t<div class=\"elementor-container elementor-column-gap-default\">\n\t\t\t\t\t<div class=\"elementor-column elementor-col-100 elementor-top-column elementor-element elementor-element-50770f5d\" data-id=\"50770f5d\" data-element_type=\"column\" data-e-type=\"column\">\n\t\t\t<div class=\"elementor-widget-wrap elementor-element-populated\">\n\t\t\t\t\t\t<div class=\"elementor-element elementor-element-392c9e8a elementor-widget elementor-widget-heading\" data-id=\"392c9e8a\" data-element_type=\"widget\" data-e-type=\"widget\" data-widget_type=\"heading.default\">\n\t\t\t\t<div class=\"elementor-widget-container\">\n\t\t\t\t\t<h1 class=\"elementor-heading-title elementor-size-default\">Agenten-Portal<\/h1>\t\t\t\t<\/div>\n\t\t\t\t<\/div>\n\t\t\t\t\t<\/div>\n\t\t<\/div>\n\t\t\t\t\t<\/div>\n\t\t<\/section>\n\t\t\t\t<section class=\"elementor-section elementor-top-section elementor-element elementor-element-2ce8144d elementor-section-boxed elementor-section-height-default elementor-section-height-default\" data-id=\"2ce8144d\" data-element_type=\"section\" data-e-type=\"section\">\n\t\t\t\t\t\t<div class=\"elementor-container elementor-column-gap-default\">\n\t\t\t\t\t<div class=\"elementor-column elementor-col-100 elementor-top-column elementor-element elementor-element-4e72c13\" data-id=\"4e72c13\" data-element_type=\"column\" data-e-type=\"column\">\n\t\t\t<div class=\"elementor-widget-wrap elementor-element-populated\">\n\t\t\t\t\t\t<div class=\"elementor-element elementor-element-5921745 elementor-widget elementor-widget-heading\" data-id=\"5921745\" data-element_type=\"widget\" data-e-type=\"widget\" data-widget_type=\"heading.default\">\n\t\t\t\t<div class=\"elementor-widget-container\">\n\t\t\t\t\t<h1 class=\"elementor-heading-title elementor-size-default\">Partnerschaft mit Isle of Man Experiences<\/h1>\t\t\t\t<\/div>\n\t\t\t\t<\/div>\n\t\t\t\t<div class=\"elementor-element elementor-element-7f571734 elementor-widget-divider--view-line elementor-widget elementor-widget-divider\" data-id=\"7f571734\" data-element_type=\"widget\" data-e-type=\"widget\" data-widget_type=\"divider.default\">\n\t\t\t\t<div class=\"elementor-widget-container\">\n\t\t\t\t\t\t\t<div class=\"elementor-divider\">\n\t\t\t<span class=\"elementor-divider-separator\">\n\t\t\t\t\t\t<\/span>\n\t\t<\/div>\n\t\t\t\t\t\t<\/div>\n\t\t\t\t<\/div>\n\t\t\t\t<div class=\"elementor-element elementor-element-57bfcd86 elementor-widget elementor-widget-text-editor\" data-id=\"57bfcd86\" data-element_type=\"widget\" data-e-type=\"widget\" data-widget_type=\"text-editor.default\">\n\t\t\t\t<div class=\"elementor-widget-container\">\n\t\t\t\t\t\t\t\t\t<h3><b>Zugang zum Handel mit authentischen Touren, Aktivit\u00e4ten und Paketen auf der Isle of Man.<\/b><\/h3><p>Wir arbeiten mit Reiseveranstaltern, Hotels, Reiseb\u00fcros und Erlebnisanbietern zusammen, die die Isle of Man in ihr Portfolio aufnehmen m\u00f6chten. Unser Handelsportal bietet Ihnen Zugang zu Live-Verf\u00fcgbarkeiten, provisionsf\u00e4higen Preisen und sofortigen Buchungsbest\u00e4tigungen - so k\u00f6nnen Sie die Insel mit Vertrauen verkaufen.<\/p><h3><b><u>Was wir anbieten<\/u><\/b><\/h3><p><b>+ Kommissionsf\u00e4hige Produkte<\/b> - Sightseeing-Touren, Tagesausfl\u00fcge, Mehrtagespakete und Aktivit\u00e4ten<br \/><b>+ Live-Verf\u00fcgbarkeit &amp; sofortige Buchung<\/b> \u00fcber unser Maklerportal<br \/><b>+ Markensupport<\/b> - Wir k\u00f6nnen Co-Branding-Buchungsseiten f\u00fcr Ihr Team oder Ihre Kunden erstellen.<br \/><b>+ Engagierte Kundenbetreuung<\/b> - ein lokales Team auf der Insel, das Ihnen hilft, mehr zu verkaufen<\/p><h3><b><u>Wie es funktioniert<\/u><\/b><\/h3><p><b>+ Zugang beantragen<\/b> - E-Mail <b>info@isleofmanexperiences.com<\/b> oder rufen Sie uns an <b>+44 (0)1624 640044<\/b> um sich als Handelspartner zu registrieren.<br \/><b>+ Holen Sie sich Ihr Login<\/b> - Wir richten f\u00fcr Sie ein Agentenkonto in unserem Buchungssystem ein.<br \/><b>+ Buchung starten<\/b> - sich jederzeit anmelden, um die Verf\u00fcgbarkeit zu pr\u00fcfen und sofort zu best\u00e4tigen<\/p>\t\t\t\t\t\t\t\t<\/div>\n\t\t\t\t<\/div>\n\t\t\t\t\t<\/div>\n\t\t<\/div>\n\t\t\t\t\t<\/div>\n\t\t<\/section>\n\t\t\t\t<\/div>","protected":false},"excerpt":{"rendered":"<p>Agent Portal Partner with Isle of Man Experiences Trade access to authentic tours, activities, and packages on the Isle of Man. We work with tour operators, hotels, travel agents, and experience providers who want to add the Isle of Man to their portfolio. Our trade portal gives you access to live availability, commissionable rates, and [&hellip;]<\/p>\n","protected":false},"author":1,"featured_media":0,"parent":0,"menu_order":0,"comment_status":"closed","ping_status":"closed","template":"elementor_header_footer","meta":{"footnotes":""},"experience-type":[],"event":[],"class_list":["post-22838","page","type-page","status-publish","hentry"],"_links":{"self":[{"href":"https:\/\/www.isleofmanexperiences.com\/de\/wp-json\/wp\/v2\/pages\/22838","targetHints":{"allow":["GET"]}}],"collection":[{"href":"https:\/\/www.isleofmanexperiences.com\/de\/wp-json\/wp\/v2\/pages"}],"about":[{"href":"https:\/\/www.isleofmanexperiences.com\/de\/wp-json\/wp\/v2\/types\/page"}],"author":[{"embeddable":true,"href":"https:\/\/www.isleofmanexperiences.com\/de\/wp-json\/wp\/v2\/users\/1"}],"replies":[{"embeddable":true,"href":"https:\/\/www.isleofmanexperiences.com\/de\/wp-json\/wp\/v2\/comments?post=22838"}],"version-history":[{"count":10,"href":"https:\/\/www.isleofmanexperiences.com\/de\/wp-json\/wp\/v2\/pages\/22838\/revisions"}],"predecessor-version":[{"id":23919,"href":"https:\/\/www.isleofmanexperiences.com\/de\/wp-json\/wp\/v2\/pages\/22838\/revisions\/23919"}],"wp:attachment":[{"href":"https:\/\/www.isleofmanexperiences.com\/de\/wp-json\/wp\/v2\/media?parent=22838"}],"wp:term":[{"taxonomy":"experience-type","embeddable":true,"href":"https:\/\/www.isleofmanexperiences.com\/de\/wp-json\/wp\/v2\/experience-type?post=22838"},{"taxonomy":"event","embeddable":true,"href":"https:\/\/www.isleofmanexperiences.com\/de\/wp-json\/wp\/v2\/event?post=22838"}],"curies":[{"name":"wp","href":"https:\/\/api.w.org\/{rel}","templated":true}]}}