{"id":23592,"date":"2026-02-24T16:21:49","date_gmt":"2026-02-24T16:21:49","guid":{"rendered":"https:\/\/www.isleofmanexperiences.com\/?page_id=23592"},"modified":"2026-02-24T16:30:43","modified_gmt":"2026-02-24T16:30:43","slug":"bedingungen","status":"publish","type":"page","link":"https:\/\/www.isleofmanexperiences.com\/de\/terms-conditions\/","title":{"rendered":"Bedingungen und Konditionen"},"content":{"rendered":"<div data-elementor-type=\"wp-page\" data-elementor-id=\"23592\" class=\"elementor elementor-23592\" data-elementor-post-type=\"page\">\n\t\t\t\t\t\t<section class=\"elementor-section elementor-top-section elementor-element elementor-element-5916aed2 elementor-section-boxed elementor-section-height-default elementor-section-height-default\" data-id=\"5916aed2\" data-element_type=\"section\" data-e-type=\"section\" data-settings=\"{&quot;background_background&quot;:&quot;classic&quot;}\">\n\t\t\t\t\t\t\t<div class=\"elementor-background-overlay\"><\/div>\n\t\t\t\t\t\t\t<div class=\"elementor-container elementor-column-gap-default\">\n\t\t\t\t\t<div class=\"elementor-column elementor-col-100 elementor-top-column elementor-element elementor-element-b51231\" data-id=\"b51231\" data-element_type=\"column\" data-e-type=\"column\">\n\t\t\t<div class=\"elementor-widget-wrap elementor-element-populated\">\n\t\t\t\t\t\t<div class=\"elementor-element elementor-element-32228124 elementor-widget elementor-widget-heading\" data-id=\"32228124\" data-element_type=\"widget\" data-e-type=\"widget\" data-widget_type=\"heading.default\">\n\t\t\t\t<div class=\"elementor-widget-container\">\n\t\t\t\t\t<h1 class=\"elementor-heading-title elementor-size-default\">Bedingungen und Konditionen<\/h1>\t\t\t\t<\/div>\n\t\t\t\t<\/div>\n\t\t\t\t\t<\/div>\n\t\t<\/div>\n\t\t\t\t\t<\/div>\n\t\t<\/section>\n\t\t\t\t<section class=\"elementor-section elementor-top-section elementor-element elementor-element-410750a3 elementor-section-boxed elementor-section-height-default elementor-section-height-default\" data-id=\"410750a3\" data-element_type=\"section\" data-e-type=\"section\">\n\t\t\t\t\t\t<div class=\"elementor-container elementor-column-gap-default\">\n\t\t\t\t\t<div class=\"elementor-column elementor-col-100 elementor-top-column elementor-element elementor-element-475ce5f4\" data-id=\"475ce5f4\" data-element_type=\"column\" data-e-type=\"column\">\n\t\t\t<div class=\"elementor-widget-wrap elementor-element-populated\">\n\t\t\t\t\t\t<div class=\"elementor-element elementor-element-4bcb3c4 elementor-widget elementor-widget-heading\" data-id=\"4bcb3c4\" data-element_type=\"widget\" data-e-type=\"widget\" data-widget_type=\"heading.default\">\n\t\t\t\t<div class=\"elementor-widget-container\">\n\t\t\t\t\t<h2 class=\"elementor-heading-title elementor-size-default\">Bedingungen und Konditionen<\/h2>\t\t\t\t<\/div>\n\t\t\t\t<\/div>\n\t\t\t\t<div class=\"elementor-element elementor-element-7d23f1f1 elementor-widget-divider--view-line elementor-widget elementor-widget-divider\" data-id=\"7d23f1f1\" data-element_type=\"widget\" data-e-type=\"widget\" data-widget_type=\"divider.default\">\n\t\t\t\t<div class=\"elementor-widget-container\">\n\t\t\t\t\t\t\t<div class=\"elementor-divider\">\n\t\t\t<span class=\"elementor-divider-separator\">\n\t\t\t\t\t\t<\/span>\n\t\t<\/div>\n\t\t\t\t\t\t<\/div>\n\t\t\t\t<\/div>\n\t\t\t\t<div class=\"elementor-element elementor-element-721b80ef elementor-widget__width-initial elementor-widget elementor-widget-text-editor\" data-id=\"721b80ef\" data-element_type=\"widget\" data-e-type=\"widget\" data-widget_type=\"text-editor.default\">\n\t\t\t\t<div class=\"elementor-widget-container\">\n\t\t\t\t\t\t\t\t\t<p style=\"text-align: left;\"><b>1. Der Vertrag&nbsp;<\/b><\/p>\n<p style=\"text-align: left;\">Diese Buchungsbedingungen gelten f\u00fcr Ihre Buchung bei Duke Travel Limited, firmierend als Isle of Man Experiences, Isle of Man Company Number 131439C, mit Sitz in Champion House, Tromode, Isle of Man IM99 1DD (\u201cwir\u201d, \u201cuns\u201d, \u201cunser\u201d).<\/p>\n<p style=\"text-align: left;\">Verbindliche Vereinbarung: Indem Sie eine Buchung vornehmen, erkl\u00e4ren Sie im Namen aller in der Buchung aufgef\u00fchrten Personen, dass Sie diese Bedingungen gelesen haben und sich an sie halten.<\/p>\n<p style=\"text-align: left;\">Gerichtsbarkeit: Ihr Buchungsvertrag unterliegt den Gesetzen der Isle of Man. Sie unterwerfen sich der ausschlie\u00dflichen Gerichtsbarkeit der Gerichte von Manx.<\/p>\n<p style=\"text-align: left;\"><b>2. Schutz der Daten<\/b><\/p>\n<p style=\"text-align: left;\">Wir nehmen Ihre Privatsph\u00e4re ernst. Wir verwenden personenbezogene Daten in \u00dcbereinstimmung mit dem Data Protection Act 2018 (Isle of Man) und unserer Datenschutzrichtlinie. Es liegt in Ihrer Verantwortung, sicherzustellen, dass alle angegebenen Informationen (Namen, Daten, Kontaktdaten) korrekt und wahrheitsgem\u00e4\u00df sind.<\/p>\n<p style=\"text-align: left;\"><b>3. Verhalten und Sicherheit der Fahrg\u00e4ste<\/b><\/p>\n<p style=\"text-align: left;\">Sitzpl\u00e4tze: Jeder Fahrgast in einem Fahrzeug muss einen eigenen Sitzplatz haben. Sitze k\u00f6nnen nicht reserviert werden.<br>Sicherheitsgurte: W\u00e4hrend der Fahrt besteht f\u00fcr alle Fahrg\u00e4ste Anschnallpflicht.<br>Rauchen: Das Rauchen (einschlie\u00dflich E-Zigaretten) ist in allen Firmenfahrzeugen streng verboten.<br>Alkohol: Alkohol ist in allen Firmenfahrzeugen strengstens verboten. Wer sich nicht daran h\u00e4lt, wird aufgefordert, das Fahrzeug sofort zu verlassen.<br>Verhalten: Der Fahrer ist f\u00fcr die Sicherheit des Fahrzeugs verantwortlich. Jeder Fahrgast, dessen Verhalten gegen die gesetzlichen Vorschriften verst\u00f6\u00dft oder der den Fahrer ablenkt, kann aus dem Fahrzeug entfernt oder am Einsteigen gehindert werden.<\/p>\n<p style=\"text-align: left;\"><b>4. Zug\u00e4nglichkeit &amp; Behinderungen<\/b><\/p>\n<p style=\"text-align: left;\">Zugang zum Fahrzeug: Bitte beachten Sie, dass es sich bei unseren Fahrzeugen in der Regel um Kleinbusse handelt, bei denen die Fahrg\u00e4ste zum Einsteigen Stufen \u00fcberwinden m\u00fcssen. Wir bedauern, dass unsere Standardflotte derzeit nicht mit Rollstuhlliften oder Rampen ausgestattet ist.<br>Mobilit\u00e4t: Wir bef\u00f6rdern gerne zusammenklappbare Rollst\u00fchle und Gehhilfen, sofern sie im Gep\u00e4ckraum untergebracht werden k\u00f6nnen. Der Platz wird nach dem Prinzip \"Wer zuerst kommt, mahlt zuerst\" vergeben. Sie m\u00fcssen uns bei der Buchung informieren, wenn Sie Mobilit\u00e4tshilfen mitnehmen m\u00f6chten. Die Fahrg\u00e4ste m\u00fcssen in der Lage sein, das Fahrzeug selbst\u00e4ndig oder mit Hilfe einer Begleitperson zu besteigen.<\/p>\n<p style=\"text-align: left;\"><b>5. Haftung und Verz\u00f6gerungen<\/b><\/p>\n<p style=\"text-align: left;\">Transport: Die R\u00fcckreisezeiten sind Richtwerte. Wir garantieren keine Ankunftszeiten und haften nicht f\u00fcr Bequemlichkeitsverluste oder verpasste Anschl\u00fcsse (z. B. F\u00e4hren, Fl\u00fcge oder Z\u00fcge) aufgrund von Versp\u00e4tungen, Pannen oder Verkehr.<\/p>\n<p style=\"text-align: left;\">Routen\u00e4nderungen: Bei Unwetter (z.B. Bergstra\u00dfensperrungen), Stra\u00dfenbauarbeiten oder aus betrieblichen Gr\u00fcnden behalten wir uns das Recht vor, Tourenrouten ohne Vorank\u00fcndigung zu \u00e4ndern.<\/p>\n<p style=\"text-align: left;\">Verlorenes Eigentum: Wir sind nicht verantwortlich f\u00fcr Gegenst\u00e4nde, die in unseren Fahrzeugen zur\u00fcckgelassen werden. Wenn verlorene Gegenst\u00e4nde gefunden werden, k\u00f6nnen wir sie dem Kunden auf dessen Kosten zur\u00fcckgeben. Nicht abgeholte Gegenst\u00e4nde werden nach 3 Monaten entsorgt.<\/p>\n<p style=\"text-align: left;\"><b>6. Tiere&nbsp;<\/b><\/p>\n<p style=\"text-align: left;\">Andere Tiere als registrierte Begleithunde sind in den Fahrzeugen der Linienfahrten nicht erlaubt.<\/p>\n<p style=\"text-align: left;\"><br><\/p>\n<p style=\"text-align: left;\"><b>GEPLANTE REISEBEDINGUNGEN<\/b><\/p>\n<p style=\"text-align: left;\">(F\u00fcr Einzelpl\u00e4tze bei Tagestouren\/Erlebnissen)<\/p>\n<p style=\"text-align: left;\"><b>1. Buchung &amp; Bezahlung&nbsp;<\/b><\/p>\n<p style=\"text-align: left;\">Alle geplanten Touren m\u00fcssen vor der Abfahrt vollst\u00e4ndig bezahlt werden. Wir akzeptieren alle g\u00e4ngigen Kredit- und Debitkarten.<\/p>\n<p style=\"text-align: left;\"><b>2. Stornierung und R\u00fcckerstattung<\/b><\/p>\n<p style=\"text-align: left;\">24-Stunden-Regelung: Sie k\u00f6nnen Ihre geplante Tour bis zu 24 Stunden vor der Abfahrtszeit stornieren und erhalten eine volle R\u00fcckerstattung.<br>Versp\u00e4tete Stornierung: Stornierungen, die innerhalb von 24 Stunden vor Reisebeginn erfolgen, werden nicht erstattet.<br>Buchungen \u00fcber Dritte: Wenn Sie \u00fcber ein Online-Reiseb\u00fcro (OTA) gebucht haben, m\u00fcssen Sie sich f\u00fcr eine Stornierung direkt an das OTA wenden, da dessen Bedingungen gelten.<\/p>\n<p style=\"text-align: left;\"><b>3. Betrieblich<\/b><\/p>\n<p style=\"text-align: left;\">Verpasste Abreise: Unsere Touren starten zu den in Ihrer Buchungsbest\u00e4tigung angegebenen Zeiten. Wir k\u00f6nnen nicht auf versp\u00e4tete Ank\u00fcnfte warten. Eine verpasste Abfahrt oder ein Nichterscheinen wird nicht erstattet.<\/p>\n<p style=\"text-align: left;\">Reisegep\u00e4ck: Aufgrund des begrenzten Stauraums im Fahrzeug ist pro Person nur ein kleines Tagesgep\u00e4ck erlaubt. Bei geplanten Tagestouren k\u00f6nnen wir m\u00f6glicherweise keine gro\u00dfen Koffer mitnehmen.<\/p>\n<p style=\"text-align: left;\">Kinder: Kinder unter 5 Jahren d\u00fcrfen in der Regel nicht an geplanten gemeinsamen Touren teilnehmen; Kinder zwischen 5 und 16 Jahren m\u00fcssen von einem Erwachsenen begleitet werden.<br>H\u00f6flichkeitssitzpl\u00e4tze: Obwohl wir keine Sitzpl\u00e4tze reservieren k\u00f6nnen, bitten wir Sie, sich mit uns in Verbindung zu setzen, wenn Sie aufgrund einer Krankheit oder Behinderung einen bestimmten Sitzplatz ben\u00f6tigen. Wir werden uns bem\u00fchen, Ihnen einen Sitzplatz zuzuweisen, k\u00f6nnen dies jedoch nicht garantieren.<\/p>\n<p style=\"text-align: left;\"><br><\/p>\n<p style=\"text-align: left;\"><b>PRIVATVERMIETUNG &amp; MASSGESCHNEIDERTE BEDINGUNGEN<\/b><\/p>\n<p style=\"text-align: left;\">(F\u00fcr private Gruppen und Transfers)<\/p>\n<p style=\"text-align: left;\"><b>1. Buchung &amp; Bezahlung<\/b><\/p>\n<p style=\"text-align: left;\">Kaution: Zur Best\u00e4tigung einer privaten Anmietung ist bei der Buchung eine nicht erstattungsf\u00e4hige Anzahlung zu leisten.<br>F\u00fcr Anmietungen unter \u00a3500: Eine Kaution von 50,00 \u00a3 pro Fahrzeug ist erforderlich.<br>F\u00fcr Anmietungen \u00fcber \u00a3500: Eine Kaution von 20% des gesamten Buchungswertes ist erforderlich.<br>Restbetrag: Der Restbetrag ist 14 Tage vor dem Anmietungsdatum f\u00e4llig.<\/p>\n<p style=\"text-align: left;\"><b>2. Stornierungsbedingungen (Privatvermietung)<\/b><\/p>\n<p style=\"text-align: left;\">Wenn Sie Ihre private Buchung stornieren, fallen je nach K\u00fcndigungsfrist die folgenden Geb\u00fchren an:<br>14 Tage oder mehr: Verlust der Kaution.<br>7 - 13 Tage: 50% des Gesamtpreises.<br>3 - 6 Tage: 75% des Gesamtpreises.<br>48 Stunden oder weniger: 100% des Gesamtpreises.<\/p>\n<p style=\"text-align: left;\"><b>3. Zuschl\u00e4ge &amp; Sch\u00e4den<\/b><\/p>\n<p style=\"text-align: left;\">\u00dcberstunden: Wir behalten uns das Recht vor, eine zus\u00e4tzliche Geb\u00fchr (z.B. \u00a385 pro Stunde) zu berechnen, wenn das Fahrzeug l\u00e4nger als vertraglich vereinbart zur\u00fcckgehalten wird.<br>Besch\u00e4digung: Der Mieter haftet f\u00fcr alle Sch\u00e4den, die seine Fahrg\u00e4ste am Fahrzeug verursachen.<br>Kindersitze: Sie m\u00fcssen uns \u00fcber mitreisende Kinder informieren, damit geeignete Sitzpl\u00e4tze organisiert werden k\u00f6nnen. Wir behalten uns das Recht vor, die Bef\u00f6rderung von Kindern unter 3 Jahren abzulehnen, wenn kein Sitzplatz gebucht\/verf\u00fcgbar ist.<\/p>\n<p style=\"text-align: left;\"><br><\/p>\n<p style=\"text-align: left;\"><b>BUCHUNGSBEDINGUNGEN DER AGENTUR<\/b><\/p>\n<p style=\"text-align: left;\">(Verwenden Sie dies, wenn Sie Workshops, Eintrittskarten oder F\u00fchrungen von Dritten verkaufen)<\/p>\n<p style=\"text-align: left;\"><b>1. Status der Agentur<\/b><\/p>\n<p style=\"text-align: left;\">Dieser Abschnitt gilt f\u00fcr Buchungen, die wir f\u00fcr Sie vornehmen, wenn wir als Buchungsvermittler auftreten.<br>Ihr Vertrag: Wenn wir einen Workshop, eine Unterkunft oder eine Tour eines Drittanbieters buchen, besteht Ihr Vertrag mit dem Anbieter (z. B. dem Hotel oder der Attraktion), nicht mit uns.<br>Bedingungen des Anbieters: F\u00fcr Ihre Buchung gelten die Allgemeinen Gesch\u00e4ftsbedingungen des Anbieters. Wir empfehlen Ihnen, diese sorgf\u00e4ltig zu lesen.<\/p>\n<p style=\"text-align: left;\"><b>2. Haftung<\/b><\/p>\n<p style=\"text-align: left;\">Rolle: Als Vermittler \u00fcbernehmen wir keine Verantwortung f\u00fcr die Handlungen oder Unterlassungen des Anbieters oder f\u00fcr die tats\u00e4chliche Bereitstellung der Arrangements.<br>Grenze: Unsere maximale Haftung Ihnen gegen\u00fcber in Bezug auf Vermittlungsbuchungen ist auf das Doppelte der Kosten Ihrer Buchung begrenzt.<\/p>\n<p style=\"text-align: left;\"><b>3. \u00c4nderungen und Stornierungen<\/b><\/p>\n<p style=\"text-align: left;\">Regeln des Anbieters: Wenn Sie stornieren oder \u00e4ndern, kann der Anbieter Stornogeb\u00fchren erheben (bis zu 100%).<br>Verwaltungsgeb\u00fchr: Wir k\u00f6nnen eine Verwaltungsgeb\u00fchr von \u00a325,00 pro \u00c4nderung zus\u00e4tzlich zu den Geb\u00fchren des Anbieters erheben.<\/p>\n<p style=\"text-align: left;\"><br><\/p>\n<p style=\"text-align: left;\"><b>PAKETBUCHUNGSBEDINGUNGEN<\/b><\/p>\n<p style=\"text-align: left;\">(NUR verwenden, wenn Unterkunft + Transport\/Reisen als Hauptleistung geb\u00fcndelt werden)<\/p>\n<p style=\"text-align: left;\"><b>1. Der Vertrag<\/b><\/p>\n<p style=\"text-align: left;\">Diese Bedingungen gelten f\u00fcr Pauschalbuchungen, bei denen wir als Veranstalter gem\u00e4\u00df der Verordnung \u00fcber Pauschalreisen und verbundene Reisearrangements 2018 auftreten.<\/p>\n<p style=\"text-align: left;\"><b>2. Finanzieller Schutz (ABTOT)<\/b><\/p>\n<p style=\"text-align: left;\">Die Association of Bonded Travel Organisers Trust Limited (ABTOT) bietet im Rahmen der The Package Travel and Linked Travel Arrangements Regulations 2018 finanziellen Schutz f\u00fcr Duke Travel Ltd, Mitgliedschaftsnummer 5572, und im Falle ihrer Insolvenz ist der Schutz gew\u00e4hrleistet:<br>Pauschalreisen ohne Flug ABTOT bietet eine R\u00fcckerstattung f\u00fcr den Fall, dass Sie die Reise noch nicht angetreten haben, oder eine R\u00fcckf\u00fchrung, wenn der Transport in Ihrer Pauschalreise enthalten war. Bitte beachten Sie, dass Buchungen au\u00dferhalb des Vereinigten K\u00f6nigreichs nur dann durch ABTOT gesch\u00fctzt sind, wenn sie direkt bei Duke Travel Ltd. erworben wurden.<\/p>\n<p style=\"text-align: left;\"><b>3. Buchung &amp; Bezahlung<\/b><\/p>\n<p style=\"text-align: left;\">Anzahlung: Zum Zeitpunkt der Buchung ist eine nicht erstattungsf\u00e4hige Anzahlung von 25% des Gesamtwerts der Buchung erforderlich.<br>Restbetrag: Der Restbetrag ist 10 Wochen (70 Tage) vor dem Anreisedatum f\u00e4llig.<br>Sp\u00e4te Buchung: Bei Buchungen, die innerhalb von 10 Wochen vor der Ankunft erfolgen, ist der volle Betrag sofort zu zahlen.<\/p>\n<p style=\"text-align: left;\"><b>4. Besondere Ereignisse (TT &amp; Manx Grand Prix)<\/b><\/p>\n<p style=\"text-align: left;\">Buchungen f\u00fcr Reisen w\u00e4hrend des Isle of Man TT Festival oder des Manx Grand Prix unterliegen strengen Bedingungen:<br>Nicht erstattungsf\u00e4hig: Diese Buchungen sind 100% nicht erstattungsf\u00e4hig und nicht \u00fcbertragbar sofort nach der Buchung.<\/p>\n<p style=\"text-align: left;\"><b>5. Preisgestaltung &amp; Zuschl\u00e4ge<\/b><\/p>\n<p style=\"text-align: left;\">Wir behalten uns das Recht vor, die Preise f\u00fcr nicht verkaufte Reisen zu \u00e4ndern. Innerhalb von 30 Tagen vor Reiseantritt werden wir den Preis f\u00fcr Ihren Urlaub nicht \u00e4ndern. Wir \u00fcbernehmen die ersten 2% jeder Kostenerh\u00f6hung (z. B. Treibstoff), dar\u00fcber hinausgehende Erh\u00f6hungen werden Ihnen in Rechnung gestellt.<\/p>\n<p style=\"text-align: left;\"><b>6. Stornierung durch Sie<\/b><\/p>\n<p style=\"text-align: left;\">Wenn Sie Ihr Paket stornieren (au\u00dferhalb der TT\/MGP-Termine), fallen die folgenden Geb\u00fchren an:<br>Mehr als 70 Tage: Verlust der Kaution (25%).<br>29 - 69 Tage: 50% des gesamten Paketpreises.<br>28 Tage oder weniger: 100% des gesamten Paketpreises.<\/p>\n<p style=\"text-align: left;\"><b>7. Wenn WIR Ihren Urlaub \u00e4ndern oder stornieren<\/b><\/p>\n<p style=\"text-align: left;\">Geringf\u00fcgige \u00c4nderungen: Wir behalten uns das Recht vor, geringf\u00fcgige \u00c4nderungen vorzunehmen (z. B. \u00c4nderung der Unterkunft auf einen \u00e4hnlichen Standard). Wir werden Sie benachrichtigen, aber es wird keine Entsch\u00e4digung f\u00e4llig.<br>Gr\u00f6\u00dfere \u00c4nderungen: Wenn wir eine gr\u00f6\u00dfere \u00c4nderung vornehmen (z. B. \u00c4nderung der Daten oder Herabsetzung des Unterkunftsstandards), k\u00f6nnen Sie:<br>Akzeptieren Sie die neue Regelung.<br>Akzeptieren Sie einen alternativen Urlaub (wir erstatten den Differenzbetrag, wenn er g\u00fcnstiger ist).<br>Stornieren Sie und erhalten Sie eine volle R\u00fcckerstattung.<br>Entsch\u00e4digung: Im Falle einer Stornierung oder wesentlichen \u00c4nderung (au\u00dfer bei h\u00f6herer Gewalt) zahlen wir eine Entsch\u00e4digung auf der Grundlage der K\u00fcndigungsfrist (Skala: Null f\u00fcr mehr als 70 Tage bis zu 40 \u00a3 f\u00fcr weniger als 14 Tage).<\/p>\n<p style=\"text-align: left;\"><b>8. Prompte Hilfe<\/b><\/p>\n<p style=\"text-align: left;\">Wenn Sie w\u00e4hrend Ihres Urlaubs in Schwierigkeiten geraten (auch wenn diese durch h\u00f6here Gewalt verursacht wurden), werden wir Ihnen angemessene Unterst\u00fctzung bieten, z. B. Informationen \u00fcber Gesundheitsdienste und Hilfe bei der Suche nach alternativen Kommunikationsm\u00f6glichkeiten oder einer Unterkunft.<\/p>\n<p style=\"text-align: left;\"><b>9. Haftung<\/b><\/p>\n<p style=\"text-align: left;\">Wir \u00fcbernehmen die Verantwortung f\u00fcr die Arrangements, die wir anbieten. Wir haften jedoch nicht f\u00fcr Nichterf\u00fcllung aufgrund von h\u00f6herer Gewalt, Dritten, die nicht mit den Dienstleistungen in Verbindung stehen, oder Ihren eigenen Handlungen\/Unterlassungen. Unsere Haftung (au\u00dfer bei Tod\/Verletzung) ist auf das Doppelte des gezahlten Preises beschr\u00e4nkt.<\/p>\n<p style=\"text-align: left;\"><b>10. Normen f\u00fcr Unterk\u00fcnfte<\/b><br>Bewertungen: Die Sterne-Bewertungen dienen nur zur Orientierung, und die Standards variieren von Land zu Land.<br>Benehmen: Wir behalten uns das Recht vor, Ihren Aufenthalt ohne R\u00fcckerstattung zu beenden, wenn Ihr Verhalten st\u00f6rend ist oder Sch\u00e4den verursacht.<\/p>\n<p style=\"text-align: left;\"><b>11. H\u00f6here Gewalt<\/b><\/p>\n<p style=\"text-align: left;\">Wir zahlen keine Entsch\u00e4digung, wenn wir Ihre Reise aufgrund ungew\u00f6hnlicher oder unvorhersehbarer Umst\u00e4nde, die au\u00dferhalb unserer Kontrolle liegen, stornieren oder \u00e4ndern m\u00fcssen. Dazu geh\u00f6ren Krieg, Unruhen, Naturkatastrophen und ung\u00fcnstige Wetterbedingungen (einschlie\u00dflich F\u00e4hr-\/Flugstreichungen aufgrund von Nebel oder rauer See).<\/p>\n<p style=\"text-align: left;\"><br><\/p>\n<p style=\"text-align: left;\"><b>TICKETBEDINGUNGEN F\u00dcR VERANSTALTUNGEN UND BEWIRTUNG<\/b><\/p>\n<p style=\"text-align: left;\"><b>1. Der Vertrag<\/b><\/p>\n<p style=\"text-align: left;\">Diese Bedingungen gelten f\u00fcr die Buchung von Veranstaltungstickets, Trib\u00fcnenpl\u00e4tzen und VIP-Bewirtungspaketen (\u201cTickets\u201d) bei Duke Travel Limited, handelnd als Isle of Man Experiences.<\/p>\n<p style=\"text-align: left;\">Bezahlung: Die vollst\u00e4ndige Zahlung ist sofort zum Zeitpunkt der Buchung erforderlich, um diese Tickets zu sichern.<br>Verbindlich: Mit Ihrer Buchung best\u00e4tigen Sie, dass Sie diese besonderen Bedingungen akzeptieren, die Vorrang vor den normalen Stornierungsbedingungen haben.<\/p>\n<p style=\"text-align: left;\"><b>2. Stornierung und \u00dcberweisungen Aufgrund der besonderen Natur der Isle of Man TT und Classic TT Veranstaltungen:<\/b><\/p>\n<p style=\"text-align: left;\">Nicht erstattungsf\u00e4hig: Alle Tickets und Hospitality-Pakete sind 100% ab dem Zeitpunkt der Buchung nicht erstattungsf\u00e4hig.<br>Nicht \u00fcbertragbar: Die Tickets k\u00f6nnen nicht umgetauscht, auf eine andere Person \u00fcbertragen oder zu kommerziellen Zwecken weiterverkauft werden.<br>Keine Ausnahmen: Unabh\u00e4ngig von den pers\u00f6nlichen Umst\u00e4nden (z. B. Krankheit oder Reiseversp\u00e4tung) k\u00f6nnen wir keine R\u00fcckerstattung f\u00fcr ungewollte Tickets anbieten. Wir empfehlen Ihnen dringend, eine angemessene Reiseversicherung abzuschlie\u00dfen, um solche Risiken abzudecken.<\/p>\n<p style=\"text-align: left;\"><b>3. Altersbeschr\u00e4nkungen (VIP-Hospitality)<\/b><\/p>\n<p style=\"text-align: left;\">Streng 18+: Der Zutritt zu den VIP-Hospitality-Suiten\/Zelten ist streng auf Personen \u00fcber 18 Jahre beschr\u00e4nkt.<br>Ausweiskontrollen: Ein Altersnachweis (Reisepass oder F\u00fchrerschein) kann am Eingang verlangt werden.<br>Verweigerung des Einlasses: Wenn ein Gast als minderj\u00e4hrig eingestuft wird oder sein Alter nicht nachweisen kann, wird ihm der Eintritt verweigert. In diesem Fall wird keine Erstattung gew\u00e4hrt.<\/p>\n<p style=\"text-align: left;\"><b>4. Zeitplan der Veranstaltung &amp; Rennen<\/b><\/p>\n<p style=\"text-align: left;\">Wetterabh\u00e4ngigkeit: Motorradrennen auf der Isle of Man sind abh\u00e4ngig von den Wetterbedingungen und der Verkehrssicherheit. Die Renntermine sind vorl\u00e4ufig und k\u00f6nnen von den Rennveranstaltern (ACU Events Ltd\/Isle of Man Government) ge\u00e4ndert oder abgesagt werden.<br>Verf\u00fcgbarkeit der Hospitality-Einrichtungen: Die Hospitality-Einrichtungen bleiben in der Regel ge\u00f6ffnet, und die Dienstleistungen (Verpflegung\/Getr\u00e4nke) werden am gebuchten Datum erbracht, unabh\u00e4ngig davon, ob ein Rennen stattfindet. F\u00fcr Hospitality-Pakete werden keine R\u00fcckerstattungen f\u00e4llig, wenn das Rennen aufgrund von Wetter oder h\u00f6herer Gewalt verschoben oder abgesagt wird.<br>Trib\u00fcnenkarten: Erstattungen f\u00fcr Trib\u00fcnenkarten aufgrund von Rennabsagen unterliegen streng den offiziellen Erstattungsrichtlinien des Rennveranstalters (z. B. der Regierung der Isle of Man). Wir sind Ihnen bei diesem Verfahren behilflich, haften jedoch nicht, wenn die Richtlinien des Veranstalters eine Erstattung nicht zulassen.<\/p>\n<p style=\"text-align: left;\"><b>5. Ticketlieferung<\/b><\/p>\n<p style=\"text-align: left;\">Format: Die Tickets k\u00f6nnen je nach Veranstaltung als E-Tickets (QR-Codes) oder als gedruckte Tickets\/Armb\u00e4nder ausgegeben werden.<br>Physische Fahrkarten: Wenn physische Tickets verloren gehen, gestohlen oder besch\u00e4digt werden, nachdem Sie sie erhalten haben, k\u00f6nnen sie weder ersetzt noch neu ausgestellt werden.<br>Nicht-Erhalt: Sie m\u00fcssen uns mindestens 72 Stunden vor der Veranstaltung benachrichtigen, wenn Sie Ihre Eintrittskarten nicht erhalten haben. Wir haften nicht f\u00fcr Karten, die auf dem Postweg verloren gehen, es sei denn, es liegt ein Vers\u00e4umnis unsererseits vor.<\/p>\n<p style=\"text-align: left;\"><b>6. Verhalten &amp; Alkohol<\/b><\/p>\n<p style=\"text-align: left;\">Regeln des Veranstaltungsortes: Der Zutritt unterliegt den Vorschriften des Veranstalters. Sie k\u00f6nnen beim Einlass durchsucht werden.<br>Benehmen: Wir (und die Veranstaltungsleitung) behalten uns das Recht vor, Personen, deren Verhalten st\u00f6rend oder gef\u00e4hrlich ist oder die unter \u00fcberm\u00e4\u00dfigem Alkoholeinfluss stehen, den Zutritt zu verweigern oder sie von der Veranstaltung zu verweisen. Unter diesen Umst\u00e4nden wird keine Erstattung gezahlt.<br>Alkohol: Alkohol muss verantwortungsbewusst konsumiert werden. Die Veranstaltungsorte verfolgen eine strenge Politik in Bezug auf den Ausschank von Alkohol und k\u00f6nnen nach eigenem Ermessen den Ausschank an Personen einstellen.<\/p>\n<p style=\"text-align: left;\"><b>7. Haftung<\/b><\/p>\n<p style=\"text-align: left;\">Agentur-Status: Wenn wir Eintrittskarten f\u00fcr eine Veranstaltung verkaufen, die von einem Dritten (z. B. IOM Govt) organisiert wird, handeln wir als Vermittler. Unsere Haftung ist auf den f\u00fcr die Eintrittskarte gezahlten Preis beschr\u00e4nkt. Wir haften nicht f\u00fcr Folgesch\u00e4den (z. B. \u00dcbernachtungs- oder Reisekosten), wenn die Veranstaltung abgesagt wird.<\/p>\t\t\t\t\t\t\t\t<\/div>\n\t\t\t\t<\/div>\n\t\t\t\t\t<\/div>\n\t\t<\/div>\n\t\t\t\t\t<\/div>\n\t\t<\/section>\n\t\t\t\t<\/div>","protected":false},"excerpt":{"rendered":"<p>Terms &amp; Conditions Terms &amp; Conditions 1. The Contract&nbsp; These Booking Conditions apply to your booking with Duke Travel Limited trading as Isle of Man Experiences, Isle of Man Company Number 131439C, with its registered office at Champion House, Tromode, Isle of Man IM99 1DD (&#8220;we&#8221;, &#8220;us&#8221;, &#8220;our&#8221;). Binding Agreement: By making a booking, you [&hellip;]<\/p>\n","protected":false},"author":1,"featured_media":0,"parent":0,"menu_order":0,"comment_status":"closed","ping_status":"closed","template":"elementor_header_footer","meta":{"footnotes":""},"experience-type":[],"event":[],"class_list":["post-23592","page","type-page","status-publish","hentry"],"_links":{"self":[{"href":"https:\/\/www.isleofmanexperiences.com\/de\/wp-json\/wp\/v2\/pages\/23592","targetHints":{"allow":["GET"]}}],"collection":[{"href":"https:\/\/www.isleofmanexperiences.com\/de\/wp-json\/wp\/v2\/pages"}],"about":[{"href":"https:\/\/www.isleofmanexperiences.com\/de\/wp-json\/wp\/v2\/types\/page"}],"author":[{"embeddable":true,"href":"https:\/\/www.isleofmanexperiences.com\/de\/wp-json\/wp\/v2\/users\/1"}],"replies":[{"embeddable":true,"href":"https:\/\/www.isleofmanexperiences.com\/de\/wp-json\/wp\/v2\/comments?post=23592"}],"version-history":[{"count":3,"href":"https:\/\/www.isleofmanexperiences.com\/de\/wp-json\/wp\/v2\/pages\/23592\/revisions"}],"predecessor-version":[{"id":23595,"href":"https:\/\/www.isleofmanexperiences.com\/de\/wp-json\/wp\/v2\/pages\/23592\/revisions\/23595"}],"wp:attachment":[{"href":"https:\/\/www.isleofmanexperiences.com\/de\/wp-json\/wp\/v2\/media?parent=23592"}],"wp:term":[{"taxonomy":"experience-type","embeddable":true,"href":"https:\/\/www.isleofmanexperiences.com\/de\/wp-json\/wp\/v2\/experience-type?post=23592"},{"taxonomy":"event","embeddable":true,"href":"https:\/\/www.isleofmanexperiences.com\/de\/wp-json\/wp\/v2\/event?post=23592"}],"curies":[{"name":"wp","href":"https:\/\/api.w.org\/{rel}","templated":true}]}}