{"id":722,"date":"2025-04-24T17:16:52","date_gmt":"2025-04-24T17:16:52","guid":{"rendered":"https:\/\/www.isleofmanexperiences.com\/?page_id=722"},"modified":"2025-08-12T14:24:12","modified_gmt":"2025-08-12T14:24:12","slug":"isle-of-man-motor-museum-tt-kurstour","status":"publish","type":"page","link":"https:\/\/www.isleofmanexperiences.com\/de\/isle-of-man-motor-museum-tt-course-tour\/","title":{"rendered":"Isle of Man Motor Museum &amp; TT Course Tour"},"content":{"rendered":"<div data-elementor-type=\"wp-page\" data-elementor-id=\"722\" class=\"elementor elementor-722\" data-elementor-post-type=\"page\">\n\t\t\t\t\t\t<section class=\"elementor-section elementor-top-section elementor-element elementor-element-57f55f92 elementor-section-boxed elementor-section-height-default elementor-section-height-default\" data-id=\"57f55f92\" data-element_type=\"section\" data-e-type=\"section\" data-settings=\"{&quot;background_background&quot;:&quot;classic&quot;}\">\n\t\t\t\t\t\t\t<div class=\"elementor-background-overlay\"><\/div>\n\t\t\t\t\t\t\t<div class=\"elementor-container elementor-column-gap-default\">\n\t\t\t\t\t<div class=\"elementor-column elementor-col-100 elementor-top-column elementor-element elementor-element-7c3a86e\" data-id=\"7c3a86e\" data-element_type=\"column\" data-e-type=\"column\">\n\t\t\t<div class=\"elementor-widget-wrap elementor-element-populated\">\n\t\t\t\t\t\t<div class=\"elementor-element elementor-element-4962e434 elementor-widget elementor-widget-heading\" data-id=\"4962e434\" data-element_type=\"widget\" data-e-type=\"widget\" data-widget_type=\"heading.default\">\n\t\t\t\t<div class=\"elementor-widget-container\">\n\t\t\t\t\t<h2 class=\"elementor-heading-title elementor-size-default\">Isle of Man TT-Erlebnisse<\/h2>\t\t\t\t<\/div>\n\t\t\t\t<\/div>\n\t\t\t\t\t<\/div>\n\t\t<\/div>\n\t\t\t\t\t<\/div>\n\t\t<\/section>\n\t\t<div class=\"elementor-element elementor-element-73121f7a e-flex e-con-boxed e-con e-parent\" data-id=\"73121f7a\" data-element_type=\"container\" data-e-type=\"container\">\n\t\t\t\t\t<div class=\"e-con-inner\">\n\t\t<div class=\"elementor-element elementor-element-2d240c36 e-con-full e-flex e-con e-child\" data-id=\"2d240c36\" data-element_type=\"container\" data-e-type=\"container\">\n\t\t\t\t<div class=\"elementor-element elementor-element-16b6a1d6 elementor-widget elementor-widget-heading\" data-id=\"16b6a1d6\" data-element_type=\"widget\" data-e-type=\"widget\" data-widget_type=\"heading.default\">\n\t\t\t\t<div class=\"elementor-widget-container\">\n\t\t\t\t\t<h2 class=\"elementor-heading-title elementor-size-default\">Isle of Man TT Kurs &amp; Motor Museum Tour<\/h2>\t\t\t\t<\/div>\n\t\t\t\t<\/div>\n\t\t\t\t<div class=\"elementor-element elementor-element-7371a963 elementor-widget elementor-widget-image\" data-id=\"7371a963\" data-element_type=\"widget\" data-e-type=\"widget\" data-widget_type=\"image.default\">\n\t\t\t\t<div class=\"elementor-widget-container\">\n\t\t\t\t\t\t\t\t\t\t\t\t\t\t\t<img fetchpriority=\"high\" decoding=\"async\" width=\"768\" height=\"512\" src=\"https:\/\/www.isleofmanexperiences.com\/wp-content\/uploads\/2025\/04\/52290577307_4adaac32b8_k-768x512.jpg\" class=\"attachment-medium_large size-medium_large wp-image-567\" alt=\"\" srcset=\"https:\/\/www.isleofmanexperiences.com\/wp-content\/uploads\/2025\/04\/52290577307_4adaac32b8_k-768x512.jpg 768w, https:\/\/www.isleofmanexperiences.com\/wp-content\/uploads\/2025\/04\/52290577307_4adaac32b8_k-300x200.jpg 300w, https:\/\/www.isleofmanexperiences.com\/wp-content\/uploads\/2025\/04\/52290577307_4adaac32b8_k-1024x683.jpg 1024w, https:\/\/www.isleofmanexperiences.com\/wp-content\/uploads\/2025\/04\/52290577307_4adaac32b8_k-1536x1024.jpg 1536w, https:\/\/www.isleofmanexperiences.com\/wp-content\/uploads\/2025\/04\/52290577307_4adaac32b8_k.jpg 2048w\" sizes=\"(max-width: 768px) 100vw, 768px\" \/>\t\t\t\t\t\t\t\t\t\t\t\t\t\t\t<\/div>\n\t\t\t\t<\/div>\n\t\t\t\t<div class=\"elementor-element elementor-element-1e905683 elementor-widget elementor-widget-text-editor\" data-id=\"1e905683\" data-element_type=\"widget\" data-e-type=\"widget\" data-widget_type=\"text-editor.default\">\n\t\t\t\t<div class=\"elementor-widget-container\">\n\t\t\t\t\t\t\t\t\t<h4><strong>\u00dcbersicht<\/strong><\/h4><p data-sourcepos=\"51:1-51:341\">Tauchen Sie mit unserer ultimativen Isle of Man TT Course &amp; Motor Museum Tour in das Herz der legend\u00e4ren Rennsportkultur der Isle of Man ein. Dieses einzigartige Erlebnis ist ein Muss f\u00fcr alle Motorradrennsportfans und Motorsportler, die die Insel besuchen, und bietet eine unvergleichliche Reise in die Welt der Isle of Man TT-Rennen.<\/p><p data-sourcepos=\"53:1-53:491\">Ihr Abenteuer beginnt mit einer aufregenden gef\u00fchrten Runde auf dem weltber\u00fchmten TT-Kurs. Unser sachkundiger lokaler Experte f\u00fchrt Sie durch jede ikonische Kurve und Gerade und erz\u00e4hlt Ihnen die reiche Geschichte der TT von ihren bescheidenen Anf\u00e4ngen im Jahr 1907 bis zu den j\u00fcngsten Veranstaltungen, bei denen die besten TT-Rennfahrer unglaubliche Geschwindigkeiten von \u00fcber 200 Meilen pro Stunde und durchschnittliche Rundengeschwindigkeiten von \u00fcber 136 Meilen pro Stunde erreicht haben. Entdecken Sie die Geschichten hinter dem gef\u00e4hrlichsten Stra\u00dfenrennen der Welt und sp\u00fcren Sie das Verm\u00e4chtnis der TT-Legenden.<\/p><p data-sourcepos=\"55:1-55:555\">Nachdem Sie die H\u00e4lfte des legend\u00e4ren Kurses erlebt haben, geht Ihre Isle of Man Motorradtour mit einem faszinierenden Halt am Isle of Man Motor Museum weiter. Hier werden Sie von einer umfangreichen, einzigartigen Sammlung von \u00fcber 500 Fahrzeugen in den Bann gezogen. Von Pioniermodellen wie dem Ford Model T bis hin zu den aktuellen TT-Rennmaschinen des Lokalmatadors Conor Cummins (Kawasaki ZX-10R von 2009) und des mehrfachen Champions John McGuinness (Honda RLR 400 von 2004). Erleben Sie Motorr\u00e4der, die von anderen TT-Ikonen wie Joey Dunlop, Richard \u2018Milky\u2019 Quayle und Steve Hislop gefahren wurden.<\/p><p data-sourcepos=\"57:1-57:218\">Verbringen Sie Stunden mit der Bewunderung der Manx-Motorradgeschichte und einer wahrhaft traumhaften Sammlung f\u00fcr jeden Motorradliebhaber. Diese Isle of Man Racing Tour ist der perfekte Weg, um die tiefe Verbundenheit der Insel mit dem Motorsport zu erkunden.<\/p>\t\t\t\t\t\t\t\t<\/div>\n\t\t\t\t<\/div>\n\t\t\t\t<div class=\"elementor-element elementor-element-78ede1d elementor-widget elementor-widget-text-editor\" data-id=\"78ede1d\" data-element_type=\"widget\" data-e-type=\"widget\" data-widget_type=\"text-editor.default\">\n\t\t\t\t<div class=\"elementor-widget-container\">\n\t\t\t\t\t\t\t\t\t<h4><strong>Was ist inbegriffen?<\/strong><\/h4><ul><li><b>Bequeme Abholung<\/b>: Genie\u00dfen Sie eine stressfreie Reise mit kostenloser Abholung von Ihrer Unterkunft oder einem zentral gelegenen Treffpunkt in Douglas, Isle of Man.<\/li><li data-sourcepos=\"20:1-20:212\"><b>Expertengef\u00fchrter TT-Kurs Runde:<\/b> Begeben Sie sich auf eine aufregende, gef\u00fchrte Runde \u00fcber die legend\u00e4re TT-Strecke der Isle of Man, die mit Live-Kommentaren von Experten zum Leben erweckt wird, die Insiderwissen und historische Einblicke vermitteln.<\/li><li data-sourcepos=\"21:1-21:198\"><b>Isle of Man Motor Museum Eintritt<\/b>: Die Eintrittskarten f\u00fcr das ber\u00fchmte Isle of Man Motor Museum, das eine umfangreiche Sammlung historischer Fahrzeuge und TT-Rennmaschinen beherbergt, sind im Preis enthalten.<\/li><li data-sourcepos=\"22:1-23:0\"><b>Exklusiver Zugang zum Workshop<\/b>: Bei einer speziellen F\u00fchrung durch die Werkstatt des Museums k\u00f6nnen Sie einen Blick hinter die Kulissen werfen und erhalten einen einzigartigen Einblick in die Restaurierung und Konservierung von Fahrzeugen.<\/li><\/ul>\t\t\t\t\t\t\t\t<\/div>\n\t\t\t\t<\/div>\n\t\t\t\t<div class=\"elementor-element elementor-element-8e61c8f elementor-widget elementor-widget-text-editor\" data-id=\"8e61c8f\" data-element_type=\"widget\" data-e-type=\"widget\" data-widget_type=\"text-editor.default\">\n\t\t\t\t<div class=\"elementor-widget-container\">\n\t\t\t\t\t\t\t\t\t<p data-sourcepos=\"38:1-38:63\"><strong>Sind Sie bereit, die ultimative Isle of Man Motoring Tour zu erleben?<\/strong><\/p><p data-sourcepos=\"40:1-40:227\">Diese unvergessliche Tour zur Isle of Man ist Ihre Chance, das Rennsport-Erbe der Insel hautnah zu erleben. Sichern Sie sich noch heute Ihren Platz und tauchen Sie ein in die Welt der TT!<\/p><p data-sourcepos=\"42:1-42:17\"><strong>Details zur Tour:<\/strong><\/p><ul data-sourcepos=\"43:1-46:0\"><li data-sourcepos=\"43:1-43:96\"><strong>Abfahrtszeit:<\/strong> 09:30 AM von <strong>Douglas<\/strong> (der genaue Abholort wird bei der Buchung best\u00e4tigt).<\/li><li data-sourcepos=\"44:1-44:87\"><strong>R\u00fcckkehrzeit:<\/strong> Etwa um 13:00 Uhr vom <strong>Isle of Man Motor Museum<\/strong> (Jurby).<\/li><li data-sourcepos=\"45:1-46:0\"><strong>Dauer:<\/strong> Ungef\u00e4hr 3,5 Stunden immersiver <strong>Erkundung der Isle of Man<\/strong>.<\/li><\/ul><p data-sourcepos=\"47:1-47:26\">\u00a0<\/p><p data-sourcepos=\"47:1-47:26\"><strong>Wichtige Informationen:<\/strong><\/p><ul data-sourcepos=\"48:1-50:0\"><li data-sourcepos=\"48:1-48:241\"><strong>Gr\u00f6\u00dfe der Gruppe:<\/strong> F\u00fcr die Durchf\u00fchrung dieser Tour ist eine Mindestteilnehmerzahl von 4 Personen erforderlich. In dem seltenen Fall, dass die Mindestteilnehmerzahl nicht erreicht wird, kann die Tour abgesagt werden. Wir werden Sie im Voraus benachrichtigen und Ihnen alternative Termine oder eine vollst\u00e4ndige R\u00fcckerstattung anbieten.<\/li><li data-sourcepos=\"49:1-50:0\"><strong>Im Voraus buchen:<\/strong> Aufgrund der Beliebtheit unserer gef\u00fchrten TT-Touren und der begrenzten Verf\u00fcgbarkeit empfehlen wir eine fr\u00fchzeitige Buchung, um Ihren Platz zu garantieren.<\/li><\/ul>\t\t\t\t\t\t\t\t<\/div>\n\t\t\t\t<\/div>\n\t\t\t\t<\/div>\n\t\t<div class=\"elementor-element elementor-element-6a93e9e7 e-con-full e-flex e-con e-child\" data-id=\"6a93e9e7\" data-element_type=\"container\" data-e-type=\"container\">\n\t\t\t\t<div class=\"elementor-element elementor-element-444c111 elementor-widget elementor-widget-text-editor\" data-id=\"444c111\" data-element_type=\"widget\" data-e-type=\"widget\" data-widget_type=\"text-editor.default\">\n\t\t\t\t<div class=\"elementor-widget-container\">\n\t\t\t\t\t\t\t\t\t<script src=\"https:\/\/assets.ticketinghub.com\/checkout.js\" data-widget=\"6663ad7f-d8ec-46f8-8742-5df9aa8e8b0a\"><span data-mce-type=\"bookmark\" style=\"display: inline-block; width: 0px; overflow: hidden; line-height: 0;\" class=\"mce_SELRES_start\">\ufeff<\/span><span data-mce-type=\"bookmark\" style=\"display: inline-block; width: 0px; overflow: hidden; line-height: 0;\" class=\"mce_SELRES_start\">\ufeff<\/span><\/script>\t\t\t\t\t\t\t\t<\/div>\n\t\t\t\t<\/div>\n\t\t\t\t<\/div>\n\t\t\t\t\t<\/div>\n\t\t\t\t<\/div>\n\t\t<div class=\"elementor-element elementor-element-2d95efa2 e-flex e-con-boxed e-con e-parent\" data-id=\"2d95efa2\" data-element_type=\"container\" data-e-type=\"container\">\n\t\t\t\t\t<div class=\"e-con-inner\">\n\t\t<div class=\"elementor-element elementor-element-74dfa3e7 e-con-full e-flex e-con e-child\" data-id=\"74dfa3e7\" data-element_type=\"container\" data-e-type=\"container\">\n\t\t\t\t<div class=\"elementor-element elementor-element-3244a3b elementor-widget elementor-widget-gallery\" data-id=\"3244a3b\" data-element_type=\"widget\" data-e-type=\"widget\" data-settings=\"{&quot;columns&quot;:3,&quot;aspect_ratio&quot;:&quot;4:3&quot;,&quot;lazyload&quot;:&quot;yes&quot;,&quot;gallery_layout&quot;:&quot;grid&quot;,&quot;columns_tablet&quot;:2,&quot;columns_mobile&quot;:1,&quot;gap&quot;:{&quot;unit&quot;:&quot;px&quot;,&quot;size&quot;:10,&quot;sizes&quot;:[]},&quot;gap_tablet&quot;:{&quot;unit&quot;:&quot;px&quot;,&quot;size&quot;:10,&quot;sizes&quot;:[]},&quot;gap_mobile&quot;:{&quot;unit&quot;:&quot;px&quot;,&quot;size&quot;:10,&quot;sizes&quot;:[]},&quot;link_to&quot;:&quot;file&quot;,&quot;overlay_background&quot;:&quot;yes&quot;,&quot;content_hover_animation&quot;:&quot;fade-in&quot;}\" data-widget_type=\"gallery.default\">\n\t\t\t\t<div class=\"elementor-widget-container\">\n\t\t\t\t\t\t\t<div class=\"elementor-gallery__container\">\n\t\t\t\t\t\t\t<a class=\"e-gallery-item elementor-gallery-item elementor-animated-content\" href=\"https:\/\/www.isleofmanexperiences.com\/wp-content\/uploads\/2025\/04\/IMG_9570-1.jpeg\" data-elementor-open-lightbox=\"yes\" data-elementor-lightbox-slideshow=\"3244a3b\" data-elementor-lightbox-title=\"IMG_9570-1.jpeg\" data-e-action-hash=\"#elementor-action%3Aaction%3Dlightbox%26settings%3DeyJpZCI6NTcwLCJ1cmwiOiJodHRwczpcL1wvd3d3LmlzbGVvZm1hbmV4cGVyaWVuY2VzLmNvbVwvd3AtY29udGVudFwvdXBsb2Fkc1wvMjAyNVwvMDRcL0lNR185NTcwLTEuanBlZyIsInNsaWRlc2hvdyI6IjMyNDRhM2IifQ%3D%3D\">\n\t\t\t\t\t<div class=\"e-gallery-image elementor-gallery-item__image\" data-thumbnail=\"https:\/\/www.isleofmanexperiences.com\/wp-content\/uploads\/2025\/04\/IMG_9570-1-768x576.jpeg\" data-width=\"768\" data-height=\"576\" aria-label=\"\" role=\"img\" ><\/div>\n\t\t\t\t\t\t\t\t\t\t\t<div class=\"elementor-gallery-item__overlay\"><\/div>\n\t\t\t\t\t\t\t\t\t\t\t\t\t\t<\/a>\n\t\t\t\t\t\t\t<a class=\"e-gallery-item elementor-gallery-item elementor-animated-content\" href=\"https:\/\/www.isleofmanexperiences.com\/wp-content\/uploads\/2025\/04\/IMG_4471.jpeg\" data-elementor-open-lightbox=\"yes\" data-elementor-lightbox-slideshow=\"3244a3b\" data-elementor-lightbox-title=\"IMG_4471.jpeg\" data-e-action-hash=\"#elementor-action%3Aaction%3Dlightbox%26settings%3DeyJpZCI6NTY5LCJ1cmwiOiJodHRwczpcL1wvd3d3LmlzbGVvZm1hbmV4cGVyaWVuY2VzLmNvbVwvd3AtY29udGVudFwvdXBsb2Fkc1wvMjAyNVwvMDRcL0lNR180NDcxLmpwZWciLCJzbGlkZXNob3ciOiIzMjQ0YTNiIn0%3D\">\n\t\t\t\t\t<div class=\"e-gallery-image elementor-gallery-item__image\" data-thumbnail=\"https:\/\/www.isleofmanexperiences.com\/wp-content\/uploads\/2025\/04\/IMG_4471-768x460.jpeg\" data-width=\"768\" data-height=\"460\" aria-label=\"\" role=\"img\" ><\/div>\n\t\t\t\t\t\t\t\t\t\t\t<div class=\"elementor-gallery-item__overlay\"><\/div>\n\t\t\t\t\t\t\t\t\t\t\t\t\t\t<\/a>\n\t\t\t\t\t\t\t<a class=\"e-gallery-item elementor-gallery-item elementor-animated-content\" href=\"https:\/\/www.isleofmanexperiences.com\/wp-content\/uploads\/2025\/04\/MotorM.jpeg\" data-elementor-open-lightbox=\"yes\" data-elementor-lightbox-slideshow=\"3244a3b\" data-elementor-lightbox-title=\"MotorM.jpeg\" data-e-action-hash=\"#elementor-action%3Aaction%3Dlightbox%26settings%3DeyJpZCI6NTY4LCJ1cmwiOiJodHRwczpcL1wvd3d3LmlzbGVvZm1hbmV4cGVyaWVuY2VzLmNvbVwvd3AtY29udGVudFwvdXBsb2Fkc1wvMjAyNVwvMDRcL01vdG9yTS5qcGVnIiwic2xpZGVzaG93IjoiMzI0NGEzYiJ9\">\n\t\t\t\t\t<div class=\"e-gallery-image elementor-gallery-item__image\" data-thumbnail=\"https:\/\/www.isleofmanexperiences.com\/wp-content\/uploads\/2025\/04\/MotorM-768x509.jpeg\" data-width=\"768\" data-height=\"509\" aria-label=\"\" role=\"img\" ><\/div>\n\t\t\t\t\t\t\t\t\t\t\t<div class=\"elementor-gallery-item__overlay\"><\/div>\n\t\t\t\t\t\t\t\t\t\t\t\t\t\t<\/a>\n\t\t\t\t\t<\/div>\n\t\t\t\t\t<\/div>\n\t\t\t\t<\/div>\n\t\t\t\t<\/div>\n\t\t<div class=\"elementor-element elementor-element-7f79315c e-con-full e-flex e-con e-child\" data-id=\"7f79315c\" data-element_type=\"container\" data-e-type=\"container\">\n\t\t\t\t<\/div>\n\t\t\t\t\t<\/div>\n\t\t\t\t<\/div>\n\t\t\t\t<\/div>","protected":false},"excerpt":{"rendered":"<p>Isle of Man TT Experiences Isle of Man TT Course &amp; Motor Museum Tour Overview Immerse yourself in the heart of the Isle of Man&#8217;s legendary motoring culture with our ultimate Isle of Man TT Course &amp; Motor Museum Tour. This unique experience is a must-do for any motorcycle racing fan or petrolhead visiting the [&hellip;]<\/p>\n","protected":false},"author":3,"featured_media":0,"parent":0,"menu_order":0,"comment_status":"closed","ping_status":"closed","template":"","meta":{"footnotes":""},"experience-type":[],"event":[],"class_list":["post-722","page","type-page","status-publish","hentry"],"_links":{"self":[{"href":"https:\/\/www.isleofmanexperiences.com\/de\/wp-json\/wp\/v2\/pages\/722","targetHints":{"allow":["GET"]}}],"collection":[{"href":"https:\/\/www.isleofmanexperiences.com\/de\/wp-json\/wp\/v2\/pages"}],"about":[{"href":"https:\/\/www.isleofmanexperiences.com\/de\/wp-json\/wp\/v2\/types\/page"}],"author":[{"embeddable":true,"href":"https:\/\/www.isleofmanexperiences.com\/de\/wp-json\/wp\/v2\/users\/3"}],"replies":[{"embeddable":true,"href":"https:\/\/www.isleofmanexperiences.com\/de\/wp-json\/wp\/v2\/comments?post=722"}],"version-history":[{"count":17,"href":"https:\/\/www.isleofmanexperiences.com\/de\/wp-json\/wp\/v2\/pages\/722\/revisions"}],"predecessor-version":[{"id":23232,"href":"https:\/\/www.isleofmanexperiences.com\/de\/wp-json\/wp\/v2\/pages\/722\/revisions\/23232"}],"wp:attachment":[{"href":"https:\/\/www.isleofmanexperiences.com\/de\/wp-json\/wp\/v2\/media?parent=722"}],"wp:term":[{"taxonomy":"experience-type","embeddable":true,"href":"https:\/\/www.isleofmanexperiences.com\/de\/wp-json\/wp\/v2\/experience-type?post=722"},{"taxonomy":"event","embeddable":true,"href":"https:\/\/www.isleofmanexperiences.com\/de\/wp-json\/wp\/v2\/event?post=722"}],"curies":[{"name":"wp","href":"https:\/\/api.w.org\/{rel}","templated":true}]}}