{"id":22550,"date":"2025-07-09T20:08:47","date_gmt":"2025-07-09T20:08:47","guid":{"rendered":"https:\/\/www.isleofmanexperiences.com\/?page_id=22550"},"modified":"2025-11-06T13:22:35","modified_gmt":"2025-11-06T13:22:35","slug":"visita-de-un-dia-a-la-destileria-fynoderee","status":"publish","type":"page","link":"https:\/\/www.isleofmanexperiences.com\/es\/fynoderee-distillery-day-tour\/","title":{"rendered":"Excursi\u00f3n de un d\u00eda a la destiler\u00eda Fynoderee"},"content":{"rendered":"<div data-elementor-type=\"wp-page\" data-elementor-id=\"22550\" class=\"elementor elementor-22550\" data-elementor-post-type=\"page\">\n\t\t\t\t\t\t<section class=\"elementor-section elementor-top-section elementor-element elementor-element-3aa1fb47 elementor-section-boxed elementor-section-height-default elementor-section-height-default\" data-id=\"3aa1fb47\" data-element_type=\"section\" data-e-type=\"section\" data-settings=\"{&quot;background_background&quot;:&quot;classic&quot;}\">\n\t\t\t\t\t\t\t<div class=\"elementor-background-overlay\"><\/div>\n\t\t\t\t\t\t\t<div class=\"elementor-container elementor-column-gap-default\">\n\t\t\t\t\t<div class=\"elementor-column elementor-col-100 elementor-top-column elementor-element elementor-element-6b309e3c\" data-id=\"6b309e3c\" data-element_type=\"column\" data-e-type=\"column\">\n\t\t\t<div class=\"elementor-widget-wrap elementor-element-populated\">\n\t\t\t\t\t\t<div class=\"elementor-element elementor-element-39a447f2 elementor-widget elementor-widget-heading\" data-id=\"39a447f2\" data-element_type=\"widget\" data-e-type=\"widget\" data-widget_type=\"heading.default\">\n\t\t\t\t<div class=\"elementor-widget-container\">\n\t\t\t\t\t<h2 class=\"elementor-heading-title elementor-size-default\">Experiencias en la Isla de Man<\/h2>\t\t\t\t<\/div>\n\t\t\t\t<\/div>\n\t\t\t\t\t<\/div>\n\t\t<\/div>\n\t\t\t\t\t<\/div>\n\t\t<\/section>\n\t\t<div class=\"elementor-element elementor-element-b005b2c e-flex e-con-boxed e-con e-parent\" data-id=\"b005b2c\" data-element_type=\"container\" data-e-type=\"container\">\n\t\t\t\t\t<div class=\"e-con-inner\">\n\t\t<div class=\"elementor-element elementor-element-3f227700 e-con-full e-flex e-con e-child\" data-id=\"3f227700\" data-element_type=\"container\" data-e-type=\"container\">\n\t\t\t\t<div class=\"elementor-element elementor-element-7bc19c50 elementor-widget elementor-widget-heading\" data-id=\"7bc19c50\" data-element_type=\"widget\" data-e-type=\"widget\" data-widget_type=\"heading.default\">\n\t\t\t\t<div class=\"elementor-widget-container\">\n\t\t\t\t\t<h2 class=\"elementor-heading-title elementor-size-default\">Visita a la destiler\u00eda Fynoderee - Ramsey<\/h2>\t\t\t\t<\/div>\n\t\t\t\t<\/div>\n\t\t\t\t<div class=\"elementor-element elementor-element-4d86474d elementor-widget elementor-widget-image\" data-id=\"4d86474d\" data-element_type=\"widget\" data-e-type=\"widget\" data-widget_type=\"image.default\">\n\t\t\t\t<div class=\"elementor-widget-container\">\n\t\t\t\t\t\t\t\t\t\t\t\t\t\t\t<img fetchpriority=\"high\" decoding=\"async\" width=\"768\" height=\"509\" src=\"https:\/\/www.isleofmanexperiences.com\/wp-content\/uploads\/2025\/04\/Layer-16-768x509.jpg\" class=\"attachment-medium_large size-medium_large wp-image-712\" alt=\"\" srcset=\"https:\/\/www.isleofmanexperiences.com\/wp-content\/uploads\/2025\/04\/Layer-16-768x509.jpg 768w, https:\/\/www.isleofmanexperiences.com\/wp-content\/uploads\/2025\/04\/Layer-16-300x199.jpg 300w, https:\/\/www.isleofmanexperiences.com\/wp-content\/uploads\/2025\/04\/Layer-16.jpg 800w\" sizes=\"(max-width: 768px) 100vw, 768px\" \/>\t\t\t\t\t\t\t\t\t\t\t\t\t\t\t<\/div>\n\t\t\t\t<\/div>\n\t\t\t\t<div class=\"elementor-element elementor-element-1f616e06 elementor-widget elementor-widget-text-editor\" data-id=\"1f616e06\" data-element_type=\"widget\" data-e-type=\"widget\" data-widget_type=\"text-editor.default\">\n\t\t\t\t<div class=\"elementor-widget-container\">\n\t\t\t\t\t\t\t\t\t<h4><strong>Visi\u00f3n general<\/strong><\/h4>\n<p>Pase una tarde descubriendo la magia de los licores de Manx en la galardonada destiler\u00eda Fynoderee, en el coraz\u00f3n de Ramsey. Esta atractiva experiencia comienza con un refrescante \u201cFyn &amp; Tonic\u201d a la llegada, seguido de una visita guiada que profundiza en el folclore, la artesan\u00eda y el car\u00e1cter que hay detr\u00e1s de uno de los productores de bebidas espirituosas m\u00e1s interesantes de la Isla de Man.<\/p>\n<p>Conocer\u00e1 las leyendas de Manx que inspiraron el nombre y la marca Fynoderee, explorar\u00e1 el almac\u00e9n de la destiler\u00eda en funcionamiento y descubrir\u00e1 c\u00f3mo se crea su gama de ginebras, vodka, ron y el pr\u00f3ximo whisky de malta de la Isla de Man. La visita concluye con una sesi\u00f3n de cata dirigida y tiempo para relajarse en el bar Fyn, donde podr\u00e1 comprar botellas y regalos exclusivos.<\/p>\t\t\t\t\t\t\t\t<\/div>\n\t\t\t\t<\/div>\n\t\t\t\t<div class=\"elementor-element elementor-element-349854a3 elementor-widget elementor-widget-text-editor\" data-id=\"349854a3\" data-element_type=\"widget\" data-e-type=\"widget\" data-widget_type=\"text-editor.default\">\n\t\t\t\t<div class=\"elementor-widget-container\">\n\t\t\t\t\t\t\t\t\t<h4><strong>Qu\u00e9 incluye<\/strong><\/h4><ul><li>Bienvenida \u201cFyn &amp; Tonic\u201d a la llegada<\/li><li>Visita guiada a la destiler\u00eda (14:00 - 15:30), con t<span style=\"background-color: transparent;\">a historia de Fynoderee y el folclore local, b<\/span><span style=\"background-color: transparent;\">l acceso entre bastidores a la zona de producci\u00f3n y un<\/span><span style=\"background-color: transparent;\">n visi\u00f3n general del proceso de destilaci\u00f3n y embotellado artesanal<\/span><\/li><li>Cata dirigida de Manx Dry Gins, Bumbee Vodka y Glashtyn Spiced Rum<\/li><li>Tiempo libre en The Fyn Bar y tienda de la destiler\u00eda<\/li><\/ul>\t\t\t\t\t\t\t\t<\/div>\n\t\t\t\t<\/div>\n\t\t\t\t<div class=\"elementor-element elementor-element-3f7dbb38 elementor-widget elementor-widget-text-editor\" data-id=\"3f7dbb38\" data-element_type=\"widget\" data-e-type=\"widget\" data-widget_type=\"text-editor.default\">\n\t\t\t\t<div class=\"elementor-widget-container\">\n\t\t\t\t\t\t\t\t\t<h4><strong>Informaci\u00f3n<\/strong><\/h4><p>Esta visita dura de 14:00 a 15:30. Se ruega llegar a la destiler\u00eda con tiempo suficiente antes del comienzo.<\/p><p>La destiler\u00eda es un entorno de trabajo con suelo irregular. Se ruega llevar calzado adecuado y una prenda de abrigo para las zonas m\u00e1s fr\u00edas. Actualmente no se puede acceder a la destiler\u00eda en silla de ruedas. Las visitas comienzan en la primera planta; p\u00f3ngase en contacto con nosotros con antelaci\u00f3n para estudiar otras alternativas.<\/p><p>Esta excursi\u00f3n no incluye transporte. Los visitantes deber\u00e1n desplazarse por su cuenta hasta y desde la destiler\u00eda Fynoderee de Ramsey. La destiler\u00eda Fynoderee est\u00e1 situada junto a la estaci\u00f3n de ferrocarril Manx Electric Railway y cerca de la estaci\u00f3n de autobuses de Ramsey.<\/p>\t\t\t\t\t\t\t\t<\/div>\n\t\t\t\t<\/div>\n\t\t\t\t<\/div>\n\t\t<div class=\"elementor-element elementor-element-1b2c5a3 e-con-full e-flex e-con e-child\" data-id=\"1b2c5a3\" data-element_type=\"container\" data-e-type=\"container\">\n\t\t\t\t<div class=\"elementor-element elementor-element-58bb0c2 elementor-widget elementor-widget-html\" data-id=\"58bb0c2\" data-element_type=\"widget\" data-e-type=\"widget\" data-widget_type=\"html.default\">\n\t\t\t\t<div class=\"elementor-widget-container\">\n\t\t\t\t\t<script src=\"https:\/\/assets.ticketinghub.com\/checkout.js\" data-widget=\"58fbb6e8-a1a4-4235-a4d6-d39d3c5f4af8\"><\/script>\t\t\t\t<\/div>\n\t\t\t\t<\/div>\n\t\t\t\t<\/div>\n\t\t\t\t\t<\/div>\n\t\t\t\t<\/div>\n\t\t\t\t<\/div>","protected":false},"excerpt":{"rendered":"<p>Isle of Man Experiences Fynoderee Distillery Tour &#8211; Ramsey Overview Spend an afternoon discovering the magic of Manx spirits at the award-winning Fynoderee Distillery in the heart of Ramsey. This engaging experience begins with a refreshing \u201cFyn &amp; Tonic\u201d on arrival, followed by a guided tour that delves into the folklore, craft, and character behind [&hellip;]<\/p>\n","protected":false},"author":3,"featured_media":0,"parent":0,"menu_order":0,"comment_status":"closed","ping_status":"closed","template":"","meta":{"footnotes":""},"experience-type":[],"event":[],"class_list":["post-22550","page","type-page","status-publish","hentry"],"_links":{"self":[{"href":"https:\/\/www.isleofmanexperiences.com\/es\/wp-json\/wp\/v2\/pages\/22550","targetHints":{"allow":["GET"]}}],"collection":[{"href":"https:\/\/www.isleofmanexperiences.com\/es\/wp-json\/wp\/v2\/pages"}],"about":[{"href":"https:\/\/www.isleofmanexperiences.com\/es\/wp-json\/wp\/v2\/types\/page"}],"author":[{"embeddable":true,"href":"https:\/\/www.isleofmanexperiences.com\/es\/wp-json\/wp\/v2\/users\/3"}],"replies":[{"embeddable":true,"href":"https:\/\/www.isleofmanexperiences.com\/es\/wp-json\/wp\/v2\/comments?post=22550"}],"version-history":[{"count":22,"href":"https:\/\/www.isleofmanexperiences.com\/es\/wp-json\/wp\/v2\/pages\/22550\/revisions"}],"predecessor-version":[{"id":23212,"href":"https:\/\/www.isleofmanexperiences.com\/es\/wp-json\/wp\/v2\/pages\/22550\/revisions\/23212"}],"wp:attachment":[{"href":"https:\/\/www.isleofmanexperiences.com\/es\/wp-json\/wp\/v2\/media?parent=22550"}],"wp:term":[{"taxonomy":"experience-type","embeddable":true,"href":"https:\/\/www.isleofmanexperiences.com\/es\/wp-json\/wp\/v2\/experience-type?post=22550"},{"taxonomy":"event","embeddable":true,"href":"https:\/\/www.isleofmanexperiences.com\/es\/wp-json\/wp\/v2\/event?post=22550"}],"curies":[{"name":"wp","href":"https:\/\/api.w.org\/{rel}","templated":true}]}}