{"id":22838,"date":"2025-09-18T15:31:28","date_gmt":"2025-09-18T15:31:28","guid":{"rendered":"https:\/\/www.isleofmanexperiences.com\/?page_id=22838"},"modified":"2026-04-24T08:17:23","modified_gmt":"2026-04-24T08:17:23","slug":"agente","status":"publish","type":"page","link":"https:\/\/www.isleofmanexperiences.com\/es\/agent\/","title":{"rendered":"Portal de agentes"},"content":{"rendered":"<div data-elementor-type=\"wp-page\" data-elementor-id=\"22838\" class=\"elementor elementor-22838\" data-elementor-post-type=\"page\">\n\t\t\t\t\t\t<section class=\"elementor-section elementor-top-section elementor-element elementor-element-300465a7 elementor-section-boxed elementor-section-height-default elementor-section-height-default\" data-id=\"300465a7\" data-element_type=\"section\" data-e-type=\"section\" data-settings=\"{&quot;background_background&quot;:&quot;classic&quot;}\">\n\t\t\t\t\t\t\t<div class=\"elementor-background-overlay\"><\/div>\n\t\t\t\t\t\t\t<div class=\"elementor-container elementor-column-gap-default\">\n\t\t\t\t\t<div class=\"elementor-column elementor-col-100 elementor-top-column elementor-element elementor-element-50770f5d\" data-id=\"50770f5d\" data-element_type=\"column\" data-e-type=\"column\">\n\t\t\t<div class=\"elementor-widget-wrap elementor-element-populated\">\n\t\t\t\t\t\t<div class=\"elementor-element elementor-element-392c9e8a elementor-widget elementor-widget-heading\" data-id=\"392c9e8a\" data-element_type=\"widget\" data-e-type=\"widget\" data-widget_type=\"heading.default\">\n\t\t\t\t<div class=\"elementor-widget-container\">\n\t\t\t\t\t<h1 class=\"elementor-heading-title elementor-size-default\">Portal de agentes<\/h1>\t\t\t\t<\/div>\n\t\t\t\t<\/div>\n\t\t\t\t\t<\/div>\n\t\t<\/div>\n\t\t\t\t\t<\/div>\n\t\t<\/section>\n\t\t\t\t<section class=\"elementor-section elementor-top-section elementor-element elementor-element-2ce8144d elementor-section-boxed elementor-section-height-default elementor-section-height-default\" data-id=\"2ce8144d\" data-element_type=\"section\" data-e-type=\"section\">\n\t\t\t\t\t\t<div class=\"elementor-container elementor-column-gap-default\">\n\t\t\t\t\t<div class=\"elementor-column elementor-col-100 elementor-top-column elementor-element elementor-element-4e72c13\" data-id=\"4e72c13\" data-element_type=\"column\" data-e-type=\"column\">\n\t\t\t<div class=\"elementor-widget-wrap elementor-element-populated\">\n\t\t\t\t\t\t<div class=\"elementor-element elementor-element-5921745 elementor-widget elementor-widget-heading\" data-id=\"5921745\" data-element_type=\"widget\" data-e-type=\"widget\" data-widget_type=\"heading.default\">\n\t\t\t\t<div class=\"elementor-widget-container\">\n\t\t\t\t\t<h1 class=\"elementor-heading-title elementor-size-default\">Asociarse con Isle of Man Experiences<\/h1>\t\t\t\t<\/div>\n\t\t\t\t<\/div>\n\t\t\t\t<div class=\"elementor-element elementor-element-7f571734 elementor-widget-divider--view-line elementor-widget elementor-widget-divider\" data-id=\"7f571734\" data-element_type=\"widget\" data-e-type=\"widget\" data-widget_type=\"divider.default\">\n\t\t\t\t<div class=\"elementor-widget-container\">\n\t\t\t\t\t\t\t<div class=\"elementor-divider\">\n\t\t\t<span class=\"elementor-divider-separator\">\n\t\t\t\t\t\t<\/span>\n\t\t<\/div>\n\t\t\t\t\t\t<\/div>\n\t\t\t\t<\/div>\n\t\t\t\t<div class=\"elementor-element elementor-element-57bfcd86 elementor-widget elementor-widget-text-editor\" data-id=\"57bfcd86\" data-element_type=\"widget\" data-e-type=\"widget\" data-widget_type=\"text-editor.default\">\n\t\t\t\t<div class=\"elementor-widget-container\">\n\t\t\t\t\t\t\t\t\t<h3><b>Acceso comercial a aut\u00e9nticas excursiones, actividades y paquetes en la Isla de Man.<\/b><\/h3><p>Trabajamos con operadores tur\u00edsticos, hoteles, agencias de viajes y proveedores de experiencias que desean a\u00f1adir la Isla de Man a su cartera. Nuestro portal comercial le da acceso a disponibilidad en tiempo real, tarifas con comisi\u00f3n y confirmaciones de reserva instant\u00e1neas, lo que simplifica la venta de la isla con confianza.<\/p><h3><b><u>Qu\u00e9 ofrecemos<\/u><\/b><\/h3><p><b>+ Productos comisionables<\/b> - visitas tur\u00edsticas, excursiones de un d\u00eda, paquetes de varios d\u00edas y actividades<br \/><b>+ Disponibilidad en directo y reserva instant\u00e1nea<\/b> a trav\u00e9s de nuestro portal de agentes<br \/><b>+ Apoyo de marca<\/b> - podemos crear p\u00e1ginas de reserva de marca compartida para su equipo o sus clientes<br \/><b>+ Soporte de cuenta dedicado<\/b> - un equipo local en la isla, aqu\u00ed para ayudarle a vender m\u00e1s<\/p><h3><b><u>C\u00f3mo funciona<\/u><\/b><\/h3><p><b>+ Solicitar acceso<\/b> - correo electr\u00f3nico <b>info@isleofmanexperiences.com<\/b> o ll\u00e1menos <b>+44 (0)1624 640044<\/b> para registrarse como socio comercial.<br \/><b>+ Obtenga su login<\/b> - le crearemos una cuenta de agente en nuestro sistema de reservas.<br \/><b>+ Iniciar reserva<\/b> - con\u00e9ctese en cualquier momento para comprobar la disponibilidad y confirmar al instante<\/p>\t\t\t\t\t\t\t\t<\/div>\n\t\t\t\t<\/div>\n\t\t\t\t\t<\/div>\n\t\t<\/div>\n\t\t\t\t\t<\/div>\n\t\t<\/section>\n\t\t\t\t<\/div>","protected":false},"excerpt":{"rendered":"<p>Agent Portal Partner with Isle of Man Experiences Trade access to authentic tours, activities, and packages on the Isle of Man. We work with tour operators, hotels, travel agents, and experience providers who want to add the Isle of Man to their portfolio. Our trade portal gives you access to live availability, commissionable rates, and [&hellip;]<\/p>\n","protected":false},"author":1,"featured_media":0,"parent":0,"menu_order":0,"comment_status":"closed","ping_status":"closed","template":"elementor_header_footer","meta":{"footnotes":""},"experience-type":[],"event":[],"class_list":["post-22838","page","type-page","status-publish","hentry"],"_links":{"self":[{"href":"https:\/\/www.isleofmanexperiences.com\/es\/wp-json\/wp\/v2\/pages\/22838","targetHints":{"allow":["GET"]}}],"collection":[{"href":"https:\/\/www.isleofmanexperiences.com\/es\/wp-json\/wp\/v2\/pages"}],"about":[{"href":"https:\/\/www.isleofmanexperiences.com\/es\/wp-json\/wp\/v2\/types\/page"}],"author":[{"embeddable":true,"href":"https:\/\/www.isleofmanexperiences.com\/es\/wp-json\/wp\/v2\/users\/1"}],"replies":[{"embeddable":true,"href":"https:\/\/www.isleofmanexperiences.com\/es\/wp-json\/wp\/v2\/comments?post=22838"}],"version-history":[{"count":10,"href":"https:\/\/www.isleofmanexperiences.com\/es\/wp-json\/wp\/v2\/pages\/22838\/revisions"}],"predecessor-version":[{"id":23919,"href":"https:\/\/www.isleofmanexperiences.com\/es\/wp-json\/wp\/v2\/pages\/22838\/revisions\/23919"}],"wp:attachment":[{"href":"https:\/\/www.isleofmanexperiences.com\/es\/wp-json\/wp\/v2\/media?parent=22838"}],"wp:term":[{"taxonomy":"experience-type","embeddable":true,"href":"https:\/\/www.isleofmanexperiences.com\/es\/wp-json\/wp\/v2\/experience-type?post=22838"},{"taxonomy":"event","embeddable":true,"href":"https:\/\/www.isleofmanexperiences.com\/es\/wp-json\/wp\/v2\/event?post=22838"}],"curies":[{"name":"wp","href":"https:\/\/api.w.org\/{rel}","templated":true}]}}