{"id":23601,"date":"2026-03-03T12:48:34","date_gmt":"2026-03-03T12:48:34","guid":{"rendered":"https:\/\/www.isleofmanexperiences.com\/?page_id=23601"},"modified":"2026-03-03T12:50:37","modified_gmt":"2026-03-03T12:50:37","slug":"ferrocarriles-de-la-isla-de-man","status":"publish","type":"page","link":"https:\/\/www.isleofmanexperiences.com\/es\/isle-of-man-railways\/","title":{"rendered":"Ferrocarriles de la Isla de Man"},"content":{"rendered":"<div data-elementor-type=\"wp-page\" data-elementor-id=\"23601\" class=\"elementor elementor-23601\" data-elementor-post-type=\"page\">\n\t\t\t\t\t\t<section class=\"elementor-section elementor-top-section elementor-element elementor-element-40d21fa6 elementor-section-boxed elementor-section-height-default elementor-section-height-default\" data-id=\"40d21fa6\" data-element_type=\"section\" data-e-type=\"section\" data-settings=\"{&quot;background_background&quot;:&quot;classic&quot;}\">\n\t\t\t\t\t\t\t<div class=\"elementor-background-overlay\"><\/div>\n\t\t\t\t\t\t\t<div class=\"elementor-container elementor-column-gap-default\">\n\t\t\t\t\t<div class=\"elementor-column elementor-col-100 elementor-top-column elementor-element elementor-element-381dde7\" data-id=\"381dde7\" data-element_type=\"column\" data-e-type=\"column\">\n\t\t\t<div class=\"elementor-widget-wrap elementor-element-populated\">\n\t\t\t\t\t\t<div class=\"elementor-element elementor-element-f5066b6 elementor-widget elementor-widget-heading\" data-id=\"f5066b6\" data-element_type=\"widget\" data-e-type=\"widget\" data-widget_type=\"heading.default\">\n\t\t\t\t<div class=\"elementor-widget-container\">\n\t\t\t\t\t<h2 class=\"elementor-heading-title elementor-size-default\">Ferrocarriles de la Isla de Man<\/h2>\t\t\t\t<\/div>\n\t\t\t\t<\/div>\n\t\t\t\t\t<\/div>\n\t\t<\/div>\n\t\t\t\t\t<\/div>\n\t\t<\/section>\n\t\t<div class=\"elementor-element elementor-element-7088551d e-flex e-con-boxed e-con e-parent\" data-id=\"7088551d\" data-element_type=\"container\" data-e-type=\"container\">\n\t\t\t\t\t<div class=\"e-con-inner\">\n\t\t<div class=\"elementor-element elementor-element-2e2b202b e-con-full e-flex e-con e-child\" data-id=\"2e2b202b\" data-element_type=\"container\" data-e-type=\"container\">\n\t\t\t\t<div class=\"elementor-element elementor-element-c7fcd4d elementor-widget elementor-widget-text-editor\" data-id=\"c7fcd4d\" data-element_type=\"widget\" data-e-type=\"widget\" data-widget_type=\"text-editor.default\">\n\t\t\t\t<div class=\"elementor-widget-container\">\n\t\t\t\t\t\t\t\t\t<p><b>Retroceda en el tiempo para conocer los emblem\u00e1ticos ferrocarriles y tranv\u00edas de la Isla de Man, que ofrecen un nost\u00e1lgico viaje a trav\u00e9s de su rica historia, su belleza natural y sus hitos culturales.<\/b><\/p>\t\t\t\t\t\t\t\t<\/div>\n\t\t\t\t<\/div>\n\t\t\t\t<div class=\"elementor-element elementor-element-1a37d0dc elementor-widget elementor-widget-image\" data-id=\"1a37d0dc\" data-element_type=\"widget\" data-e-type=\"widget\" data-widget_type=\"image.default\">\n\t\t\t\t<div class=\"elementor-widget-container\">\n\t\t\t\t\t\t\t\t\t\t\t\t\t\t\t<img fetchpriority=\"high\" decoding=\"async\" width=\"768\" height=\"320\" src=\"https:\/\/www.isleofmanexperiences.com\/wp-content\/uploads\/2025\/12\/visitiom_header_11-768x320.jpg\" class=\"attachment-medium_large size-medium_large wp-image-23470\" alt=\"\" srcset=\"https:\/\/www.isleofmanexperiences.com\/wp-content\/uploads\/2025\/12\/visitiom_header_11-768x320.jpg 768w, https:\/\/www.isleofmanexperiences.com\/wp-content\/uploads\/2025\/12\/visitiom_header_11-800x333.jpg 800w, https:\/\/www.isleofmanexperiences.com\/wp-content\/uploads\/2025\/12\/visitiom_header_11-1600x667.jpg 1600w, https:\/\/www.isleofmanexperiences.com\/wp-content\/uploads\/2025\/12\/visitiom_header_11-1536x640.jpg 1536w, https:\/\/www.isleofmanexperiences.com\/wp-content\/uploads\/2025\/12\/visitiom_header_11-2048x853.jpg 2048w\" sizes=\"(max-width: 768px) 100vw, 768px\" \/>\t\t\t\t\t\t\t\t\t\t\t\t\t\t\t<\/div>\n\t\t\t\t<\/div>\n\t\t\t\t<div class=\"elementor-element elementor-element-25b1de35 elementor-widget elementor-widget-text-editor\" data-id=\"25b1de35\" data-element_type=\"widget\" data-e-type=\"widget\" data-widget_type=\"text-editor.default\">\n\t\t\t\t<div class=\"elementor-widget-container\">\n\t\t\t\t\t\t\t\t\t<h4><strong>Ferrocarril de vapor de la Isla de Man<\/strong><\/h4><p>El Ferrocarril de Vapor de la Isla de Man data de 1873, lo que lo convierte en uno de los ferrocarriles de vapor m\u00e1s antiguos del mundo. Ofrece un viaje cautivador a trav\u00e9s de la hermosa campi\u00f1a manchega, desde Douglas hasta Port Erin, en el sur de la isla.\u00a0<\/p><p>Las locomotoras de vapor, meticulosamente conservadas, proporcionan un sabor aut\u00e9ntico y atmosf\u00e9rico del transporte victoriano. Disfrute del sonido del silbato de vapor, el tintineo de las ruedas sobre la v\u00eda y el olor de la m\u00e1quina de vapor, que contribuyen a la nostalgia.<\/p>\t\t\t\t\t\t\t\t<\/div>\n\t\t\t\t<\/div>\n\t\t\t\t<div class=\"elementor-element elementor-element-a88ecc7 elementor-widget elementor-widget-text-editor\" data-id=\"a88ecc7\" data-element_type=\"widget\" data-e-type=\"widget\" data-widget_type=\"text-editor.default\">\n\t\t\t\t<div class=\"elementor-widget-container\">\n\t\t\t\t\t\t\t\t\t<h4><strong>Ferrocarril el\u00e9ctrico de Manx<\/strong><\/h4><p>El Ferrocarril El\u00e9ctrico de Manx funciona desde 1893 y recorre la costa oriental de la Isla de Man, por lo que estos tranv\u00edas el\u00e9ctricos hist\u00f3ricos son una atracci\u00f3n de visita obligada.\u00a0<\/p><p>Estas maravillas son el sistema de tranv\u00edas en funcionamiento continuo m\u00e1s antiguo del mundo y ofrecen una vista \u00fanica de algunos de los impresionantes paisajes y costas de la isla de camino a Ramsey, en el norte de la isla. Elija entre los vagones al aire libre para disfrutar de la fresca brisa marina y tomar fotograf\u00edas sin obst\u00e1culos, o permanezca c\u00f3modamente en el interior para echar un vistazo al pasado.<\/p>\t\t\t\t\t\t\t\t<\/div>\n\t\t\t\t<\/div>\n\t\t\t\t<div class=\"elementor-element elementor-element-3cb7f9c elementor-widget elementor-widget-text-editor\" data-id=\"3cb7f9c\" data-element_type=\"widget\" data-e-type=\"widget\" data-widget_type=\"text-editor.default\">\n\t\t\t\t<div class=\"elementor-widget-container\">\n\t\t\t\t\t\t\t\t\t<h4><strong>Ferrocarril de monta\u00f1a de Snaefell<\/strong><\/h4><p>El ferrocarril de monta\u00f1a de Snaefell se inaugur\u00f3 en 1895 y es uno de los m\u00e1s singulares y pintorescos de la Isla de Man, ya que ofrece una emocionante forma de llegar al pico m\u00e1s alto de la isla, Snaefell, desde Laxey, en la costa este.\u00a0<\/p><p>El corto trayecto de 8 km atraviesa una impresionante mezcla de paisajes y asciende de forma constante hasta la cima de Snaefell, que en d\u00edas despejados ofrece una espectacular vista panor\u00e1mica de los \u2018Siete Reinos\u2019: la propia isla, Inglaterra, Irlanda, Escocia, Gales, el mar y el cielo.<\/p>\t\t\t\t\t\t\t\t<\/div>\n\t\t\t\t<\/div>\n\t\t\t\t<div class=\"elementor-element elementor-element-c543488 elementor-widget elementor-widget-text-editor\" data-id=\"c543488\" data-element_type=\"widget\" data-e-type=\"widget\" data-widget_type=\"text-editor.default\">\n\t\t\t\t<div class=\"elementor-widget-container\">\n\t\t\t\t\t\t\t\t\t<p>Con transporte p\u00fablico y pases patrimoniales incluidos, aseg\u00farese de incluir en su visita algunos de los lugares emblem\u00e1ticos del patrimonio de la isla, como la Gran Noria de Laxey, el Castillo de Rushen, el Castillo de Peel, Cregneash y el Museo Manx.<\/p>\t\t\t\t\t\t\t\t<\/div>\n\t\t\t\t<\/div>\n\t\t\t\t<\/div>\n\t\t<div class=\"elementor-element elementor-element-75f631f5 e-con-full e-flex e-con e-child\" data-id=\"75f631f5\" data-element_type=\"container\" data-e-type=\"container\">\n\t\t\t\t<div class=\"elementor-element elementor-element-aa36004 elementor-widget elementor-widget-text-editor\" data-id=\"aa36004\" data-element_type=\"widget\" data-e-type=\"widget\" data-widget_type=\"text-editor.default\">\n\t\t\t\t<div class=\"elementor-widget-container\">\n\t\t\t\t\t\t\t\t\t<h4><strong>Qu\u00e9 incluye<\/strong><\/h4><ul><li>Billetes de transbordador para pasajeros a pie<\/li><li>Hotel de 3 \u00f3 4 estrellas (3 noches)<\/li><li>Alojamiento y desayuno<\/li><li>Abono transporte p\u00fablico Isla de Man<\/li><li>Tarjeta Manx del Patrimonio Nacional<\/li><\/ul>\t\t\t\t\t\t\t\t<\/div>\n\t\t\t\t<\/div>\n\t\t\t\t<div class=\"elementor-element elementor-element-179d317 elementor-widget elementor-widget-text-editor\" data-id=\"179d317\" data-element_type=\"widget\" data-e-type=\"widget\" data-widget_type=\"text-editor.default\">\n\t\t\t\t<div class=\"elementor-widget-container\">\n\t\t\t\t\t\t\t\t\t<h4><strong>Informaci\u00f3n importante<\/strong><\/h4><ul><li>Apto para todas las edades<\/li><li>Disponible entre abril y septiembre<\/li><li>Se puede organizar el acceso en silla de ruedas y otras necesidades, seg\u00fan disponibilidad.<\/li><\/ul>\t\t\t\t\t\t\t\t<\/div>\n\t\t\t\t<\/div>\n\t\t\t\t<\/div>\n\t\t\t\t\t<\/div>\n\t\t\t\t<\/div>\n\t\t\t\t<\/div>","protected":false},"excerpt":{"rendered":"<p>Retroceda en el tiempo para conocer los emblem\u00e1ticos ferrocarriles y tranv\u00edas de la Isla de Man, que ofrecen un nost\u00e1lgico viaje a trav\u00e9s de su rica historia, su belleza natural y sus hitos culturales.<\/p>","protected":false},"author":3,"featured_media":0,"parent":0,"menu_order":0,"comment_status":"closed","ping_status":"closed","template":"","meta":{"footnotes":""},"experience-type":[],"event":[],"class_list":["post-23601","page","type-page","status-publish","hentry"],"_links":{"self":[{"href":"https:\/\/www.isleofmanexperiences.com\/es\/wp-json\/wp\/v2\/pages\/23601","targetHints":{"allow":["GET"]}}],"collection":[{"href":"https:\/\/www.isleofmanexperiences.com\/es\/wp-json\/wp\/v2\/pages"}],"about":[{"href":"https:\/\/www.isleofmanexperiences.com\/es\/wp-json\/wp\/v2\/types\/page"}],"author":[{"embeddable":true,"href":"https:\/\/www.isleofmanexperiences.com\/es\/wp-json\/wp\/v2\/users\/3"}],"replies":[{"embeddable":true,"href":"https:\/\/www.isleofmanexperiences.com\/es\/wp-json\/wp\/v2\/comments?post=23601"}],"version-history":[{"count":4,"href":"https:\/\/www.isleofmanexperiences.com\/es\/wp-json\/wp\/v2\/pages\/23601\/revisions"}],"predecessor-version":[{"id":23605,"href":"https:\/\/www.isleofmanexperiences.com\/es\/wp-json\/wp\/v2\/pages\/23601\/revisions\/23605"}],"wp:attachment":[{"href":"https:\/\/www.isleofmanexperiences.com\/es\/wp-json\/wp\/v2\/media?parent=23601"}],"wp:term":[{"taxonomy":"experience-type","embeddable":true,"href":"https:\/\/www.isleofmanexperiences.com\/es\/wp-json\/wp\/v2\/experience-type?post=23601"},{"taxonomy":"event","embeddable":true,"href":"https:\/\/www.isleofmanexperiences.com\/es\/wp-json\/wp\/v2\/event?post=23601"}],"curies":[{"name":"wp","href":"https:\/\/api.w.org\/{rel}","templated":true}]}}