{"id":722,"date":"2025-04-24T17:16:52","date_gmt":"2025-04-24T17:16:52","guid":{"rendered":"https:\/\/www.isleofmanexperiences.com\/?page_id=722"},"modified":"2025-08-12T14:24:12","modified_gmt":"2025-08-12T14:24:12","slug":"museo-del-motor-de-la-isla-de-man-recorrido-tt","status":"publish","type":"page","link":"https:\/\/www.isleofmanexperiences.com\/es\/isle-of-man-motor-museum-tt-course-tour\/","title":{"rendered":"Isle of Man Motor Museum &amp; TT Course Tour"},"content":{"rendered":"<div data-elementor-type=\"wp-page\" data-elementor-id=\"722\" class=\"elementor elementor-722\" data-elementor-post-type=\"page\">\n\t\t\t\t\t\t<section class=\"elementor-section elementor-top-section elementor-element elementor-element-57f55f92 elementor-section-boxed elementor-section-height-default elementor-section-height-default\" data-id=\"57f55f92\" data-element_type=\"section\" data-e-type=\"section\" data-settings=\"{&quot;background_background&quot;:&quot;classic&quot;}\">\n\t\t\t\t\t\t\t<div class=\"elementor-background-overlay\"><\/div>\n\t\t\t\t\t\t\t<div class=\"elementor-container elementor-column-gap-default\">\n\t\t\t\t\t<div class=\"elementor-column elementor-col-100 elementor-top-column elementor-element elementor-element-7c3a86e\" data-id=\"7c3a86e\" data-element_type=\"column\" data-e-type=\"column\">\n\t\t\t<div class=\"elementor-widget-wrap elementor-element-populated\">\n\t\t\t\t\t\t<div class=\"elementor-element elementor-element-4962e434 elementor-widget elementor-widget-heading\" data-id=\"4962e434\" data-element_type=\"widget\" data-e-type=\"widget\" data-widget_type=\"heading.default\">\n\t\t\t\t<div class=\"elementor-widget-container\">\n\t\t\t\t\t<h2 class=\"elementor-heading-title elementor-size-default\">Experiencias TT Isla de Man<\/h2>\t\t\t\t<\/div>\n\t\t\t\t<\/div>\n\t\t\t\t\t<\/div>\n\t\t<\/div>\n\t\t\t\t\t<\/div>\n\t\t<\/section>\n\t\t<div class=\"elementor-element elementor-element-73121f7a e-flex e-con-boxed e-con e-parent\" data-id=\"73121f7a\" data-element_type=\"container\" data-e-type=\"container\">\n\t\t\t\t\t<div class=\"e-con-inner\">\n\t\t<div class=\"elementor-element elementor-element-2d240c36 e-con-full e-flex e-con e-child\" data-id=\"2d240c36\" data-element_type=\"container\" data-e-type=\"container\">\n\t\t\t\t<div class=\"elementor-element elementor-element-16b6a1d6 elementor-widget elementor-widget-heading\" data-id=\"16b6a1d6\" data-element_type=\"widget\" data-e-type=\"widget\" data-widget_type=\"heading.default\">\n\t\t\t\t<div class=\"elementor-widget-container\">\n\t\t\t\t\t<h2 class=\"elementor-heading-title elementor-size-default\">Recorrido por el TT y el Museo del Motor de la Isla de Man<\/h2>\t\t\t\t<\/div>\n\t\t\t\t<\/div>\n\t\t\t\t<div class=\"elementor-element elementor-element-7371a963 elementor-widget elementor-widget-image\" data-id=\"7371a963\" data-element_type=\"widget\" data-e-type=\"widget\" data-widget_type=\"image.default\">\n\t\t\t\t<div class=\"elementor-widget-container\">\n\t\t\t\t\t\t\t\t\t\t\t\t\t\t\t<img fetchpriority=\"high\" decoding=\"async\" width=\"768\" height=\"512\" src=\"https:\/\/www.isleofmanexperiences.com\/wp-content\/uploads\/2025\/04\/52290577307_4adaac32b8_k-768x512.jpg\" class=\"attachment-medium_large size-medium_large wp-image-567\" alt=\"\" srcset=\"https:\/\/www.isleofmanexperiences.com\/wp-content\/uploads\/2025\/04\/52290577307_4adaac32b8_k-768x512.jpg 768w, https:\/\/www.isleofmanexperiences.com\/wp-content\/uploads\/2025\/04\/52290577307_4adaac32b8_k-300x200.jpg 300w, https:\/\/www.isleofmanexperiences.com\/wp-content\/uploads\/2025\/04\/52290577307_4adaac32b8_k-1024x683.jpg 1024w, https:\/\/www.isleofmanexperiences.com\/wp-content\/uploads\/2025\/04\/52290577307_4adaac32b8_k-1536x1024.jpg 1536w, https:\/\/www.isleofmanexperiences.com\/wp-content\/uploads\/2025\/04\/52290577307_4adaac32b8_k.jpg 2048w\" sizes=\"(max-width: 768px) 100vw, 768px\" \/>\t\t\t\t\t\t\t\t\t\t\t\t\t\t\t<\/div>\n\t\t\t\t<\/div>\n\t\t\t\t<div class=\"elementor-element elementor-element-1e905683 elementor-widget elementor-widget-text-editor\" data-id=\"1e905683\" data-element_type=\"widget\" data-e-type=\"widget\" data-widget_type=\"text-editor.default\">\n\t\t\t\t<div class=\"elementor-widget-container\">\n\t\t\t\t\t\t\t\t\t<h4><strong>Visi\u00f3n general<\/strong><\/h4><p data-sourcepos=\"51:1-51:341\">Sum\u00e9rjase en el coraz\u00f3n de la legendaria cultura del motor de la Isla de Man con nuestra excursi\u00f3n definitiva al TT Course &amp; Motor Museum de la Isla de Man. Esta experiencia \u00fanica es una visita obligada para cualquier aficionado a las carreras de motos o amante del motor que visite la isla, ya que ofrece un viaje sin igual al mundo de las carreras TT de la Isla de Man.<\/p><p data-sourcepos=\"53:1-53:491\">Su aventura comienza con una emocionante vuelta guiada al mundialmente famoso circuito TT. Nuestro experto local le guiar\u00e1 a trav\u00e9s de cada curva y recta emblem\u00e1tica, compartiendo la rica historia del TT desde sus humildes comienzos en 1907 hasta los eventos m\u00e1s recientes, donde los mejores corredores del TT han alcanzado velocidades incre\u00edbles que superan las 200 mph y velocidades medias por vuelta de m\u00e1s de 136 mph. Descubre las historias que se esconden tras la carrera en carretera m\u00e1s peligrosa del mundo y siente el legado de las leyendas del TT.<\/p><p data-sourcepos=\"55:1-55:555\">Despu\u00e9s de experimentar la mitad del legendario recorrido, su excursi\u00f3n en moto por la Isla de Man contin\u00faa con una fascinante parada en el Museo del Motor de la Isla de Man. Aqu\u00ed te cautivar\u00e1 una extensa y exclusiva colecci\u00f3n de m\u00e1s de 500 veh\u00edculos. Desde modelos pioneros como el Ford Modelo T hasta las aut\u00e9nticas m\u00e1quinas de carreras TT del h\u00e9roe local Conor Cummins (Kawasaki ZX-10R de 2009) y del multicampe\u00f3n John McGuinness (Honda RLR 400 de 2004). S\u00e9 testigo de las motos pilotadas por otros iconos del TT como Joey Dunlop, Richard \u2018Milky\u2019 Quayle y Steve Hislop.<\/p><p data-sourcepos=\"57:1-57:218\">Pase horas admirando la historia del automovilismo manchego y una colecci\u00f3n de aut\u00e9ntico ensue\u00f1o para cualquier entusiasta de las motos. Este tour de carreras por la Isla de Man es la forma perfecta de explorar la profunda conexi\u00f3n de la isla con el automovilismo.<\/p>\t\t\t\t\t\t\t\t<\/div>\n\t\t\t\t<\/div>\n\t\t\t\t<div class=\"elementor-element elementor-element-78ede1d elementor-widget elementor-widget-text-editor\" data-id=\"78ede1d\" data-element_type=\"widget\" data-e-type=\"widget\" data-widget_type=\"text-editor.default\">\n\t\t\t\t<div class=\"elementor-widget-container\">\n\t\t\t\t\t\t\t\t\t<h4><strong>Qu\u00e9 incluye<\/strong><\/h4><ul><li><b>Recogida c\u00f3moda<\/b>: Disfrute de un viaje sin estr\u00e9s con recogida gratuita en su alojamiento o en un punto de encuentro c\u00e9ntrico en Douglas, Isla de Man.<\/li><li data-sourcepos=\"20:1-20:212\"><b>Curso TT guiado por expertos Lap:<\/b> Emb\u00e1rcate en una emocionante vuelta guiada por el emblem\u00e1tico circuito TT de la Isla de Man, que cobrar\u00e1 vida gracias a los comentarios en directo de expertos que compartir\u00e1n informaci\u00f3n privilegiada y datos hist\u00f3ricos.<\/li><li data-sourcepos=\"21:1-21:198\"><b>Entrada al Museo del Motor de la Isla de Man<\/b>: Sus entradas est\u00e1n incluidas para el famoso Museo del Motor de la Isla de Man, que alberga una amplia colecci\u00f3n de veh\u00edculos hist\u00f3ricos y motos de carreras TT.<\/li><li data-sourcepos=\"22:1-23:0\"><b>Acceso exclusivo a talleres<\/b>: Acceda a los bastidores con una visita especial al taller del museo, que ofrece una visi\u00f3n \u00fanica de la restauraci\u00f3n y conservaci\u00f3n de veh\u00edculos.<\/li><\/ul>\t\t\t\t\t\t\t\t<\/div>\n\t\t\t\t<\/div>\n\t\t\t\t<div class=\"elementor-element elementor-element-8e61c8f elementor-widget elementor-widget-text-editor\" data-id=\"8e61c8f\" data-element_type=\"widget\" data-e-type=\"widget\" data-widget_type=\"text-editor.default\">\n\t\t\t\t<div class=\"elementor-widget-container\">\n\t\t\t\t\t\t\t\t\t<p data-sourcepos=\"38:1-38:63\"><strong>\u00bfPreparado para vivir la experiencia automovil\u00edstica definitiva en la Isla de Man?<\/strong><\/p><p data-sourcepos=\"40:1-40:227\">Esta inolvidable excursi\u00f3n por la Isla de Man es su oportunidad de conectar de verdad con el legado automovil\u00edstico de la isla. No se pierda esta oportunidad \u00fanica; \u00a1asegure su plaza hoy mismo y sum\u00e9rjase en el mundo del TT!<\/p><p data-sourcepos=\"42:1-42:17\"><strong>Detalles de la visita:<\/strong><\/p><ul data-sourcepos=\"43:1-46:0\"><li data-sourcepos=\"43:1-43:96\"><strong>Hora de salida:<\/strong> 09:30 AM de <strong>Douglas<\/strong> (lugar exacto de recogida confirmado en el momento de la reserva).<\/li><li data-sourcepos=\"44:1-44:87\"><strong>Hora de regreso:<\/strong> Aproximadamente a las 13:00 desde el <strong>Museo del Motor de la Isla de Man<\/strong> (Jurby).<\/li><li data-sourcepos=\"45:1-46:0\"><strong>Duraci\u00f3n:<\/strong> Aproximadamente 3,5 horas de inmersi\u00f3n <strong>Exploraci\u00f3n de la Isla de Man<\/strong>.<\/li><\/ul><p data-sourcepos=\"47:1-47:26\">\u00a0<\/p><p data-sourcepos=\"47:1-47:26\"><strong>Informaci\u00f3n importante:<\/strong><\/p><ul data-sourcepos=\"48:1-50:0\"><li data-sourcepos=\"48:1-48:241\"><strong>Tama\u00f1o del grupo:<\/strong> Esta excursi\u00f3n requiere un m\u00ednimo de 4 participantes. En el caso poco frecuente de que no se alcance el n\u00famero m\u00ednimo de participantes, la excursi\u00f3n podr\u00eda cancelarse. Se lo notificaremos con antelaci\u00f3n y le ofreceremos fechas alternativas o el reembolso \u00edntegro.<\/li><li data-sourcepos=\"49:1-50:0\"><strong>Reserva por adelantado:<\/strong> Debido a la popularidad de nuestras visitas guiadas TT y a la disponibilidad limitada, recomendamos encarecidamente reservar con antelaci\u00f3n para garantizar su plaza.<\/li><\/ul>\t\t\t\t\t\t\t\t<\/div>\n\t\t\t\t<\/div>\n\t\t\t\t<\/div>\n\t\t<div class=\"elementor-element elementor-element-6a93e9e7 e-con-full e-flex e-con e-child\" data-id=\"6a93e9e7\" data-element_type=\"container\" data-e-type=\"container\">\n\t\t\t\t<div class=\"elementor-element elementor-element-444c111 elementor-widget elementor-widget-text-editor\" data-id=\"444c111\" data-element_type=\"widget\" data-e-type=\"widget\" data-widget_type=\"text-editor.default\">\n\t\t\t\t<div class=\"elementor-widget-container\">\n\t\t\t\t\t\t\t\t\t<script src=\"https:\/\/assets.ticketinghub.com\/checkout.js\" data-widget=\"6663ad7f-d8ec-46f8-8742-5df9aa8e8b0a\"><span data-mce-type=\"bookmark\" style=\"display: inline-block; width: 0px; overflow: hidden; line-height: 0;\" class=\"mce_SELRES_start\">\ufeff<\/span><span data-mce-type=\"bookmark\" style=\"display: inline-block; width: 0px; overflow: hidden; line-height: 0;\" class=\"mce_SELRES_start\">\ufeff<\/span><\/script>\t\t\t\t\t\t\t\t<\/div>\n\t\t\t\t<\/div>\n\t\t\t\t<\/div>\n\t\t\t\t\t<\/div>\n\t\t\t\t<\/div>\n\t\t<div class=\"elementor-element elementor-element-2d95efa2 e-flex e-con-boxed e-con e-parent\" data-id=\"2d95efa2\" data-element_type=\"container\" data-e-type=\"container\">\n\t\t\t\t\t<div class=\"e-con-inner\">\n\t\t<div class=\"elementor-element elementor-element-74dfa3e7 e-con-full e-flex e-con e-child\" data-id=\"74dfa3e7\" data-element_type=\"container\" data-e-type=\"container\">\n\t\t\t\t<div class=\"elementor-element elementor-element-3244a3b elementor-widget elementor-widget-gallery\" data-id=\"3244a3b\" data-element_type=\"widget\" data-e-type=\"widget\" data-settings=\"{&quot;columns&quot;:3,&quot;aspect_ratio&quot;:&quot;4:3&quot;,&quot;lazyload&quot;:&quot;yes&quot;,&quot;gallery_layout&quot;:&quot;grid&quot;,&quot;columns_tablet&quot;:2,&quot;columns_mobile&quot;:1,&quot;gap&quot;:{&quot;unit&quot;:&quot;px&quot;,&quot;size&quot;:10,&quot;sizes&quot;:[]},&quot;gap_tablet&quot;:{&quot;unit&quot;:&quot;px&quot;,&quot;size&quot;:10,&quot;sizes&quot;:[]},&quot;gap_mobile&quot;:{&quot;unit&quot;:&quot;px&quot;,&quot;size&quot;:10,&quot;sizes&quot;:[]},&quot;link_to&quot;:&quot;file&quot;,&quot;overlay_background&quot;:&quot;yes&quot;,&quot;content_hover_animation&quot;:&quot;fade-in&quot;}\" data-widget_type=\"gallery.default\">\n\t\t\t\t<div class=\"elementor-widget-container\">\n\t\t\t\t\t\t\t<div class=\"elementor-gallery__container\">\n\t\t\t\t\t\t\t<a class=\"e-gallery-item elementor-gallery-item elementor-animated-content\" href=\"https:\/\/www.isleofmanexperiences.com\/wp-content\/uploads\/2025\/04\/IMG_9570-1.jpeg\" data-elementor-open-lightbox=\"yes\" data-elementor-lightbox-slideshow=\"3244a3b\" data-elementor-lightbox-title=\"IMG_9570-1.jpeg\" data-e-action-hash=\"#elementor-action%3Aaction%3Dlightbox%26settings%3DeyJpZCI6NTcwLCJ1cmwiOiJodHRwczpcL1wvd3d3LmlzbGVvZm1hbmV4cGVyaWVuY2VzLmNvbVwvd3AtY29udGVudFwvdXBsb2Fkc1wvMjAyNVwvMDRcL0lNR185NTcwLTEuanBlZyIsInNsaWRlc2hvdyI6IjMyNDRhM2IifQ%3D%3D\">\n\t\t\t\t\t<div class=\"e-gallery-image elementor-gallery-item__image\" data-thumbnail=\"https:\/\/www.isleofmanexperiences.com\/wp-content\/uploads\/2025\/04\/IMG_9570-1-768x576.jpeg\" data-width=\"768\" data-height=\"576\" aria-label=\"\" role=\"img\" ><\/div>\n\t\t\t\t\t\t\t\t\t\t\t<div class=\"elementor-gallery-item__overlay\"><\/div>\n\t\t\t\t\t\t\t\t\t\t\t\t\t\t<\/a>\n\t\t\t\t\t\t\t<a class=\"e-gallery-item elementor-gallery-item elementor-animated-content\" href=\"https:\/\/www.isleofmanexperiences.com\/wp-content\/uploads\/2025\/04\/IMG_4471.jpeg\" data-elementor-open-lightbox=\"yes\" data-elementor-lightbox-slideshow=\"3244a3b\" data-elementor-lightbox-title=\"IMG_4471.jpeg\" data-e-action-hash=\"#elementor-action%3Aaction%3Dlightbox%26settings%3DeyJpZCI6NTY5LCJ1cmwiOiJodHRwczpcL1wvd3d3LmlzbGVvZm1hbmV4cGVyaWVuY2VzLmNvbVwvd3AtY29udGVudFwvdXBsb2Fkc1wvMjAyNVwvMDRcL0lNR180NDcxLmpwZWciLCJzbGlkZXNob3ciOiIzMjQ0YTNiIn0%3D\">\n\t\t\t\t\t<div class=\"e-gallery-image elementor-gallery-item__image\" data-thumbnail=\"https:\/\/www.isleofmanexperiences.com\/wp-content\/uploads\/2025\/04\/IMG_4471-768x460.jpeg\" data-width=\"768\" data-height=\"460\" aria-label=\"\" role=\"img\" ><\/div>\n\t\t\t\t\t\t\t\t\t\t\t<div class=\"elementor-gallery-item__overlay\"><\/div>\n\t\t\t\t\t\t\t\t\t\t\t\t\t\t<\/a>\n\t\t\t\t\t\t\t<a class=\"e-gallery-item elementor-gallery-item elementor-animated-content\" href=\"https:\/\/www.isleofmanexperiences.com\/wp-content\/uploads\/2025\/04\/MotorM.jpeg\" data-elementor-open-lightbox=\"yes\" data-elementor-lightbox-slideshow=\"3244a3b\" data-elementor-lightbox-title=\"MotorM.jpeg\" data-e-action-hash=\"#elementor-action%3Aaction%3Dlightbox%26settings%3DeyJpZCI6NTY4LCJ1cmwiOiJodHRwczpcL1wvd3d3LmlzbGVvZm1hbmV4cGVyaWVuY2VzLmNvbVwvd3AtY29udGVudFwvdXBsb2Fkc1wvMjAyNVwvMDRcL01vdG9yTS5qcGVnIiwic2xpZGVzaG93IjoiMzI0NGEzYiJ9\">\n\t\t\t\t\t<div class=\"e-gallery-image elementor-gallery-item__image\" data-thumbnail=\"https:\/\/www.isleofmanexperiences.com\/wp-content\/uploads\/2025\/04\/MotorM-768x509.jpeg\" data-width=\"768\" data-height=\"509\" aria-label=\"\" role=\"img\" ><\/div>\n\t\t\t\t\t\t\t\t\t\t\t<div class=\"elementor-gallery-item__overlay\"><\/div>\n\t\t\t\t\t\t\t\t\t\t\t\t\t\t<\/a>\n\t\t\t\t\t<\/div>\n\t\t\t\t\t<\/div>\n\t\t\t\t<\/div>\n\t\t\t\t<\/div>\n\t\t<div class=\"elementor-element elementor-element-7f79315c e-con-full e-flex e-con e-child\" data-id=\"7f79315c\" data-element_type=\"container\" data-e-type=\"container\">\n\t\t\t\t<\/div>\n\t\t\t\t\t<\/div>\n\t\t\t\t<\/div>\n\t\t\t\t<\/div>","protected":false},"excerpt":{"rendered":"<p>Isle of Man TT Experiences Isle of Man TT Course &amp; Motor Museum Tour Overview Immerse yourself in the heart of the Isle of Man&#8217;s legendary motoring culture with our ultimate Isle of Man TT Course &amp; Motor Museum Tour. This unique experience is a must-do for any motorcycle racing fan or petrolhead visiting the [&hellip;]<\/p>\n","protected":false},"author":3,"featured_media":0,"parent":0,"menu_order":0,"comment_status":"closed","ping_status":"closed","template":"","meta":{"footnotes":""},"experience-type":[],"event":[],"class_list":["post-722","page","type-page","status-publish","hentry"],"_links":{"self":[{"href":"https:\/\/www.isleofmanexperiences.com\/es\/wp-json\/wp\/v2\/pages\/722","targetHints":{"allow":["GET"]}}],"collection":[{"href":"https:\/\/www.isleofmanexperiences.com\/es\/wp-json\/wp\/v2\/pages"}],"about":[{"href":"https:\/\/www.isleofmanexperiences.com\/es\/wp-json\/wp\/v2\/types\/page"}],"author":[{"embeddable":true,"href":"https:\/\/www.isleofmanexperiences.com\/es\/wp-json\/wp\/v2\/users\/3"}],"replies":[{"embeddable":true,"href":"https:\/\/www.isleofmanexperiences.com\/es\/wp-json\/wp\/v2\/comments?post=722"}],"version-history":[{"count":17,"href":"https:\/\/www.isleofmanexperiences.com\/es\/wp-json\/wp\/v2\/pages\/722\/revisions"}],"predecessor-version":[{"id":23232,"href":"https:\/\/www.isleofmanexperiences.com\/es\/wp-json\/wp\/v2\/pages\/722\/revisions\/23232"}],"wp:attachment":[{"href":"https:\/\/www.isleofmanexperiences.com\/es\/wp-json\/wp\/v2\/media?parent=722"}],"wp:term":[{"taxonomy":"experience-type","embeddable":true,"href":"https:\/\/www.isleofmanexperiences.com\/es\/wp-json\/wp\/v2\/experience-type?post=722"},{"taxonomy":"event","embeddable":true,"href":"https:\/\/www.isleofmanexperiences.com\/es\/wp-json\/wp\/v2\/event?post=722"}],"curies":[{"name":"wp","href":"https:\/\/api.w.org\/{rel}","templated":true}]}}