{"id":22550,"date":"2025-07-09T20:08:47","date_gmt":"2025-07-09T20:08:47","guid":{"rendered":"https:\/\/www.isleofmanexperiences.com\/?page_id=22550"},"modified":"2025-11-06T13:22:35","modified_gmt":"2025-11-06T13:22:35","slug":"visite-dune-journee-de-la-distillerie-fynoderee","status":"publish","type":"page","link":"https:\/\/www.isleofmanexperiences.com\/fr\/fynoderee-distillery-day-tour\/","title":{"rendered":"Visite de la distillerie Fynoderee"},"content":{"rendered":"<div data-elementor-type=\"wp-page\" data-elementor-id=\"22550\" class=\"elementor elementor-22550\" data-elementor-post-type=\"page\">\n\t\t\t\t\t\t<section class=\"elementor-section elementor-top-section elementor-element elementor-element-3aa1fb47 elementor-section-boxed elementor-section-height-default elementor-section-height-default\" data-id=\"3aa1fb47\" data-element_type=\"section\" data-e-type=\"section\" data-settings=\"{&quot;background_background&quot;:&quot;classic&quot;}\">\n\t\t\t\t\t\t\t<div class=\"elementor-background-overlay\"><\/div>\n\t\t\t\t\t\t\t<div class=\"elementor-container elementor-column-gap-default\">\n\t\t\t\t\t<div class=\"elementor-column elementor-col-100 elementor-top-column elementor-element elementor-element-6b309e3c\" data-id=\"6b309e3c\" data-element_type=\"column\" data-e-type=\"column\">\n\t\t\t<div class=\"elementor-widget-wrap elementor-element-populated\">\n\t\t\t\t\t\t<div class=\"elementor-element elementor-element-39a447f2 elementor-widget elementor-widget-heading\" data-id=\"39a447f2\" data-element_type=\"widget\" data-e-type=\"widget\" data-widget_type=\"heading.default\">\n\t\t\t\t<div class=\"elementor-widget-container\">\n\t\t\t\t\t<h2 class=\"elementor-heading-title elementor-size-default\">Exp\u00e9riences sur l'\u00eele de Man<\/h2>\t\t\t\t<\/div>\n\t\t\t\t<\/div>\n\t\t\t\t\t<\/div>\n\t\t<\/div>\n\t\t\t\t\t<\/div>\n\t\t<\/section>\n\t\t<div class=\"elementor-element elementor-element-b005b2c e-flex e-con-boxed e-con e-parent\" data-id=\"b005b2c\" data-element_type=\"container\" data-e-type=\"container\">\n\t\t\t\t\t<div class=\"e-con-inner\">\n\t\t<div class=\"elementor-element elementor-element-3f227700 e-con-full e-flex e-con e-child\" data-id=\"3f227700\" data-element_type=\"container\" data-e-type=\"container\">\n\t\t\t\t<div class=\"elementor-element elementor-element-7bc19c50 elementor-widget elementor-widget-heading\" data-id=\"7bc19c50\" data-element_type=\"widget\" data-e-type=\"widget\" data-widget_type=\"heading.default\">\n\t\t\t\t<div class=\"elementor-widget-container\">\n\t\t\t\t\t<h2 class=\"elementor-heading-title elementor-size-default\">Visite de la distillerie Fynoderee - Ramsey<\/h2>\t\t\t\t<\/div>\n\t\t\t\t<\/div>\n\t\t\t\t<div class=\"elementor-element elementor-element-4d86474d elementor-widget elementor-widget-image\" data-id=\"4d86474d\" data-element_type=\"widget\" data-e-type=\"widget\" data-widget_type=\"image.default\">\n\t\t\t\t<div class=\"elementor-widget-container\">\n\t\t\t\t\t\t\t\t\t\t\t\t\t\t\t<img fetchpriority=\"high\" decoding=\"async\" width=\"768\" height=\"509\" src=\"https:\/\/www.isleofmanexperiences.com\/wp-content\/uploads\/2025\/04\/Layer-16-768x509.jpg\" class=\"attachment-medium_large size-medium_large wp-image-712\" alt=\"\" srcset=\"https:\/\/www.isleofmanexperiences.com\/wp-content\/uploads\/2025\/04\/Layer-16-768x509.jpg 768w, https:\/\/www.isleofmanexperiences.com\/wp-content\/uploads\/2025\/04\/Layer-16-300x199.jpg 300w, https:\/\/www.isleofmanexperiences.com\/wp-content\/uploads\/2025\/04\/Layer-16.jpg 800w\" sizes=\"(max-width: 768px) 100vw, 768px\" \/>\t\t\t\t\t\t\t\t\t\t\t\t\t\t\t<\/div>\n\t\t\t\t<\/div>\n\t\t\t\t<div class=\"elementor-element elementor-element-1f616e06 elementor-widget elementor-widget-text-editor\" data-id=\"1f616e06\" data-element_type=\"widget\" data-e-type=\"widget\" data-widget_type=\"text-editor.default\">\n\t\t\t\t<div class=\"elementor-widget-container\">\n\t\t\t\t\t\t\t\t\t<h4><strong>Vue d'ensemble<\/strong><\/h4>\n<p>Passez un apr\u00e8s-midi \u00e0 d\u00e9couvrir la magie des spiritueux mannois \u00e0 la distillerie prim\u00e9e de Fynoderee, au c\u0153ur de Ramsey. Cette exp\u00e9rience captivante commence par un rafra\u00eechissant \u201cFyn &amp; Tonic\u201d \u00e0 l'arriv\u00e9e, suivi d'une visite guid\u00e9e qui permet de d\u00e9couvrir le folklore, l'artisanat et le caract\u00e8re de l'un des producteurs de spiritueux les plus passionnants de l'\u00eele de Man.<\/p>\n<p>Vous d\u00e9couvrirez les l\u00e9gendes mannoises qui ont inspir\u00e9 le nom et la marque Fynoderee, explorerez l'entrep\u00f4t de la distillerie en activit\u00e9 et d\u00e9couvrirez comment est cr\u00e9\u00e9e la gamme de gins, de vodka et de rhum, ainsi que le whisky Single Malt de l'\u00eele de Man qui sera bient\u00f4t commercialis\u00e9. La visite se termine par une s\u00e9ance de d\u00e9gustation encadr\u00e9e et un moment de d\u00e9tente au Fyn Bar, avec la possibilit\u00e9 d'acheter des cadeaux et des bouteilles exclusives.<\/p>\t\t\t\t\t\t\t\t<\/div>\n\t\t\t\t<\/div>\n\t\t\t\t<div class=\"elementor-element elementor-element-349854a3 elementor-widget elementor-widget-text-editor\" data-id=\"349854a3\" data-element_type=\"widget\" data-e-type=\"widget\" data-widget_type=\"text-editor.default\">\n\t\t\t\t<div class=\"elementor-widget-container\">\n\t\t\t\t\t\t\t\t\t<h4><strong>Ce qui est inclus<\/strong><\/h4><ul><li>Accueil \u201cFyn &amp; Tonic\u201d \u00e0 l'arriv\u00e9e<\/li><li>Visite guid\u00e9e de la distillerie (14h00 - 15h30), avec t<span style=\"background-color: transparent;\">histoire de Fynoderee et le folklore local, b<\/span><span style=\"background-color: transparent;\">L'acc\u00e8s aux coulisses de la production et l'acc\u00e8s \u00e0 la salle de r\u00e9union.<\/span><span style=\"background-color: transparent;\">n aper\u00e7u du processus de distillation et d'embouteillage artisanal<\/span><\/li><li>D\u00e9gustation comment\u00e9e de Manx Dry Gins, Bumbee Vodka et Glashtyn Spiced Rum.<\/li><li>Temps libre au Fyn Bar et \u00e0 la boutique de la distillerie<\/li><\/ul>\t\t\t\t\t\t\t\t<\/div>\n\t\t\t\t<\/div>\n\t\t\t\t<div class=\"elementor-element elementor-element-3f7dbb38 elementor-widget elementor-widget-text-editor\" data-id=\"3f7dbb38\" data-element_type=\"widget\" data-e-type=\"widget\" data-widget_type=\"text-editor.default\">\n\t\t\t\t<div class=\"elementor-widget-container\">\n\t\t\t\t\t\t\t\t\t<h4><strong>Informations<\/strong><\/h4><p>Cette visite se d\u00e9roule de 14h00 \u00e0 15h30. Veuillez arriver \u00e0 la distillerie suffisamment t\u00f4t avant le d\u00e9but de la visite.<\/p><p>La distillerie est un environnement de travail dont le sol est irr\u00e9gulier. Veuillez porter des chaussures raisonnables et pr\u00e9voir une couche chaude pour les zones plus fra\u00eeches. Le site n'est pas accessible aux fauteuils roulants. Les visites commencent au premier \u00e9tage ; veuillez nous contacter \u00e0 l'avance pour discuter d'autres arrangements.<\/p><p>Cette visite ne comprend pas le transport. Les visiteurs doivent se rendre \u00e0 la distillerie Fynoderee \u00e0 Ramsey et en revenir par leurs propres moyens. La distillerie Fynoderee est situ\u00e9e \u00e0 c\u00f4t\u00e9 de la gare du Manx Electric Railway et pr\u00e8s de la gare routi\u00e8re de Ramsey.<\/p>\t\t\t\t\t\t\t\t<\/div>\n\t\t\t\t<\/div>\n\t\t\t\t<\/div>\n\t\t<div class=\"elementor-element elementor-element-1b2c5a3 e-con-full e-flex e-con e-child\" data-id=\"1b2c5a3\" data-element_type=\"container\" data-e-type=\"container\">\n\t\t\t\t<div class=\"elementor-element elementor-element-58bb0c2 elementor-widget elementor-widget-html\" data-id=\"58bb0c2\" data-element_type=\"widget\" data-e-type=\"widget\" data-widget_type=\"html.default\">\n\t\t\t\t<div class=\"elementor-widget-container\">\n\t\t\t\t\t<script src=\"https:\/\/assets.ticketinghub.com\/checkout.js\" data-widget=\"58fbb6e8-a1a4-4235-a4d6-d39d3c5f4af8\"><\/script>\t\t\t\t<\/div>\n\t\t\t\t<\/div>\n\t\t\t\t<\/div>\n\t\t\t\t\t<\/div>\n\t\t\t\t<\/div>\n\t\t\t\t<\/div>","protected":false},"excerpt":{"rendered":"<p>Isle of Man Experiences Fynoderee Distillery Tour &#8211; Ramsey Overview Spend an afternoon discovering the magic of Manx spirits at the award-winning Fynoderee Distillery in the heart of Ramsey. This engaging experience begins with a refreshing \u201cFyn &amp; Tonic\u201d on arrival, followed by a guided tour that delves into the folklore, craft, and character behind [&hellip;]<\/p>\n","protected":false},"author":3,"featured_media":0,"parent":0,"menu_order":0,"comment_status":"closed","ping_status":"closed","template":"","meta":{"footnotes":""},"experience-type":[],"event":[],"class_list":["post-22550","page","type-page","status-publish","hentry"],"_links":{"self":[{"href":"https:\/\/www.isleofmanexperiences.com\/fr\/wp-json\/wp\/v2\/pages\/22550","targetHints":{"allow":["GET"]}}],"collection":[{"href":"https:\/\/www.isleofmanexperiences.com\/fr\/wp-json\/wp\/v2\/pages"}],"about":[{"href":"https:\/\/www.isleofmanexperiences.com\/fr\/wp-json\/wp\/v2\/types\/page"}],"author":[{"embeddable":true,"href":"https:\/\/www.isleofmanexperiences.com\/fr\/wp-json\/wp\/v2\/users\/3"}],"replies":[{"embeddable":true,"href":"https:\/\/www.isleofmanexperiences.com\/fr\/wp-json\/wp\/v2\/comments?post=22550"}],"version-history":[{"count":22,"href":"https:\/\/www.isleofmanexperiences.com\/fr\/wp-json\/wp\/v2\/pages\/22550\/revisions"}],"predecessor-version":[{"id":23212,"href":"https:\/\/www.isleofmanexperiences.com\/fr\/wp-json\/wp\/v2\/pages\/22550\/revisions\/23212"}],"wp:attachment":[{"href":"https:\/\/www.isleofmanexperiences.com\/fr\/wp-json\/wp\/v2\/media?parent=22550"}],"wp:term":[{"taxonomy":"experience-type","embeddable":true,"href":"https:\/\/www.isleofmanexperiences.com\/fr\/wp-json\/wp\/v2\/experience-type?post=22550"},{"taxonomy":"event","embeddable":true,"href":"https:\/\/www.isleofmanexperiences.com\/fr\/wp-json\/wp\/v2\/event?post=22550"}],"curies":[{"name":"wp","href":"https:\/\/api.w.org\/{rel}","templated":true}]}}