{"id":22838,"date":"2025-09-18T15:31:28","date_gmt":"2025-09-18T15:31:28","guid":{"rendered":"https:\/\/www.isleofmanexperiences.com\/?page_id=22838"},"modified":"2026-04-24T08:17:23","modified_gmt":"2026-04-24T08:17:23","slug":"agent","status":"publish","type":"page","link":"https:\/\/www.isleofmanexperiences.com\/fr\/agent\/","title":{"rendered":"Portail des agents"},"content":{"rendered":"<div data-elementor-type=\"wp-page\" data-elementor-id=\"22838\" class=\"elementor elementor-22838\" data-elementor-post-type=\"page\">\n\t\t\t\t\t\t<section class=\"elementor-section elementor-top-section elementor-element elementor-element-300465a7 elementor-section-boxed elementor-section-height-default elementor-section-height-default\" data-id=\"300465a7\" data-element_type=\"section\" data-e-type=\"section\" data-settings=\"{&quot;background_background&quot;:&quot;classic&quot;}\">\n\t\t\t\t\t\t\t<div class=\"elementor-background-overlay\"><\/div>\n\t\t\t\t\t\t\t<div class=\"elementor-container elementor-column-gap-default\">\n\t\t\t\t\t<div class=\"elementor-column elementor-col-100 elementor-top-column elementor-element elementor-element-50770f5d\" data-id=\"50770f5d\" data-element_type=\"column\" data-e-type=\"column\">\n\t\t\t<div class=\"elementor-widget-wrap elementor-element-populated\">\n\t\t\t\t\t\t<div class=\"elementor-element elementor-element-392c9e8a elementor-widget elementor-widget-heading\" data-id=\"392c9e8a\" data-element_type=\"widget\" data-e-type=\"widget\" data-widget_type=\"heading.default\">\n\t\t\t\t<div class=\"elementor-widget-container\">\n\t\t\t\t\t<h1 class=\"elementor-heading-title elementor-size-default\">Portail des agents<\/h1>\t\t\t\t<\/div>\n\t\t\t\t<\/div>\n\t\t\t\t\t<\/div>\n\t\t<\/div>\n\t\t\t\t\t<\/div>\n\t\t<\/section>\n\t\t\t\t<section class=\"elementor-section elementor-top-section elementor-element elementor-element-2ce8144d elementor-section-boxed elementor-section-height-default elementor-section-height-default\" data-id=\"2ce8144d\" data-element_type=\"section\" data-e-type=\"section\">\n\t\t\t\t\t\t<div class=\"elementor-container elementor-column-gap-default\">\n\t\t\t\t\t<div class=\"elementor-column elementor-col-100 elementor-top-column elementor-element elementor-element-4e72c13\" data-id=\"4e72c13\" data-element_type=\"column\" data-e-type=\"column\">\n\t\t\t<div class=\"elementor-widget-wrap elementor-element-populated\">\n\t\t\t\t\t\t<div class=\"elementor-element elementor-element-5921745 elementor-widget elementor-widget-heading\" data-id=\"5921745\" data-element_type=\"widget\" data-e-type=\"widget\" data-widget_type=\"heading.default\">\n\t\t\t\t<div class=\"elementor-widget-container\">\n\t\t\t\t\t<h1 class=\"elementor-heading-title elementor-size-default\">Partenaire de Isle of Man Experiences<\/h1>\t\t\t\t<\/div>\n\t\t\t\t<\/div>\n\t\t\t\t<div class=\"elementor-element elementor-element-7f571734 elementor-widget-divider--view-line elementor-widget elementor-widget-divider\" data-id=\"7f571734\" data-element_type=\"widget\" data-e-type=\"widget\" data-widget_type=\"divider.default\">\n\t\t\t\t<div class=\"elementor-widget-container\">\n\t\t\t\t\t\t\t<div class=\"elementor-divider\">\n\t\t\t<span class=\"elementor-divider-separator\">\n\t\t\t\t\t\t<\/span>\n\t\t<\/div>\n\t\t\t\t\t\t<\/div>\n\t\t\t\t<\/div>\n\t\t\t\t<div class=\"elementor-element elementor-element-57bfcd86 elementor-widget elementor-widget-text-editor\" data-id=\"57bfcd86\" data-element_type=\"widget\" data-e-type=\"widget\" data-widget_type=\"text-editor.default\">\n\t\t\t\t<div class=\"elementor-widget-container\">\n\t\t\t\t\t\t\t\t\t<h3><b>Acc\u00e8s commercial \u00e0 des circuits, activit\u00e9s et forfaits authentiques sur l'\u00eele de Man.<\/b><\/h3><p>Nous travaillons avec des tour-op\u00e9rateurs, des h\u00f4tels, des agences de voyage et des fournisseurs d'exp\u00e9riences qui souhaitent ajouter l'\u00eele de Man \u00e0 leur portefeuille. Notre portail commercial vous permet d'acc\u00e9der aux disponibilit\u00e9s en temps r\u00e9el, aux taux de commission et aux confirmations de r\u00e9servation instantan\u00e9es, ce qui facilite la vente de l'\u00eele en toute confiance.<\/p><h3><b><u>Ce que nous proposons<\/u><\/b><\/h3><p><b>+ Produits commissionnables<\/b> - circuits touristiques, excursions d'une journ\u00e9e, forfaits de plusieurs jours et activit\u00e9s<br \/><b>+ Disponibilit\u00e9 en direct et r\u00e9servation instantan\u00e9e<\/b> via notre portail agent<br \/><b>+ Soutien de la marque<\/b> - nous pouvons cr\u00e9er des pages de r\u00e9servation co-brand\u00e9es pour votre \u00e9quipe ou vos clients<br \/><b>+ Support de compte d\u00e9di\u00e9<\/b> - une \u00e9quipe locale sur l'\u00eele, pour vous aider \u00e0 vendre plus<\/p><h3><b><u>Comment cela fonctionne-t-il ?<\/u><\/b><\/h3><p><b>+ Demander l'acc\u00e8s<\/b> - courriel <b>info@isleofmanexperiences.com<\/b> ou appelez-nous <b>+44 (0)1624 640044<\/b> pour s'inscrire en tant que partenaire commercial.<br \/><b>+ Obtenez votre login<\/b> - nous vous ouvrirons un compte d'agent dans notre syst\u00e8me de r\u00e9servation.<br \/><b>+ Commencer la r\u00e9servation<\/b> - se connecter \u00e0 tout moment pour v\u00e9rifier la disponibilit\u00e9 et confirmer instantan\u00e9ment<\/p>\t\t\t\t\t\t\t\t<\/div>\n\t\t\t\t<\/div>\n\t\t\t\t\t<\/div>\n\t\t<\/div>\n\t\t\t\t\t<\/div>\n\t\t<\/section>\n\t\t\t\t<\/div>","protected":false},"excerpt":{"rendered":"<p>Agent Portal Partner with Isle of Man Experiences Trade access to authentic tours, activities, and packages on the Isle of Man. We work with tour operators, hotels, travel agents, and experience providers who want to add the Isle of Man to their portfolio. Our trade portal gives you access to live availability, commissionable rates, and [&hellip;]<\/p>\n","protected":false},"author":1,"featured_media":0,"parent":0,"menu_order":0,"comment_status":"closed","ping_status":"closed","template":"elementor_header_footer","meta":{"footnotes":""},"experience-type":[],"event":[],"class_list":["post-22838","page","type-page","status-publish","hentry"],"_links":{"self":[{"href":"https:\/\/www.isleofmanexperiences.com\/fr\/wp-json\/wp\/v2\/pages\/22838","targetHints":{"allow":["GET"]}}],"collection":[{"href":"https:\/\/www.isleofmanexperiences.com\/fr\/wp-json\/wp\/v2\/pages"}],"about":[{"href":"https:\/\/www.isleofmanexperiences.com\/fr\/wp-json\/wp\/v2\/types\/page"}],"author":[{"embeddable":true,"href":"https:\/\/www.isleofmanexperiences.com\/fr\/wp-json\/wp\/v2\/users\/1"}],"replies":[{"embeddable":true,"href":"https:\/\/www.isleofmanexperiences.com\/fr\/wp-json\/wp\/v2\/comments?post=22838"}],"version-history":[{"count":10,"href":"https:\/\/www.isleofmanexperiences.com\/fr\/wp-json\/wp\/v2\/pages\/22838\/revisions"}],"predecessor-version":[{"id":23919,"href":"https:\/\/www.isleofmanexperiences.com\/fr\/wp-json\/wp\/v2\/pages\/22838\/revisions\/23919"}],"wp:attachment":[{"href":"https:\/\/www.isleofmanexperiences.com\/fr\/wp-json\/wp\/v2\/media?parent=22838"}],"wp:term":[{"taxonomy":"experience-type","embeddable":true,"href":"https:\/\/www.isleofmanexperiences.com\/fr\/wp-json\/wp\/v2\/experience-type?post=22838"},{"taxonomy":"event","embeddable":true,"href":"https:\/\/www.isleofmanexperiences.com\/fr\/wp-json\/wp\/v2\/event?post=22838"}],"curies":[{"name":"wp","href":"https:\/\/api.w.org\/{rel}","templated":true}]}}