{"id":23601,"date":"2026-03-03T12:48:34","date_gmt":"2026-03-03T12:48:34","guid":{"rendered":"https:\/\/www.isleofmanexperiences.com\/?page_id=23601"},"modified":"2026-03-03T12:50:37","modified_gmt":"2026-03-03T12:50:37","slug":"chemins-de-fer-de-lile-de-man","status":"publish","type":"page","link":"https:\/\/www.isleofmanexperiences.com\/fr\/isle-of-man-railways\/","title":{"rendered":"Chemins de fer de l'\u00eele de Man"},"content":{"rendered":"<div data-elementor-type=\"wp-page\" data-elementor-id=\"23601\" class=\"elementor elementor-23601\" data-elementor-post-type=\"page\">\n\t\t\t\t\t\t<section class=\"elementor-section elementor-top-section elementor-element elementor-element-40d21fa6 elementor-section-boxed elementor-section-height-default elementor-section-height-default\" data-id=\"40d21fa6\" data-element_type=\"section\" data-e-type=\"section\" data-settings=\"{&quot;background_background&quot;:&quot;classic&quot;}\">\n\t\t\t\t\t\t\t<div class=\"elementor-background-overlay\"><\/div>\n\t\t\t\t\t\t\t<div class=\"elementor-container elementor-column-gap-default\">\n\t\t\t\t\t<div class=\"elementor-column elementor-col-100 elementor-top-column elementor-element elementor-element-381dde7\" data-id=\"381dde7\" data-element_type=\"column\" data-e-type=\"column\">\n\t\t\t<div class=\"elementor-widget-wrap elementor-element-populated\">\n\t\t\t\t\t\t<div class=\"elementor-element elementor-element-f5066b6 elementor-widget elementor-widget-heading\" data-id=\"f5066b6\" data-element_type=\"widget\" data-e-type=\"widget\" data-widget_type=\"heading.default\">\n\t\t\t\t<div class=\"elementor-widget-container\">\n\t\t\t\t\t<h2 class=\"elementor-heading-title elementor-size-default\">Chemins de fer de l'\u00eele de Man<\/h2>\t\t\t\t<\/div>\n\t\t\t\t<\/div>\n\t\t\t\t\t<\/div>\n\t\t<\/div>\n\t\t\t\t\t<\/div>\n\t\t<\/section>\n\t\t<div class=\"elementor-element elementor-element-7088551d e-flex e-con-boxed e-con e-parent\" data-id=\"7088551d\" data-element_type=\"container\" data-e-type=\"container\">\n\t\t\t\t\t<div class=\"e-con-inner\">\n\t\t<div class=\"elementor-element elementor-element-2e2b202b e-con-full e-flex e-con e-child\" data-id=\"2e2b202b\" data-element_type=\"container\" data-e-type=\"container\">\n\t\t\t\t<div class=\"elementor-element elementor-element-c7fcd4d elementor-widget elementor-widget-text-editor\" data-id=\"c7fcd4d\" data-element_type=\"widget\" data-e-type=\"widget\" data-widget_type=\"text-editor.default\">\n\t\t\t\t<div class=\"elementor-widget-container\">\n\t\t\t\t\t\t\t\t\t<p><b>Remontez le temps pour d\u00e9couvrir les chemins de fer et les tramways embl\u00e9matiques de l'\u00eele de Man, qui offrent un voyage nostalgique \u00e0 travers sa riche histoire, sa beaut\u00e9 naturelle et ses monuments culturels.<\/b><\/p>\t\t\t\t\t\t\t\t<\/div>\n\t\t\t\t<\/div>\n\t\t\t\t<div class=\"elementor-element elementor-element-1a37d0dc elementor-widget elementor-widget-image\" data-id=\"1a37d0dc\" data-element_type=\"widget\" data-e-type=\"widget\" data-widget_type=\"image.default\">\n\t\t\t\t<div class=\"elementor-widget-container\">\n\t\t\t\t\t\t\t\t\t\t\t\t\t\t\t<img fetchpriority=\"high\" decoding=\"async\" width=\"768\" height=\"320\" src=\"https:\/\/www.isleofmanexperiences.com\/wp-content\/uploads\/2025\/12\/visitiom_header_11-768x320.jpg\" class=\"attachment-medium_large size-medium_large wp-image-23470\" alt=\"\" srcset=\"https:\/\/www.isleofmanexperiences.com\/wp-content\/uploads\/2025\/12\/visitiom_header_11-768x320.jpg 768w, https:\/\/www.isleofmanexperiences.com\/wp-content\/uploads\/2025\/12\/visitiom_header_11-800x333.jpg 800w, https:\/\/www.isleofmanexperiences.com\/wp-content\/uploads\/2025\/12\/visitiom_header_11-1600x667.jpg 1600w, https:\/\/www.isleofmanexperiences.com\/wp-content\/uploads\/2025\/12\/visitiom_header_11-1536x640.jpg 1536w, https:\/\/www.isleofmanexperiences.com\/wp-content\/uploads\/2025\/12\/visitiom_header_11-2048x853.jpg 2048w\" sizes=\"(max-width: 768px) 100vw, 768px\" \/>\t\t\t\t\t\t\t\t\t\t\t\t\t\t\t<\/div>\n\t\t\t\t<\/div>\n\t\t\t\t<div class=\"elementor-element elementor-element-25b1de35 elementor-widget elementor-widget-text-editor\" data-id=\"25b1de35\" data-element_type=\"widget\" data-e-type=\"widget\" data-widget_type=\"text-editor.default\">\n\t\t\t\t<div class=\"elementor-widget-container\">\n\t\t\t\t\t\t\t\t\t<h4><strong>Le Chemin de fer \u00e0 vapeur de l'\u00cele de Man<\/strong><\/h4><p>Le chemin de fer \u00e0 vapeur de l'\u00eele de Man remonte \u00e0 1873, ce qui en fait l'un des plus anciens chemins de fer \u00e0 vapeur encore en activit\u00e9 au monde. Il offre un voyage captivant \u00e0 travers la magnifique campagne de l'\u00eele de Man, reliant Douglas \u00e0 Port Erin, dans le sud de l'\u00eele.\u00a0<\/p><p>Les locomotives \u00e0 vapeur m\u00e9ticuleusement pr\u00e9serv\u00e9es offrent un aper\u00e7u authentique et atmosph\u00e9rique des transports victoriens. Profitez du son du sifflet \u00e0 vapeur, du claquement des roues sur les rails et de l'odeur de la machine \u00e0 vapeur, qui ajoutent \u00e0 la nostalgie.<\/p>\t\t\t\t\t\t\t\t<\/div>\n\t\t\t\t<\/div>\n\t\t\t\t<div class=\"elementor-element elementor-element-a88ecc7 elementor-widget elementor-widget-text-editor\" data-id=\"a88ecc7\" data-element_type=\"widget\" data-e-type=\"widget\" data-widget_type=\"text-editor.default\">\n\t\t\t\t<div class=\"elementor-widget-container\">\n\t\t\t\t\t\t\t\t\t<h4><strong>Le chemin de fer \u00e9lectrique de Man<\/strong><\/h4><p>Le Manx Electric Railway est en service depuis 1893 et longe la c\u00f4te Est de l'\u00eele de Man, faisant de ces tramways \u00e9lectriques historiques une attraction incontournable.\u00a0<\/p><p>Ces merveilles sont le plus ancien r\u00e9seau de tramways en service continu au monde et offrent une vue unique sur la magnifique campagne et le littoral de l\u2019\u00eele en direction de Ramsey, au nord de l\u2019\u00eele. Choisissez parmi les wagons en plein air pour profiter de la brise marine fra\u00eeche et prendre des photos sans obstruction, ou restez confortablement \u00e0 l\u2019int\u00e9rieur pour un aper\u00e7u du pass\u00e9.<\/p>\t\t\t\t\t\t\t\t<\/div>\n\t\t\t\t<\/div>\n\t\t\t\t<div class=\"elementor-element elementor-element-3cb7f9c elementor-widget elementor-widget-text-editor\" data-id=\"3cb7f9c\" data-element_type=\"widget\" data-e-type=\"widget\" data-widget_type=\"text-editor.default\">\n\t\t\t\t<div class=\"elementor-widget-container\">\n\t\t\t\t\t\t\t\t\t<h4><strong>Le chemin de fer de montagne Snaefell<\/strong><\/h4><p>Le Snaefell Mountain Railway a \u00e9t\u00e9 inaugur\u00e9 en 1895 et constitue l'un des chemins de fer les plus uniques et pittoresques de l'\u00eele de Man, offrant un moyen passionnant d'atteindre le plus haut sommet de l'\u00eele, le Snaefell, depuis Laxey sur la c\u00f4te Est.\u00a0<\/p><p>Le court trajet de 8 kilom\u00e8tres traverse un m\u00e9lange saisissant de paysages et monte r\u00e9guli\u00e8rement jusqu'au sommet du Snaefell, qui, par temps clair, offre une vue panoramique spectaculaire des \u2018 Sept Royaumes \u2019 : l'\u00eele elle-m\u00eame, l'Angleterre, l'Irlande, l'\u00c9cosse, le pays de Galles, la mer en contrebas et le ciel au-dessus.<\/p>\t\t\t\t\t\t\t\t<\/div>\n\t\t\t\t<\/div>\n\t\t\t\t<div class=\"elementor-element elementor-element-c543488 elementor-widget elementor-widget-text-editor\" data-id=\"c543488\" data-element_type=\"widget\" data-e-type=\"widget\" data-widget_type=\"text-editor.default\">\n\t\t\t\t<div class=\"elementor-widget-container\">\n\t\t\t\t\t\t\t\t\t<p>Avec les transports publics et les passes patrimoniaux inclus, assurez-vous d'inclure dans votre visite certains des sites patrimoniaux embl\u00e9matiques de l'\u00eele tels que la Grande Roue de Laxey, le Ch\u00e2teau Rushen, le Ch\u00e2teau de Peel, Cregneash et le Manx Museum.<\/p>\t\t\t\t\t\t\t\t<\/div>\n\t\t\t\t<\/div>\n\t\t\t\t<\/div>\n\t\t<div class=\"elementor-element elementor-element-75f631f5 e-con-full e-flex e-con e-child\" data-id=\"75f631f5\" data-element_type=\"container\" data-e-type=\"container\">\n\t\t\t\t<div class=\"elementor-element elementor-element-aa36004 elementor-widget elementor-widget-text-editor\" data-id=\"aa36004\" data-element_type=\"widget\" data-e-type=\"widget\" data-widget_type=\"text-editor.default\">\n\t\t\t\t<div class=\"elementor-widget-container\">\n\t\t\t\t\t\t\t\t\t<h4><strong>Ce qui est inclus<\/strong><\/h4><ul><li>Billets de ferry pour pi\u00e9tons<\/li><li>H\u00f4tel 3 ou 4 \u00e9toiles (3 nuits)<\/li><li>Base chambre et petit-d\u00e9jeuner<\/li><li>Passe de transport public de l'\u00eele de Man<\/li><li>Passeport Patrimoine National de Man<\/li><\/ul>\t\t\t\t\t\t\t\t<\/div>\n\t\t\t\t<\/div>\n\t\t\t\t<div class=\"elementor-element elementor-element-179d317 elementor-widget elementor-widget-text-editor\" data-id=\"179d317\" data-element_type=\"widget\" data-e-type=\"widget\" data-widget_type=\"text-editor.default\">\n\t\t\t\t<div class=\"elementor-widget-container\">\n\t\t\t\t\t\t\t\t\t<h4><strong>Informations importantes<\/strong><\/h4><ul><li>Convient \u00e0 tous les \u00e2ges<\/li><li>Disponible d'avril \u00e0 septembre<\/li><li>L'acc\u00e8s en fauteuil roulant et les autres besoins peuvent \u00eatre organis\u00e9s, sous r\u00e9serve de disponibilit\u00e9.<\/li><\/ul>\t\t\t\t\t\t\t\t<\/div>\n\t\t\t\t<\/div>\n\t\t\t\t<\/div>\n\t\t\t\t\t<\/div>\n\t\t\t\t<\/div>\n\t\t\t\t<\/div>","protected":false},"excerpt":{"rendered":"<p>Remontez le temps pour d\u00e9couvrir les chemins de fer et les tramways embl\u00e9matiques de l'\u00eele de Man, qui offrent un voyage nostalgique \u00e0 travers sa riche histoire, sa beaut\u00e9 naturelle et ses monuments culturels.<\/p>","protected":false},"author":3,"featured_media":0,"parent":0,"menu_order":0,"comment_status":"closed","ping_status":"closed","template":"","meta":{"footnotes":""},"experience-type":[],"event":[],"class_list":["post-23601","page","type-page","status-publish","hentry"],"_links":{"self":[{"href":"https:\/\/www.isleofmanexperiences.com\/fr\/wp-json\/wp\/v2\/pages\/23601","targetHints":{"allow":["GET"]}}],"collection":[{"href":"https:\/\/www.isleofmanexperiences.com\/fr\/wp-json\/wp\/v2\/pages"}],"about":[{"href":"https:\/\/www.isleofmanexperiences.com\/fr\/wp-json\/wp\/v2\/types\/page"}],"author":[{"embeddable":true,"href":"https:\/\/www.isleofmanexperiences.com\/fr\/wp-json\/wp\/v2\/users\/3"}],"replies":[{"embeddable":true,"href":"https:\/\/www.isleofmanexperiences.com\/fr\/wp-json\/wp\/v2\/comments?post=23601"}],"version-history":[{"count":4,"href":"https:\/\/www.isleofmanexperiences.com\/fr\/wp-json\/wp\/v2\/pages\/23601\/revisions"}],"predecessor-version":[{"id":23605,"href":"https:\/\/www.isleofmanexperiences.com\/fr\/wp-json\/wp\/v2\/pages\/23601\/revisions\/23605"}],"wp:attachment":[{"href":"https:\/\/www.isleofmanexperiences.com\/fr\/wp-json\/wp\/v2\/media?parent=23601"}],"wp:term":[{"taxonomy":"experience-type","embeddable":true,"href":"https:\/\/www.isleofmanexperiences.com\/fr\/wp-json\/wp\/v2\/experience-type?post=23601"},{"taxonomy":"event","embeddable":true,"href":"https:\/\/www.isleofmanexperiences.com\/fr\/wp-json\/wp\/v2\/event?post=23601"}],"curies":[{"name":"wp","href":"https:\/\/api.w.org\/{rel}","templated":true}]}}