{"id":65,"date":"2025-03-27T19:12:18","date_gmt":"2025-03-27T19:12:18","guid":{"rendered":"https:\/\/www.isleofmanexperiences.com\/about\/"},"modified":"2026-03-04T15:58:41","modified_gmt":"2026-03-04T15:58:41","slug":"a-propos-de","status":"publish","type":"page","link":"https:\/\/www.isleofmanexperiences.com\/fr\/about\/","title":{"rendered":"A propos de"},"content":{"rendered":"<div data-elementor-type=\"wp-page\" data-elementor-id=\"65\" class=\"elementor elementor-65\" data-elementor-post-type=\"page\">\n\t\t\t\t\t\t<section class=\"elementor-section elementor-top-section elementor-element elementor-element-7ec4f6ac elementor-section-boxed elementor-section-height-default elementor-section-height-default\" data-id=\"7ec4f6ac\" data-element_type=\"section\" data-e-type=\"section\" data-settings=\"{&quot;background_background&quot;:&quot;classic&quot;}\">\n\t\t\t\t\t\t\t<div class=\"elementor-background-overlay\"><\/div>\n\t\t\t\t\t\t\t<div class=\"elementor-container elementor-column-gap-default\">\n\t\t\t\t\t<div class=\"elementor-column elementor-col-100 elementor-top-column elementor-element elementor-element-5be4b24f\" data-id=\"5be4b24f\" data-element_type=\"column\" data-e-type=\"column\">\n\t\t\t<div class=\"elementor-widget-wrap elementor-element-populated\">\n\t\t\t\t\t\t<div class=\"elementor-element elementor-element-167fbc78 elementor-widget elementor-widget-heading\" data-id=\"167fbc78\" data-element_type=\"widget\" data-e-type=\"widget\" data-widget_type=\"heading.default\">\n\t\t\t\t<div class=\"elementor-widget-container\">\n\t\t\t\t\t<h1 class=\"elementor-heading-title elementor-size-default\">\u00c0 propos de nous<\/h1>\t\t\t\t<\/div>\n\t\t\t\t<\/div>\n\t\t\t\t\t<\/div>\n\t\t<\/div>\n\t\t\t\t\t<\/div>\n\t\t<\/section>\n\t\t\t\t<section class=\"elementor-section elementor-top-section elementor-element elementor-element-700dd947 elementor-section-boxed elementor-section-height-default elementor-section-height-default\" data-id=\"700dd947\" data-element_type=\"section\" data-e-type=\"section\">\n\t\t\t\t\t\t<div class=\"elementor-container elementor-column-gap-default\">\n\t\t\t\t\t<div class=\"elementor-column elementor-col-100 elementor-top-column elementor-element elementor-element-5df37c70\" data-id=\"5df37c70\" data-element_type=\"column\" data-e-type=\"column\">\n\t\t\t<div class=\"elementor-widget-wrap elementor-element-populated\">\n\t\t\t\t\t\t<div class=\"elementor-element elementor-element-e4d88b0 elementor-widget elementor-widget-heading\" data-id=\"e4d88b0\" data-element_type=\"widget\" data-e-type=\"widget\" data-widget_type=\"heading.default\">\n\t\t\t\t<div class=\"elementor-widget-container\">\n\t\t\t\t\t<h2 class=\"elementor-heading-title elementor-size-default\">Qui sommes-nous ?<\/h2>\t\t\t\t<\/div>\n\t\t\t\t<\/div>\n\t\t\t\t<div class=\"elementor-element elementor-element-42843344 elementor-widget-divider--view-line elementor-widget elementor-widget-divider\" data-id=\"42843344\" data-element_type=\"widget\" data-e-type=\"widget\" data-widget_type=\"divider.default\">\n\t\t\t\t<div class=\"elementor-widget-container\">\n\t\t\t\t\t\t\t<div class=\"elementor-divider\">\n\t\t\t<span class=\"elementor-divider-separator\">\n\t\t\t\t\t\t<\/span>\n\t\t<\/div>\n\t\t\t\t\t\t<\/div>\n\t\t\t\t<\/div>\n\t\t\t\t<div class=\"elementor-element elementor-element-9d16974 elementor-widget elementor-widget-text-editor\" data-id=\"9d16974\" data-element_type=\"widget\" data-e-type=\"widget\" data-widget_type=\"text-editor.default\">\n\t\t\t\t<div class=\"elementor-widget-container\">\n\t\t\t\t\t\t\t\t\t<p><b>Isle of Man Experiences a d\u00e9but\u00e9 avec un objectif : aider les gens \u00e0 voir et \u00e0 ressentir l'\u00eele de Man comme nous le faisons.\u00a0<\/b><\/p><p>Nous sommes une \u00e9quipe locale qui vit et respire cette \u00eele, de ses c\u00f4tes sauvages \u00e0 ses recoins accueillants. Nous avons remarqu\u00e9 que les visiteurs passaient souvent \u00e0 c\u00f4t\u00e9 de la vraie magie - les histoires, les saveurs, la cr\u00e9ativit\u00e9 - et nous avons donc cr\u00e9\u00e9 quelque chose pour changer cela.<\/p><p>Aujourd'hui, nous concevons des exp\u00e9riences qui vont au-del\u00e0 du guide. Des visites guid\u00e9es aux ateliers pratiques, en passant par l'artisanat local et l'acc\u00e8s \u00e0 des \u00e9v\u00e9nements uniques sur l'\u00eele, notre objectif est de cr\u00e9er des liens. Que vous souhaitiez \u00e9couter des l\u00e9gendes lors d'une promenade \u00e0 flanc de falaise, vous essayer \u00e0 l'artisanat traditionnel ou go\u00fbter le meilleur de la cuisine et des boissons mannoises, nous avons quelque chose de sp\u00e9cial \u00e0 vous proposer.<\/p><p>Nous faisons en sorte que ce soit personnel, amusant et sans stress - pas de forfaits \u00e0 l'emporte-pi\u00e8ce ni de grandes foules. Juste de vrais moments, pr\u00e9par\u00e9s par des gens qui aiment l'endroit o\u00f9 ils vivent et qui veulent le partager avec vous.<\/p>\t\t\t\t\t\t\t\t<\/div>\n\t\t\t\t<\/div>\n\t\t\t\t<section class=\"elementor-section elementor-inner-section elementor-element elementor-element-1a32c4c0 elementor-section-boxed elementor-section-height-default elementor-section-height-default\" data-id=\"1a32c4c0\" data-element_type=\"section\" data-e-type=\"section\">\n\t\t\t\t\t\t<div class=\"elementor-container elementor-column-gap-default\">\n\t\t\t\t\t<div class=\"elementor-column elementor-col-25 elementor-inner-column elementor-element elementor-element-37f10656\" data-id=\"37f10656\" data-element_type=\"column\" data-e-type=\"column\">\n\t\t\t<div class=\"elementor-widget-wrap elementor-element-populated\">\n\t\t\t\t\t\t<div class=\"elementor-element elementor-element-06fc18f elementor-position-top elementor-widget elementor-widget-image-box\" data-id=\"06fc18f\" data-element_type=\"widget\" data-e-type=\"widget\" data-widget_type=\"image-box.default\">\n\t\t\t\t<div class=\"elementor-widget-container\">\n\t\t\t\t\t<div class=\"elementor-image-box-wrapper\"><figure class=\"elementor-image-box-img\"><img fetchpriority=\"high\" decoding=\"async\" width=\"500\" height=\"500\" src=\"https:\/\/www.isleofmanexperiences.com\/wp-content\/uploads\/2025\/03\/travel-07.png\" class=\"attachment-full size-full wp-image-224\" alt=\"\" srcset=\"https:\/\/www.isleofmanexperiences.com\/wp-content\/uploads\/2025\/03\/travel-07.png 500w, https:\/\/www.isleofmanexperiences.com\/wp-content\/uploads\/2025\/03\/travel-07-300x300.png 300w, https:\/\/www.isleofmanexperiences.com\/wp-content\/uploads\/2025\/03\/travel-07-150x150.png 150w\" sizes=\"(max-width: 500px) 100vw, 500px\" \/><\/figure><div class=\"elementor-image-box-content\"><h3 class=\"elementor-image-box-title\">L'exp\u00e9rience de l'OIM<\/h3><p class=\"elementor-image-box-description\">Vous offrir des exp\u00e9riences de voyage sur mesure <\/p><\/div><\/div>\t\t\t\t<\/div>\n\t\t\t\t<\/div>\n\t\t\t\t\t<\/div>\n\t\t<\/div>\n\t\t\t\t<div class=\"elementor-column elementor-col-25 elementor-inner-column elementor-element elementor-element-34f7c020\" data-id=\"34f7c020\" data-element_type=\"column\" data-e-type=\"column\">\n\t\t\t<div class=\"elementor-widget-wrap elementor-element-populated\">\n\t\t\t\t\t\t<div class=\"elementor-element elementor-element-049ca1c elementor-position-top elementor-widget elementor-widget-image-box\" data-id=\"049ca1c\" data-element_type=\"widget\" data-e-type=\"widget\" data-widget_type=\"image-box.default\">\n\t\t\t\t<div class=\"elementor-widget-container\">\n\t\t\t\t\t<div class=\"elementor-image-box-wrapper\"><figure class=\"elementor-image-box-img\"><img decoding=\"async\" width=\"503\" height=\"554\" src=\"https:\/\/www.isleofmanexperiences.com\/wp-content\/uploads\/2025\/05\/IOM.png\" class=\"attachment-full size-full wp-image-941\" alt=\"\" srcset=\"https:\/\/www.isleofmanexperiences.com\/wp-content\/uploads\/2025\/05\/IOM.png 503w, https:\/\/www.isleofmanexperiences.com\/wp-content\/uploads\/2025\/05\/IOM-481x530.png 481w\" sizes=\"(max-width: 503px) 100vw, 503px\" \/><\/figure><div class=\"elementor-image-box-content\"><h3 class=\"elementor-image-box-title\">La culture mannoise authentique<\/h3><p class=\"elementor-image-box-description\">Plongez dans le riche patrimoine de l'\u00eele de Man<\/p><\/div><\/div>\t\t\t\t<\/div>\n\t\t\t\t<\/div>\n\t\t\t\t\t<\/div>\n\t\t<\/div>\n\t\t\t\t<div class=\"elementor-column elementor-col-25 elementor-inner-column elementor-element elementor-element-6fbe90c7\" data-id=\"6fbe90c7\" data-element_type=\"column\" data-e-type=\"column\">\n\t\t\t<div class=\"elementor-widget-wrap elementor-element-populated\">\n\t\t\t\t\t\t<div class=\"elementor-element elementor-element-6688052 elementor-position-top elementor-widget elementor-widget-image-box\" data-id=\"6688052\" data-element_type=\"widget\" data-e-type=\"widget\" data-widget_type=\"image-box.default\">\n\t\t\t\t<div class=\"elementor-widget-container\">\n\t\t\t\t\t<div class=\"elementor-image-box-wrapper\"><figure class=\"elementor-image-box-img\"><img decoding=\"async\" width=\"500\" height=\"500\" src=\"https:\/\/www.isleofmanexperiences.com\/wp-content\/uploads\/2025\/03\/travel-08.png\" class=\"attachment-full size-full wp-image-237\" alt=\"\" srcset=\"https:\/\/www.isleofmanexperiences.com\/wp-content\/uploads\/2025\/03\/travel-08.png 500w, https:\/\/www.isleofmanexperiences.com\/wp-content\/uploads\/2025\/03\/travel-08-300x300.png 300w, https:\/\/www.isleofmanexperiences.com\/wp-content\/uploads\/2025\/03\/travel-08-150x150.png 150w\" sizes=\"(max-width: 500px) 100vw, 500px\" \/><\/figure><div class=\"elementor-image-box-content\"><h3 class=\"elementor-image-box-title\">Programme complet<\/h3><p class=\"elementor-image-box-description\">Exp\u00e9riences disponibles tout au long de l'ann\u00e9e <\/p><\/div><\/div>\t\t\t\t<\/div>\n\t\t\t\t<\/div>\n\t\t\t\t\t<\/div>\n\t\t<\/div>\n\t\t\t\t<div class=\"elementor-column elementor-col-25 elementor-inner-column elementor-element elementor-element-1486b924\" data-id=\"1486b924\" data-element_type=\"column\" data-e-type=\"column\">\n\t\t\t<div class=\"elementor-widget-wrap elementor-element-populated\">\n\t\t\t\t\t\t<div class=\"elementor-element elementor-element-1c6342c elementor-position-top elementor-widget elementor-widget-image-box\" data-id=\"1c6342c\" data-element_type=\"widget\" data-e-type=\"widget\" data-widget_type=\"image-box.default\">\n\t\t\t\t<div class=\"elementor-widget-container\">\n\t\t\t\t\t<div class=\"elementor-image-box-wrapper\"><figure class=\"elementor-image-box-img\"><img loading=\"lazy\" decoding=\"async\" width=\"500\" height=\"500\" src=\"https:\/\/www.isleofmanexperiences.com\/wp-content\/uploads\/2025\/03\/travel-01.png\" class=\"attachment-full size-full wp-image-248\" alt=\"\" srcset=\"https:\/\/www.isleofmanexperiences.com\/wp-content\/uploads\/2025\/03\/travel-01.png 500w, https:\/\/www.isleofmanexperiences.com\/wp-content\/uploads\/2025\/03\/travel-01-300x300.png 300w, https:\/\/www.isleofmanexperiences.com\/wp-content\/uploads\/2025\/03\/travel-01-150x150.png 150w\" sizes=\"(max-width: 500px) 100vw, 500px\" \/><\/figure><div class=\"elementor-image-box-content\"><h3 class=\"elementor-image-box-title\">Connaissance des experts<\/h3><p class=\"elementor-image-box-description\">Des exp\u00e9riences con\u00e7ues par nos experts en voyage <\/p><\/div><\/div>\t\t\t\t<\/div>\n\t\t\t\t<\/div>\n\t\t\t\t\t<\/div>\n\t\t<\/div>\n\t\t\t\t\t<\/div>\n\t\t<\/section>\n\t\t\t\t\t<\/div>\n\t\t<\/div>\n\t\t\t\t\t<\/div>\n\t\t<\/section>\n\t\t\t\t<section class=\"elementor-section elementor-top-section elementor-element elementor-element-af7e4b6 elementor-section-boxed elementor-section-height-default elementor-section-height-default\" data-id=\"af7e4b6\" data-element_type=\"section\" data-e-type=\"section\">\n\t\t\t\t\t\t\t<div class=\"elementor-background-overlay\"><\/div>\n\t\t\t\t\t\t\t<div class=\"elementor-container elementor-column-gap-narrow\">\n\t\t\t\t\t<div class=\"elementor-column elementor-col-100 elementor-top-column elementor-element elementor-element-57b27df\" data-id=\"57b27df\" data-element_type=\"column\" data-e-type=\"column\" data-settings=\"{&quot;background_background&quot;:&quot;classic&quot;}\">\n\t\t\t<div class=\"elementor-widget-wrap elementor-element-populated\">\n\t\t\t\t\t<div class=\"elementor-background-overlay\"><\/div>\n\t\t\t\t\t\t<section class=\"elementor-section elementor-inner-section elementor-element elementor-element-52b12f5 elementor-section-boxed elementor-section-height-default elementor-section-height-default\" data-id=\"52b12f5\" data-element_type=\"section\" data-e-type=\"section\">\n\t\t\t\t\t\t<div class=\"elementor-container elementor-column-gap-default\">\n\t\t\t\t\t<div class=\"elementor-column elementor-col-100 elementor-inner-column elementor-element elementor-element-eb8403d\" data-id=\"eb8403d\" data-element_type=\"column\" data-e-type=\"column\">\n\t\t\t<div class=\"elementor-widget-wrap elementor-element-populated\">\n\t\t\t\t\t\t<div class=\"elementor-element elementor-element-8f848c6 elementor-widget elementor-widget-heading\" data-id=\"8f848c6\" data-element_type=\"widget\" data-e-type=\"widget\" data-widget_type=\"heading.default\">\n\t\t\t\t<div class=\"elementor-widget-container\">\n\t\t\t\t\t<h1 class=\"elementor-heading-title elementor-size-default\">R\u00e9server en toute confiance<\/h1>\t\t\t\t<\/div>\n\t\t\t\t<\/div>\n\t\t\t\t<div class=\"elementor-element elementor-element-c560a74 elementor-widget elementor-widget-heading\" data-id=\"c560a74\" data-element_type=\"widget\" data-e-type=\"widget\" data-widget_type=\"heading.default\">\n\t\t\t\t<div class=\"elementor-widget-container\">\n\t\t\t\t\t<h5 class=\"elementor-heading-title elementor-size-default\"><a href=\"https:\/\/www.isleofmanexperiences.com\/fr\/experiences\/\">Paiements s\u00e9curis\u00e9s. Annulation gratuite. \u00c9quipe d'assistance locale sur l'\u00eele.<\/a><\/h5>\t\t\t\t<\/div>\n\t\t\t\t<\/div>\n\t\t\t\t\t<\/div>\n\t\t<\/div>\n\t\t\t\t\t<\/div>\n\t\t<\/section>\n\t\t\t\t\t<\/div>\n\t\t<\/div>\n\t\t\t\t\t<\/div>\n\t\t<\/section>\n\t\t\t\t<\/div>","protected":false},"excerpt":{"rendered":"<p>About Us Who We Are Isle of Man Experiences began with one goal: to help people see and feel the Isle of Man the way we do.\u00a0 We&#8217;re a local team who live and breathe this island, from its wild coastlines to its cosy corners. We noticed visitors often missed the real magic\u2014the stories, the [&hellip;]<\/p>\n","protected":false},"author":3,"featured_media":0,"parent":0,"menu_order":0,"comment_status":"closed","ping_status":"closed","template":"elementor_header_footer","meta":{"footnotes":""},"experience-type":[],"event":[],"class_list":["post-65","page","type-page","status-publish","hentry"],"_links":{"self":[{"href":"https:\/\/www.isleofmanexperiences.com\/fr\/wp-json\/wp\/v2\/pages\/65","targetHints":{"allow":["GET"]}}],"collection":[{"href":"https:\/\/www.isleofmanexperiences.com\/fr\/wp-json\/wp\/v2\/pages"}],"about":[{"href":"https:\/\/www.isleofmanexperiences.com\/fr\/wp-json\/wp\/v2\/types\/page"}],"author":[{"embeddable":true,"href":"https:\/\/www.isleofmanexperiences.com\/fr\/wp-json\/wp\/v2\/users\/3"}],"replies":[{"embeddable":true,"href":"https:\/\/www.isleofmanexperiences.com\/fr\/wp-json\/wp\/v2\/comments?post=65"}],"version-history":[{"count":61,"href":"https:\/\/www.isleofmanexperiences.com\/fr\/wp-json\/wp\/v2\/pages\/65\/revisions"}],"predecessor-version":[{"id":23653,"href":"https:\/\/www.isleofmanexperiences.com\/fr\/wp-json\/wp\/v2\/pages\/65\/revisions\/23653"}],"wp:attachment":[{"href":"https:\/\/www.isleofmanexperiences.com\/fr\/wp-json\/wp\/v2\/media?parent=65"}],"wp:term":[{"taxonomy":"experience-type","embeddable":true,"href":"https:\/\/www.isleofmanexperiences.com\/fr\/wp-json\/wp\/v2\/experience-type?post=65"},{"taxonomy":"event","embeddable":true,"href":"https:\/\/www.isleofmanexperiences.com\/fr\/wp-json\/wp\/v2\/event?post=65"}],"curies":[{"name":"wp","href":"https:\/\/api.w.org\/{rel}","templated":true}]}}