{"id":722,"date":"2025-04-24T17:16:52","date_gmt":"2025-04-24T17:16:52","guid":{"rendered":"https:\/\/www.isleofmanexperiences.com\/?page_id=722"},"modified":"2025-08-12T14:24:12","modified_gmt":"2025-08-12T14:24:12","slug":"musee-du-vehicule-de-lile-de-man-circuit-tt-tour","status":"publish","type":"page","link":"https:\/\/www.isleofmanexperiences.com\/fr\/isle-of-man-motor-museum-tt-course-tour\/","title":{"rendered":"Isle of Man Motor Museum &amp; TT Course Tour"},"content":{"rendered":"<div data-elementor-type=\"wp-page\" data-elementor-id=\"722\" class=\"elementor elementor-722\" data-elementor-post-type=\"page\">\n\t\t\t\t\t\t<section class=\"elementor-section elementor-top-section elementor-element elementor-element-57f55f92 elementor-section-boxed elementor-section-height-default elementor-section-height-default\" data-id=\"57f55f92\" data-element_type=\"section\" data-e-type=\"section\" data-settings=\"{&quot;background_background&quot;:&quot;classic&quot;}\">\n\t\t\t\t\t\t\t<div class=\"elementor-background-overlay\"><\/div>\n\t\t\t\t\t\t\t<div class=\"elementor-container elementor-column-gap-default\">\n\t\t\t\t\t<div class=\"elementor-column elementor-col-100 elementor-top-column elementor-element elementor-element-7c3a86e\" data-id=\"7c3a86e\" data-element_type=\"column\" data-e-type=\"column\">\n\t\t\t<div class=\"elementor-widget-wrap elementor-element-populated\">\n\t\t\t\t\t\t<div class=\"elementor-element elementor-element-4962e434 elementor-widget elementor-widget-heading\" data-id=\"4962e434\" data-element_type=\"widget\" data-e-type=\"widget\" data-widget_type=\"heading.default\">\n\t\t\t\t<div class=\"elementor-widget-container\">\n\t\t\t\t\t<h2 class=\"elementor-heading-title elementor-size-default\">L'exp\u00e9rience du TT de l'\u00eele de Man<\/h2>\t\t\t\t<\/div>\n\t\t\t\t<\/div>\n\t\t\t\t\t<\/div>\n\t\t<\/div>\n\t\t\t\t\t<\/div>\n\t\t<\/section>\n\t\t<div class=\"elementor-element elementor-element-73121f7a e-flex e-con-boxed e-con e-parent\" data-id=\"73121f7a\" data-element_type=\"container\" data-e-type=\"container\">\n\t\t\t\t\t<div class=\"e-con-inner\">\n\t\t<div class=\"elementor-element elementor-element-2d240c36 e-con-full e-flex e-con e-child\" data-id=\"2d240c36\" data-element_type=\"container\" data-e-type=\"container\">\n\t\t\t\t<div class=\"elementor-element elementor-element-16b6a1d6 elementor-widget elementor-widget-heading\" data-id=\"16b6a1d6\" data-element_type=\"widget\" data-e-type=\"widget\" data-widget_type=\"heading.default\">\n\t\t\t\t<div class=\"elementor-widget-container\">\n\t\t\t\t\t<h2 class=\"elementor-heading-title elementor-size-default\">Circuit TT de l'\u00eele de Man et visite du mus\u00e9e de l'automobile<\/h2>\t\t\t\t<\/div>\n\t\t\t\t<\/div>\n\t\t\t\t<div class=\"elementor-element elementor-element-7371a963 elementor-widget elementor-widget-image\" data-id=\"7371a963\" data-element_type=\"widget\" data-e-type=\"widget\" data-widget_type=\"image.default\">\n\t\t\t\t<div class=\"elementor-widget-container\">\n\t\t\t\t\t\t\t\t\t\t\t\t\t\t\t<img fetchpriority=\"high\" decoding=\"async\" width=\"768\" height=\"512\" src=\"https:\/\/www.isleofmanexperiences.com\/wp-content\/uploads\/2025\/04\/52290577307_4adaac32b8_k-768x512.jpg\" class=\"attachment-medium_large size-medium_large wp-image-567\" alt=\"\" srcset=\"https:\/\/www.isleofmanexperiences.com\/wp-content\/uploads\/2025\/04\/52290577307_4adaac32b8_k-768x512.jpg 768w, https:\/\/www.isleofmanexperiences.com\/wp-content\/uploads\/2025\/04\/52290577307_4adaac32b8_k-300x200.jpg 300w, https:\/\/www.isleofmanexperiences.com\/wp-content\/uploads\/2025\/04\/52290577307_4adaac32b8_k-1024x683.jpg 1024w, https:\/\/www.isleofmanexperiences.com\/wp-content\/uploads\/2025\/04\/52290577307_4adaac32b8_k-1536x1024.jpg 1536w, https:\/\/www.isleofmanexperiences.com\/wp-content\/uploads\/2025\/04\/52290577307_4adaac32b8_k.jpg 2048w\" sizes=\"(max-width: 768px) 100vw, 768px\" \/>\t\t\t\t\t\t\t\t\t\t\t\t\t\t\t<\/div>\n\t\t\t\t<\/div>\n\t\t\t\t<div class=\"elementor-element elementor-element-1e905683 elementor-widget elementor-widget-text-editor\" data-id=\"1e905683\" data-element_type=\"widget\" data-e-type=\"widget\" data-widget_type=\"text-editor.default\">\n\t\t\t\t<div class=\"elementor-widget-container\">\n\t\t\t\t\t\t\t\t\t<h4><strong>Vue d'ensemble<\/strong><\/h4><p data-sourcepos=\"51:1-51:341\">Plongez au c\u0153ur de la culture motocycliste l\u00e9gendaire de l'\u00eele de Man avec notre visite ultime du circuit de l'\u00eele de Man TT et du mus\u00e9e de l'automobile. Cette exp\u00e9rience unique est un incontournable pour tout fan de courses de motos ou passionn\u00e9 d'automobile visitant l'\u00eele, offrant un voyage in\u00e9gal\u00e9 dans le monde des courses de l'\u00eele de Man TT.<\/p><p data-sourcepos=\"53:1-53:491\">Votre aventure commence par un tour guid\u00e9 passionnant du c\u00e9l\u00e8bre circuit du TT. Notre expert local, bien inform\u00e9, vous guidera \u00e0 travers chaque virage embl\u00e9matique et chaque ligne droite, partageant la riche histoire du TT depuis ses humbles d\u00e9buts en 1907 jusqu'aux \u00e9v\u00e9nements les plus r\u00e9cents, o\u00f9 les meilleurs pilotes du TT ont atteint des vitesses incroyables d\u00e9passant les 320 km\/h et des vitesses moyennes au tour de plus de 219 km\/h. D\u00e9couvrez les histoires derri\u00e8re la course sur route la plus dangereuse du monde et ressentez l'h\u00e9ritage des l\u00e9gendes du TT.<\/p><p data-sourcepos=\"55:1-55:555\">Apr\u00e8s avoir parcouru la moiti\u00e9 du parcours l\u00e9gendaire, votre circuit de moto sur l'\u00eele de Man se poursuit avec une visite fascinante au Isle of Man Motor Museum. L\u00e0, vous serez captiv\u00e9 par une collection \u00e9tendue et unique de plus de 500 v\u00e9hicules. Des mod\u00e8les pionniers comme la Ford Mod\u00e8le T aux v\u00e9ritables machines de course du TT du h\u00e9ros local Conor Cummins (Kawasaki ZX-10R 2009) et du champion multiple John McGuinness (Honda RLR 400 2004). D\u00e9couvrez les motos pilot\u00e9es par d'autres ic\u00f4nes du TT telles que Joey Dunlop, Richard \u2018Milky\u2019 Quayle et Steve Hislop.<\/p><p data-sourcepos=\"57:1-57:218\">Passez des heures \u00e0 admirer l'histoire de l'automobile de l'\u00eele de Man, et une collection de r\u00eave pour tout passionn\u00e9 de moto. Ce circuit de course de l'\u00eele de Man est le moyen id\u00e9al d'explorer le lien profond de l'\u00eele avec le sport automobile.<\/p>\t\t\t\t\t\t\t\t<\/div>\n\t\t\t\t<\/div>\n\t\t\t\t<div class=\"elementor-element elementor-element-78ede1d elementor-widget elementor-widget-text-editor\" data-id=\"78ede1d\" data-element_type=\"widget\" data-e-type=\"widget\" data-widget_type=\"text-editor.default\">\n\t\t\t\t<div class=\"elementor-widget-container\">\n\t\t\t\t\t\t\t\t\t<h4><strong>Ce qui est inclus<\/strong><\/h4><ul><li><b>Retrait pratique<\/b>Profitez d'un voyage sans stress avec une prise en charge gratuite \u00e0 votre h\u00e9bergement ou \u00e0 un point de rencontre central \u00e0 Douglas, \u00eele de Man.<\/li><li data-sourcepos=\"20:1-20:212\"><b>Tour de circuit TT guid\u00e9 par un expert :<\/b> Embarquez pour un tour guid\u00e9 exaltant du parcours embl\u00e9matique de l'\u00eele de Man TT, anim\u00e9 par des commentaires d'experts en direct partageant des connaissances exclusives et des aper\u00e7us historiques.<\/li><li data-sourcepos=\"21:1-21:198\"><b>Mus\u00e9e de l'\u00eele de Man Moto Entr\u00e9e<\/b>: Vos billets d'entr\u00e9e sont inclus pour le c\u00e9l\u00e8bre Isle of Man Motor Museum, qui abrite une vaste collection de v\u00e9hicules historiques et de motos de course TT.<\/li><li data-sourcepos=\"22:1-23:0\"><b>Acc\u00e8s exclusif \u00e0 l'atelier<\/b>: Acc\u00e9dez aux coulisses avec une visite sp\u00e9ciale de l'atelier du mus\u00e9e, offrant un aper\u00e7u unique de la restauration et de la conservation des v\u00e9hicules.<\/li><\/ul>\t\t\t\t\t\t\t\t<\/div>\n\t\t\t\t<\/div>\n\t\t\t\t<div class=\"elementor-element elementor-element-8e61c8f elementor-widget elementor-widget-text-editor\" data-id=\"8e61c8f\" data-element_type=\"widget\" data-e-type=\"widget\" data-widget_type=\"text-editor.default\">\n\t\t\t\t<div class=\"elementor-widget-container\">\n\t\t\t\t\t\t\t\t\t<p data-sourcepos=\"38:1-38:63\"><strong>Pr\u00eat \u00e0 vivre l'ultime circuit de moto de l'\u00eele de Man ?<\/strong><\/p><p data-sourcepos=\"40:1-40:227\">Cette inoubliable tourn\u00e9e de l'\u00eele de Man est votre chance de vous connecter v\u00e9ritablement \u00e0 l'h\u00e9ritage de course de l'\u00eele. Ne manquez pas cette opportunit\u00e9 unique ; r\u00e9servez votre place d\u00e8s aujourd'hui et plongez-vous dans le monde du TT !<\/p><p data-sourcepos=\"42:1-42:17\"><strong>D\u00e9tails du circuit :<\/strong><\/p><ul data-sourcepos=\"43:1-46:0\"><li data-sourcepos=\"43:1-43:96\"><strong>Heure de d\u00e9part :<\/strong> 09:30 du matin \u00e0 partir de <strong>Douglas<\/strong> (lieu de prise en charge exact confirm\u00e9 lors de la r\u00e9servation).<\/li><li data-sourcepos=\"44:1-44:87\"><strong>Heure de retour :<\/strong> Environ 13 h du <strong>Mus\u00e9e de l'\u00eele de Man Motor<\/strong> (Jurby).<\/li><li data-sourcepos=\"45:1-46:0\"><strong>Dur\u00e9e de l'enqu\u00eate :<\/strong> Environ 3,5 heures d'immersion <strong>Exploration de l'\u00eele de Man<\/strong>.<\/li><\/ul><p data-sourcepos=\"47:1-47:26\">\u00a0<\/p><p data-sourcepos=\"47:1-47:26\"><strong>Informations importantes :<\/strong><\/p><ul data-sourcepos=\"48:1-50:0\"><li data-sourcepos=\"48:1-48:241\"><strong>Taille du groupe :<\/strong> Cette excursion n\u00e9cessite un minimum de 4 participants. Dans le cas rare o\u00f9 le nombre minimum de participants n'est pas atteint, l'excursion peut \u00eatre annul\u00e9e. Nous vous en informerons \u00e0 l'avance et vous proposerons d'autres dates ou un remboursement int\u00e9gral.<\/li><li data-sourcepos=\"49:1-50:0\"><strong>R\u00e9servation \u00e0 l'avance :<\/strong> En raison de la popularit\u00e9 de nos visites guid\u00e9es TT et de leur disponibilit\u00e9 limit\u00e9e, nous recommandons vivement de r\u00e9server longtemps \u00e0 l'avance pour garantir votre place.<\/li><\/ul>\t\t\t\t\t\t\t\t<\/div>\n\t\t\t\t<\/div>\n\t\t\t\t<\/div>\n\t\t<div class=\"elementor-element elementor-element-6a93e9e7 e-con-full e-flex e-con e-child\" data-id=\"6a93e9e7\" data-element_type=\"container\" data-e-type=\"container\">\n\t\t\t\t<div class=\"elementor-element elementor-element-444c111 elementor-widget elementor-widget-text-editor\" data-id=\"444c111\" data-element_type=\"widget\" data-e-type=\"widget\" data-widget_type=\"text-editor.default\">\n\t\t\t\t<div class=\"elementor-widget-container\">\n\t\t\t\t\t\t\t\t\t<script src=\"https:\/\/assets.ticketinghub.com\/checkout.js\" data-widget=\"6663ad7f-d8ec-46f8-8742-5df9aa8e8b0a\"><span data-mce-type=\"bookmark\" style=\"display: inline-block; width: 0px; overflow: hidden; line-height: 0;\" class=\"mce_SELRES_start\">\ufeff<\/span><span data-mce-type=\"bookmark\" style=\"display: inline-block; width: 0px; overflow: hidden; line-height: 0;\" class=\"mce_SELRES_start\">\ufeff<\/span><\/script>\t\t\t\t\t\t\t\t<\/div>\n\t\t\t\t<\/div>\n\t\t\t\t<\/div>\n\t\t\t\t\t<\/div>\n\t\t\t\t<\/div>\n\t\t<div class=\"elementor-element elementor-element-2d95efa2 e-flex e-con-boxed e-con e-parent\" data-id=\"2d95efa2\" data-element_type=\"container\" data-e-type=\"container\">\n\t\t\t\t\t<div class=\"e-con-inner\">\n\t\t<div class=\"elementor-element elementor-element-74dfa3e7 e-con-full e-flex e-con e-child\" data-id=\"74dfa3e7\" data-element_type=\"container\" data-e-type=\"container\">\n\t\t\t\t<div class=\"elementor-element elementor-element-3244a3b elementor-widget elementor-widget-gallery\" data-id=\"3244a3b\" data-element_type=\"widget\" data-e-type=\"widget\" data-settings=\"{&quot;columns&quot;:3,&quot;aspect_ratio&quot;:&quot;4:3&quot;,&quot;lazyload&quot;:&quot;yes&quot;,&quot;gallery_layout&quot;:&quot;grid&quot;,&quot;columns_tablet&quot;:2,&quot;columns_mobile&quot;:1,&quot;gap&quot;:{&quot;unit&quot;:&quot;px&quot;,&quot;size&quot;:10,&quot;sizes&quot;:[]},&quot;gap_tablet&quot;:{&quot;unit&quot;:&quot;px&quot;,&quot;size&quot;:10,&quot;sizes&quot;:[]},&quot;gap_mobile&quot;:{&quot;unit&quot;:&quot;px&quot;,&quot;size&quot;:10,&quot;sizes&quot;:[]},&quot;link_to&quot;:&quot;file&quot;,&quot;overlay_background&quot;:&quot;yes&quot;,&quot;content_hover_animation&quot;:&quot;fade-in&quot;}\" data-widget_type=\"gallery.default\">\n\t\t\t\t<div class=\"elementor-widget-container\">\n\t\t\t\t\t\t\t<div class=\"elementor-gallery__container\">\n\t\t\t\t\t\t\t<a class=\"e-gallery-item elementor-gallery-item elementor-animated-content\" href=\"https:\/\/www.isleofmanexperiences.com\/wp-content\/uploads\/2025\/04\/IMG_9570-1.jpeg\" data-elementor-open-lightbox=\"yes\" data-elementor-lightbox-slideshow=\"3244a3b\" data-elementor-lightbox-title=\"IMG_9570-1.jpeg\" data-e-action-hash=\"#elementor-action%3Aaction%3Dlightbox%26settings%3DeyJpZCI6NTcwLCJ1cmwiOiJodHRwczpcL1wvd3d3LmlzbGVvZm1hbmV4cGVyaWVuY2VzLmNvbVwvd3AtY29udGVudFwvdXBsb2Fkc1wvMjAyNVwvMDRcL0lNR185NTcwLTEuanBlZyIsInNsaWRlc2hvdyI6IjMyNDRhM2IifQ%3D%3D\">\n\t\t\t\t\t<div class=\"e-gallery-image elementor-gallery-item__image\" data-thumbnail=\"https:\/\/www.isleofmanexperiences.com\/wp-content\/uploads\/2025\/04\/IMG_9570-1-768x576.jpeg\" data-width=\"768\" data-height=\"576\" aria-label=\"\" role=\"img\" ><\/div>\n\t\t\t\t\t\t\t\t\t\t\t<div class=\"elementor-gallery-item__overlay\"><\/div>\n\t\t\t\t\t\t\t\t\t\t\t\t\t\t<\/a>\n\t\t\t\t\t\t\t<a class=\"e-gallery-item elementor-gallery-item elementor-animated-content\" href=\"https:\/\/www.isleofmanexperiences.com\/wp-content\/uploads\/2025\/04\/IMG_4471.jpeg\" data-elementor-open-lightbox=\"yes\" data-elementor-lightbox-slideshow=\"3244a3b\" data-elementor-lightbox-title=\"IMG_4471.jpeg\" data-e-action-hash=\"#elementor-action%3Aaction%3Dlightbox%26settings%3DeyJpZCI6NTY5LCJ1cmwiOiJodHRwczpcL1wvd3d3LmlzbGVvZm1hbmV4cGVyaWVuY2VzLmNvbVwvd3AtY29udGVudFwvdXBsb2Fkc1wvMjAyNVwvMDRcL0lNR180NDcxLmpwZWciLCJzbGlkZXNob3ciOiIzMjQ0YTNiIn0%3D\">\n\t\t\t\t\t<div class=\"e-gallery-image elementor-gallery-item__image\" data-thumbnail=\"https:\/\/www.isleofmanexperiences.com\/wp-content\/uploads\/2025\/04\/IMG_4471-768x460.jpeg\" data-width=\"768\" data-height=\"460\" aria-label=\"\" role=\"img\" ><\/div>\n\t\t\t\t\t\t\t\t\t\t\t<div class=\"elementor-gallery-item__overlay\"><\/div>\n\t\t\t\t\t\t\t\t\t\t\t\t\t\t<\/a>\n\t\t\t\t\t\t\t<a class=\"e-gallery-item elementor-gallery-item elementor-animated-content\" href=\"https:\/\/www.isleofmanexperiences.com\/wp-content\/uploads\/2025\/04\/MotorM.jpeg\" data-elementor-open-lightbox=\"yes\" data-elementor-lightbox-slideshow=\"3244a3b\" data-elementor-lightbox-title=\"MotorM.jpeg\" data-e-action-hash=\"#elementor-action%3Aaction%3Dlightbox%26settings%3DeyJpZCI6NTY4LCJ1cmwiOiJodHRwczpcL1wvd3d3LmlzbGVvZm1hbmV4cGVyaWVuY2VzLmNvbVwvd3AtY29udGVudFwvdXBsb2Fkc1wvMjAyNVwvMDRcL01vdG9yTS5qcGVnIiwic2xpZGVzaG93IjoiMzI0NGEzYiJ9\">\n\t\t\t\t\t<div class=\"e-gallery-image elementor-gallery-item__image\" data-thumbnail=\"https:\/\/www.isleofmanexperiences.com\/wp-content\/uploads\/2025\/04\/MotorM-768x509.jpeg\" data-width=\"768\" data-height=\"509\" aria-label=\"\" role=\"img\" ><\/div>\n\t\t\t\t\t\t\t\t\t\t\t<div class=\"elementor-gallery-item__overlay\"><\/div>\n\t\t\t\t\t\t\t\t\t\t\t\t\t\t<\/a>\n\t\t\t\t\t<\/div>\n\t\t\t\t\t<\/div>\n\t\t\t\t<\/div>\n\t\t\t\t<\/div>\n\t\t<div class=\"elementor-element elementor-element-7f79315c e-con-full e-flex e-con e-child\" data-id=\"7f79315c\" data-element_type=\"container\" data-e-type=\"container\">\n\t\t\t\t<\/div>\n\t\t\t\t\t<\/div>\n\t\t\t\t<\/div>\n\t\t\t\t<\/div>","protected":false},"excerpt":{"rendered":"<p>Isle of Man TT Experiences Isle of Man TT Course &amp; Motor Museum Tour Overview Immerse yourself in the heart of the Isle of Man&#8217;s legendary motoring culture with our ultimate Isle of Man TT Course &amp; Motor Museum Tour. This unique experience is a must-do for any motorcycle racing fan or petrolhead visiting the [&hellip;]<\/p>\n","protected":false},"author":3,"featured_media":0,"parent":0,"menu_order":0,"comment_status":"closed","ping_status":"closed","template":"","meta":{"footnotes":""},"experience-type":[],"event":[],"class_list":["post-722","page","type-page","status-publish","hentry"],"_links":{"self":[{"href":"https:\/\/www.isleofmanexperiences.com\/fr\/wp-json\/wp\/v2\/pages\/722","targetHints":{"allow":["GET"]}}],"collection":[{"href":"https:\/\/www.isleofmanexperiences.com\/fr\/wp-json\/wp\/v2\/pages"}],"about":[{"href":"https:\/\/www.isleofmanexperiences.com\/fr\/wp-json\/wp\/v2\/types\/page"}],"author":[{"embeddable":true,"href":"https:\/\/www.isleofmanexperiences.com\/fr\/wp-json\/wp\/v2\/users\/3"}],"replies":[{"embeddable":true,"href":"https:\/\/www.isleofmanexperiences.com\/fr\/wp-json\/wp\/v2\/comments?post=722"}],"version-history":[{"count":17,"href":"https:\/\/www.isleofmanexperiences.com\/fr\/wp-json\/wp\/v2\/pages\/722\/revisions"}],"predecessor-version":[{"id":23232,"href":"https:\/\/www.isleofmanexperiences.com\/fr\/wp-json\/wp\/v2\/pages\/722\/revisions\/23232"}],"wp:attachment":[{"href":"https:\/\/www.isleofmanexperiences.com\/fr\/wp-json\/wp\/v2\/media?parent=722"}],"wp:term":[{"taxonomy":"experience-type","embeddable":true,"href":"https:\/\/www.isleofmanexperiences.com\/fr\/wp-json\/wp\/v2\/experience-type?post=722"},{"taxonomy":"event","embeddable":true,"href":"https:\/\/www.isleofmanexperiences.com\/fr\/wp-json\/wp\/v2\/event?post=722"}],"curies":[{"name":"wp","href":"https:\/\/api.w.org\/{rel}","templated":true}]}}