{"id":22550,"date":"2025-07-09T20:08:47","date_gmt":"2025-07-09T20:08:47","guid":{"rendered":"https:\/\/www.isleofmanexperiences.com\/?page_id=22550"},"modified":"2025-11-06T13:22:35","modified_gmt":"2025-11-06T13:22:35","slug":"tour-giornaliero-della-distilleria-fynoderee","status":"publish","type":"page","link":"https:\/\/www.isleofmanexperiences.com\/it\/fynoderee-distillery-day-tour\/","title":{"rendered":"Tour di un giorno della distilleria Fynoderee"},"content":{"rendered":"<div data-elementor-type=\"wp-page\" data-elementor-id=\"22550\" class=\"elementor elementor-22550\" data-elementor-post-type=\"page\">\n\t\t\t\t\t\t<section class=\"elementor-section elementor-top-section elementor-element elementor-element-3aa1fb47 elementor-section-boxed elementor-section-height-default elementor-section-height-default\" data-id=\"3aa1fb47\" data-element_type=\"section\" data-e-type=\"section\" data-settings=\"{&quot;background_background&quot;:&quot;classic&quot;}\">\n\t\t\t\t\t\t\t<div class=\"elementor-background-overlay\"><\/div>\n\t\t\t\t\t\t\t<div class=\"elementor-container elementor-column-gap-default\">\n\t\t\t\t\t<div class=\"elementor-column elementor-col-100 elementor-top-column elementor-element elementor-element-6b309e3c\" data-id=\"6b309e3c\" data-element_type=\"column\" data-e-type=\"column\">\n\t\t\t<div class=\"elementor-widget-wrap elementor-element-populated\">\n\t\t\t\t\t\t<div class=\"elementor-element elementor-element-39a447f2 elementor-widget elementor-widget-heading\" data-id=\"39a447f2\" data-element_type=\"widget\" data-e-type=\"widget\" data-widget_type=\"heading.default\">\n\t\t\t\t<div class=\"elementor-widget-container\">\n\t\t\t\t\t<h2 class=\"elementor-heading-title elementor-size-default\">Esperienze sull'Isola di Man<\/h2>\t\t\t\t<\/div>\n\t\t\t\t<\/div>\n\t\t\t\t\t<\/div>\n\t\t<\/div>\n\t\t\t\t\t<\/div>\n\t\t<\/section>\n\t\t<div class=\"elementor-element elementor-element-b005b2c e-flex e-con-boxed e-con e-parent\" data-id=\"b005b2c\" data-element_type=\"container\" data-e-type=\"container\">\n\t\t\t\t\t<div class=\"e-con-inner\">\n\t\t<div class=\"elementor-element elementor-element-3f227700 e-con-full e-flex e-con e-child\" data-id=\"3f227700\" data-element_type=\"container\" data-e-type=\"container\">\n\t\t\t\t<div class=\"elementor-element elementor-element-7bc19c50 elementor-widget elementor-widget-heading\" data-id=\"7bc19c50\" data-element_type=\"widget\" data-e-type=\"widget\" data-widget_type=\"heading.default\">\n\t\t\t\t<div class=\"elementor-widget-container\">\n\t\t\t\t\t<h2 class=\"elementor-heading-title elementor-size-default\">Tour della distilleria Fynoderee - Ramsey<\/h2>\t\t\t\t<\/div>\n\t\t\t\t<\/div>\n\t\t\t\t<div class=\"elementor-element elementor-element-4d86474d elementor-widget elementor-widget-image\" data-id=\"4d86474d\" data-element_type=\"widget\" data-e-type=\"widget\" data-widget_type=\"image.default\">\n\t\t\t\t<div class=\"elementor-widget-container\">\n\t\t\t\t\t\t\t\t\t\t\t\t\t\t\t<img fetchpriority=\"high\" decoding=\"async\" width=\"768\" height=\"509\" src=\"https:\/\/www.isleofmanexperiences.com\/wp-content\/uploads\/2025\/04\/Layer-16-768x509.jpg\" class=\"attachment-medium_large size-medium_large wp-image-712\" alt=\"\" srcset=\"https:\/\/www.isleofmanexperiences.com\/wp-content\/uploads\/2025\/04\/Layer-16-768x509.jpg 768w, https:\/\/www.isleofmanexperiences.com\/wp-content\/uploads\/2025\/04\/Layer-16-300x199.jpg 300w, https:\/\/www.isleofmanexperiences.com\/wp-content\/uploads\/2025\/04\/Layer-16.jpg 800w\" sizes=\"(max-width: 768px) 100vw, 768px\" \/>\t\t\t\t\t\t\t\t\t\t\t\t\t\t\t<\/div>\n\t\t\t\t<\/div>\n\t\t\t\t<div class=\"elementor-element elementor-element-1f616e06 elementor-widget elementor-widget-text-editor\" data-id=\"1f616e06\" data-element_type=\"widget\" data-e-type=\"widget\" data-widget_type=\"text-editor.default\">\n\t\t\t\t<div class=\"elementor-widget-container\">\n\t\t\t\t\t\t\t\t\t<h4><strong>Panoramica<\/strong><\/h4>\n<p>Trascorrete un pomeriggio alla scoperta della magia degli alcolici di Manx presso la premiata distilleria Fynoderee, nel cuore di Ramsey. Questa coinvolgente esperienza inizia con un rinfrescante \u201cFyn &amp; Tonic\u201d all'arrivo, seguito da una visita guidata che approfondisce il folklore, l'artigianato e il carattere che si celano dietro uno dei produttori di liquori pi\u00f9 interessanti dell'Isola di Man.<\/p>\n<p>Conoscerete le leggende di Manx che hanno ispirato il nome e il marchio Fynoderee, esplorerete il magazzino della distilleria e scoprirete come viene creata la gamma di gin, vodka, rum e il prossimo whisky single malt dell'Isola di Man. Il tour si conclude con una sessione di degustazione guidata e un momento di relax al Fyn Bar, con la possibilit\u00e0 di acquistare regali e bottiglie esclusive.<\/p>\t\t\t\t\t\t\t\t<\/div>\n\t\t\t\t<\/div>\n\t\t\t\t<div class=\"elementor-element elementor-element-349854a3 elementor-widget elementor-widget-text-editor\" data-id=\"349854a3\" data-element_type=\"widget\" data-e-type=\"widget\" data-widget_type=\"text-editor.default\">\n\t\t\t\t<div class=\"elementor-widget-container\">\n\t\t\t\t\t\t\t\t\t<h4><strong>Cosa \u00e8 incluso<\/strong><\/h4><ul><li>Benvenuto \u201cFyn &amp; Tonic\u201d all'arrivo<\/li><li>Visita guidata alla distilleria (14:00 - 15:30), con t<span style=\"background-color: transparent;\">a storia di Fynoderee e il folklore locale, b<\/span><span style=\"background-color: transparent;\">accesso al dietro le quinte dell'area di produzione e un<\/span><span style=\"background-color: transparent;\">n panoramica del processo di distillazione e imbottigliamento artigianale<\/span><\/li><li>Degustazione guidata di Manx Dry Gins, Bumbee Vodka e Glashtyn Spiced Rum<\/li><li>Tempo libero al Fyn Bar e al negozio della distilleria<\/li><\/ul>\t\t\t\t\t\t\t\t<\/div>\n\t\t\t\t<\/div>\n\t\t\t\t<div class=\"elementor-element elementor-element-3f7dbb38 elementor-widget elementor-widget-text-editor\" data-id=\"3f7dbb38\" data-element_type=\"widget\" data-e-type=\"widget\" data-widget_type=\"text-editor.default\">\n\t\t\t\t<div class=\"elementor-widget-container\">\n\t\t\t\t\t\t\t\t\t<h4><strong>Informazioni<\/strong><\/h4><p>Questo tour si svolge dalle 14:00 alle 15:30. Si prega di arrivare alla distilleria in tempo utile prima dell'inizio.<\/p><p>La distilleria \u00e8 un ambiente di lavoro con pavimenti irregolari. Si prega di indossare calzature adeguate e di portare con s\u00e9 uno strato caldo per le zone pi\u00f9 fredde. La sede non \u00e8 attualmente accessibile alle sedie a rotelle. Le visite iniziano al primo piano; vi preghiamo di contattarci in anticipo per discutere accordi alternativi.<\/p><p>Questo tour non include il trasporto. Gli ospiti devono provvedere autonomamente al viaggio da e per la distilleria Fynoderee a Ramsey. La distilleria Fynoderee si trova accanto alla stazione della Manx Electric Railway e vicino alla stazione degli autobus di Ramsey.<\/p>\t\t\t\t\t\t\t\t<\/div>\n\t\t\t\t<\/div>\n\t\t\t\t<\/div>\n\t\t<div class=\"elementor-element elementor-element-1b2c5a3 e-con-full e-flex e-con e-child\" data-id=\"1b2c5a3\" data-element_type=\"container\" data-e-type=\"container\">\n\t\t\t\t<div class=\"elementor-element elementor-element-58bb0c2 elementor-widget elementor-widget-html\" data-id=\"58bb0c2\" data-element_type=\"widget\" data-e-type=\"widget\" data-widget_type=\"html.default\">\n\t\t\t\t<div class=\"elementor-widget-container\">\n\t\t\t\t\t<script src=\"https:\/\/assets.ticketinghub.com\/checkout.js\" data-widget=\"58fbb6e8-a1a4-4235-a4d6-d39d3c5f4af8\"><\/script>\t\t\t\t<\/div>\n\t\t\t\t<\/div>\n\t\t\t\t<\/div>\n\t\t\t\t\t<\/div>\n\t\t\t\t<\/div>\n\t\t\t\t<\/div>","protected":false},"excerpt":{"rendered":"<p>Isle of Man Experiences Fynoderee Distillery Tour &#8211; Ramsey Overview Spend an afternoon discovering the magic of Manx spirits at the award-winning Fynoderee Distillery in the heart of Ramsey. This engaging experience begins with a refreshing \u201cFyn &amp; Tonic\u201d on arrival, followed by a guided tour that delves into the folklore, craft, and character behind [&hellip;]<\/p>\n","protected":false},"author":3,"featured_media":0,"parent":0,"menu_order":0,"comment_status":"closed","ping_status":"closed","template":"","meta":{"footnotes":""},"experience-type":[],"event":[],"class_list":["post-22550","page","type-page","status-publish","hentry"],"_links":{"self":[{"href":"https:\/\/www.isleofmanexperiences.com\/it\/wp-json\/wp\/v2\/pages\/22550","targetHints":{"allow":["GET"]}}],"collection":[{"href":"https:\/\/www.isleofmanexperiences.com\/it\/wp-json\/wp\/v2\/pages"}],"about":[{"href":"https:\/\/www.isleofmanexperiences.com\/it\/wp-json\/wp\/v2\/types\/page"}],"author":[{"embeddable":true,"href":"https:\/\/www.isleofmanexperiences.com\/it\/wp-json\/wp\/v2\/users\/3"}],"replies":[{"embeddable":true,"href":"https:\/\/www.isleofmanexperiences.com\/it\/wp-json\/wp\/v2\/comments?post=22550"}],"version-history":[{"count":22,"href":"https:\/\/www.isleofmanexperiences.com\/it\/wp-json\/wp\/v2\/pages\/22550\/revisions"}],"predecessor-version":[{"id":23212,"href":"https:\/\/www.isleofmanexperiences.com\/it\/wp-json\/wp\/v2\/pages\/22550\/revisions\/23212"}],"wp:attachment":[{"href":"https:\/\/www.isleofmanexperiences.com\/it\/wp-json\/wp\/v2\/media?parent=22550"}],"wp:term":[{"taxonomy":"experience-type","embeddable":true,"href":"https:\/\/www.isleofmanexperiences.com\/it\/wp-json\/wp\/v2\/experience-type?post=22550"},{"taxonomy":"event","embeddable":true,"href":"https:\/\/www.isleofmanexperiences.com\/it\/wp-json\/wp\/v2\/event?post=22550"}],"curies":[{"name":"wp","href":"https:\/\/api.w.org\/{rel}","templated":true}]}}