{"id":722,"date":"2025-04-24T17:16:52","date_gmt":"2025-04-24T17:16:52","guid":{"rendered":"https:\/\/www.isleofmanexperiences.com\/?page_id=722"},"modified":"2025-08-12T14:24:12","modified_gmt":"2025-08-12T14:24:12","slug":"museo-dei-motori-dellisola-di-man-tour-del-corso-di-tt","status":"publish","type":"page","link":"https:\/\/www.isleofmanexperiences.com\/it\/isle-of-man-motor-museum-tt-course-tour\/","title":{"rendered":"Isle of Man Motor Museum &amp; TT Course Tour"},"content":{"rendered":"<div data-elementor-type=\"wp-page\" data-elementor-id=\"722\" class=\"elementor elementor-722\" data-elementor-post-type=\"page\">\n\t\t\t\t\t\t<section class=\"elementor-section elementor-top-section elementor-element elementor-element-57f55f92 elementor-section-boxed elementor-section-height-default elementor-section-height-default\" data-id=\"57f55f92\" data-element_type=\"section\" data-e-type=\"section\" data-settings=\"{&quot;background_background&quot;:&quot;classic&quot;}\">\n\t\t\t\t\t\t\t<div class=\"elementor-background-overlay\"><\/div>\n\t\t\t\t\t\t\t<div class=\"elementor-container elementor-column-gap-default\">\n\t\t\t\t\t<div class=\"elementor-column elementor-col-100 elementor-top-column elementor-element elementor-element-7c3a86e\" data-id=\"7c3a86e\" data-element_type=\"column\" data-e-type=\"column\">\n\t\t\t<div class=\"elementor-widget-wrap elementor-element-populated\">\n\t\t\t\t\t\t<div class=\"elementor-element elementor-element-4962e434 elementor-widget elementor-widget-heading\" data-id=\"4962e434\" data-element_type=\"widget\" data-e-type=\"widget\" data-widget_type=\"heading.default\">\n\t\t\t\t<div class=\"elementor-widget-container\">\n\t\t\t\t\t<h2 class=\"elementor-heading-title elementor-size-default\">Esperienze al TT dell'Isola di Man<\/h2>\t\t\t\t<\/div>\n\t\t\t\t<\/div>\n\t\t\t\t\t<\/div>\n\t\t<\/div>\n\t\t\t\t\t<\/div>\n\t\t<\/section>\n\t\t<div class=\"elementor-element elementor-element-73121f7a e-flex e-con-boxed e-con e-parent\" data-id=\"73121f7a\" data-element_type=\"container\" data-e-type=\"container\">\n\t\t\t\t\t<div class=\"e-con-inner\">\n\t\t<div class=\"elementor-element elementor-element-2d240c36 e-con-full e-flex e-con e-child\" data-id=\"2d240c36\" data-element_type=\"container\" data-e-type=\"container\">\n\t\t\t\t<div class=\"elementor-element elementor-element-16b6a1d6 elementor-widget elementor-widget-heading\" data-id=\"16b6a1d6\" data-element_type=\"widget\" data-e-type=\"widget\" data-widget_type=\"heading.default\">\n\t\t\t\t<div class=\"elementor-widget-container\">\n\t\t\t\t\t<h2 class=\"elementor-heading-title elementor-size-default\">Corso del TT dell'Isola di Man e tour del Museo dell'Automobile<\/h2>\t\t\t\t<\/div>\n\t\t\t\t<\/div>\n\t\t\t\t<div class=\"elementor-element elementor-element-7371a963 elementor-widget elementor-widget-image\" data-id=\"7371a963\" data-element_type=\"widget\" data-e-type=\"widget\" data-widget_type=\"image.default\">\n\t\t\t\t<div class=\"elementor-widget-container\">\n\t\t\t\t\t\t\t\t\t\t\t\t\t\t\t<img fetchpriority=\"high\" decoding=\"async\" width=\"768\" height=\"512\" src=\"https:\/\/www.isleofmanexperiences.com\/wp-content\/uploads\/2025\/04\/52290577307_4adaac32b8_k-768x512.jpg\" class=\"attachment-medium_large size-medium_large wp-image-567\" alt=\"\" srcset=\"https:\/\/www.isleofmanexperiences.com\/wp-content\/uploads\/2025\/04\/52290577307_4adaac32b8_k-768x512.jpg 768w, https:\/\/www.isleofmanexperiences.com\/wp-content\/uploads\/2025\/04\/52290577307_4adaac32b8_k-300x200.jpg 300w, https:\/\/www.isleofmanexperiences.com\/wp-content\/uploads\/2025\/04\/52290577307_4adaac32b8_k-1024x683.jpg 1024w, https:\/\/www.isleofmanexperiences.com\/wp-content\/uploads\/2025\/04\/52290577307_4adaac32b8_k-1536x1024.jpg 1536w, https:\/\/www.isleofmanexperiences.com\/wp-content\/uploads\/2025\/04\/52290577307_4adaac32b8_k.jpg 2048w\" sizes=\"(max-width: 768px) 100vw, 768px\" \/>\t\t\t\t\t\t\t\t\t\t\t\t\t\t\t<\/div>\n\t\t\t\t<\/div>\n\t\t\t\t<div class=\"elementor-element elementor-element-1e905683 elementor-widget elementor-widget-text-editor\" data-id=\"1e905683\" data-element_type=\"widget\" data-e-type=\"widget\" data-widget_type=\"text-editor.default\">\n\t\t\t\t<div class=\"elementor-widget-container\">\n\t\t\t\t\t\t\t\t\t<h4><strong>Panoramica<\/strong><\/h4><p data-sourcepos=\"51:1-51:341\">Immergetevi nel cuore della leggendaria cultura motoristica dell'Isola di Man con il nostro tour del TT Course &amp; Motor Museum dell'Isola di Man. Questa esperienza unica \u00e8 imperdibile per tutti gli appassionati di corse motociclistiche o per gli appassionati di motori che visitano l'isola e offre un viaggio senza precedenti nel mondo delle gare del TT dell'Isola di Man.<\/p><p data-sourcepos=\"53:1-53:491\">La vostra avventura inizia con un emozionante giro guidato del famosissimo TT Course. Il nostro esperto locale vi guider\u00e0 attraverso ogni curva e rettilineo iconici, condividendo la ricca storia del TT, dalle sue umili origini nel 1907 agli eventi pi\u00f9 recenti, dove i migliori piloti del TT hanno raggiunto velocit\u00e0 incredibili che superano le 200 miglia orarie e velocit\u00e0 medie sul giro di oltre 136 miglia orarie. Scoprite le storie che si celano dietro la corsa su strada pi\u00f9 pericolosa del mondo e sentite l'eredit\u00e0 delle leggende del TT.<\/p><p data-sourcepos=\"55:1-55:555\">Dopo aver sperimentato met\u00e0 del leggendario percorso, il tour in moto dell'Isola di Man prosegue con un'affascinante sosta al Motor Museum dell'Isola di Man. Qui sarete affascinati da un'ampia collezione unica di oltre 500 veicoli. Da modelli pionieristici come la Ford Model T alle vere moto da corsa del TT dell'eroe locale Conor Cummins (2009 Kawasaki ZX-10R) e del pluricampione John McGuinness (2004 Honda RLR 400). Potrete ammirare le moto guidate da altre icone del TT come Joey Dunlop, Richard \u2018Milky\u2019 Quayle e Steve Hislop.<\/p><p data-sourcepos=\"57:1-57:218\">Trascorrete ore ad ammirare la storia dell'automobilismo di Manx e una collezione da sogno per ogni appassionato di moto. Questo tour dell'Isola di Man dedicato alle corse \u00e8 il modo perfetto per esplorare il profondo legame dell'isola con gli sport motoristici.<\/p>\t\t\t\t\t\t\t\t<\/div>\n\t\t\t\t<\/div>\n\t\t\t\t<div class=\"elementor-element elementor-element-78ede1d elementor-widget elementor-widget-text-editor\" data-id=\"78ede1d\" data-element_type=\"widget\" data-e-type=\"widget\" data-widget_type=\"text-editor.default\">\n\t\t\t\t<div class=\"elementor-widget-container\">\n\t\t\t\t\t\t\t\t\t<h4><strong>Cosa \u00e8 incluso<\/strong><\/h4><ul><li><b>Comodo ritiro<\/b>: Godetevi un viaggio senza stress con il ritiro gratuito dell'hotel dal vostro alloggio o da un punto d'incontro centrale a Douglas, sull'Isola di Man.<\/li><li data-sourcepos=\"20:1-20:212\"><b>Corso TT guidato da esperti Lap:<\/b> Partecipate a un emozionante giro guidato dell'iconico percorso del TT dell'Isola di Man, animato da un commento dal vivo di esperti che condividono conoscenze approfondite e approfondimenti storici.<\/li><li data-sourcepos=\"21:1-21:198\"><b>Ingresso al Motor Museum dell'Isola di Man<\/b>: I biglietti d'ingresso sono inclusi per il rinomato Motor Museum dell'Isola di Man, che ospita una vasta collezione di veicoli storici e moto da corsa del TT.<\/li><li data-sourcepos=\"22:1-23:0\"><b>Accesso esclusivo al workshop<\/b>: Accesso al dietro le quinte con un tour speciale dell'officina del museo, che offre uno sguardo unico sul restauro e la conservazione dei veicoli.<\/li><\/ul>\t\t\t\t\t\t\t\t<\/div>\n\t\t\t\t<\/div>\n\t\t\t\t<div class=\"elementor-element elementor-element-8e61c8f elementor-widget elementor-widget-text-editor\" data-id=\"8e61c8f\" data-element_type=\"widget\" data-e-type=\"widget\" data-widget_type=\"text-editor.default\">\n\t\t\t\t<div class=\"elementor-widget-container\">\n\t\t\t\t\t\t\t\t\t<p data-sourcepos=\"38:1-38:63\"><strong>Siete pronti a vivere il tour automobilistico dell'Isola di Man per eccellenza?<\/strong><\/p><p data-sourcepos=\"40:1-40:227\">Questo indimenticabile tour dell'Isola di Man \u00e8 la vostra occasione per entrare veramente in contatto con il patrimonio sportivo dell'isola. Non perdete questa opportunit\u00e0 unica; assicuratevi oggi stesso il vostro posto e immergetevi nel mondo del TT!<\/p><p data-sourcepos=\"42:1-42:17\"><strong>Dettagli del tour:<\/strong><\/p><ul data-sourcepos=\"43:1-46:0\"><li data-sourcepos=\"43:1-43:96\"><strong>Orario di partenza:<\/strong> 09:30 da <strong>Douglas<\/strong> (il luogo esatto del ritiro \u00e8 confermato al momento della prenotazione).<\/li><li data-sourcepos=\"44:1-44:87\"><strong>Tempo di ritorno:<\/strong> Alle ore 13:00 circa dal <strong>Museo dell'automobile dell'Isola di Man<\/strong> (Jurby).<\/li><li data-sourcepos=\"45:1-46:0\"><strong>Durata:<\/strong> Circa 3,5 ore di immersione <strong>Esplorazione dell'Isola di Man<\/strong>.<\/li><\/ul><p data-sourcepos=\"47:1-47:26\">\u00a0<\/p><p data-sourcepos=\"47:1-47:26\"><strong>Informazioni importanti:<\/strong><\/p><ul data-sourcepos=\"48:1-50:0\"><li data-sourcepos=\"48:1-48:241\"><strong>Dimensione del gruppo:<\/strong> Questo tour richiede un minimo di 4 partecipanti per essere effettuato. Nel raro caso in cui il numero minimo non venga raggiunto, il tour potrebbe essere soggetto a cancellazione. Vi informeremo in anticipo e vi offriremo date alternative o un rimborso completo.<\/li><li data-sourcepos=\"49:1-50:0\"><strong>Prenotazione anticipata:<\/strong> A causa della popolarit\u00e0 dei nostri tour guidati TT e della disponibilit\u00e0 limitata, vi consigliamo di prenotare con largo anticipo per garantirvi un posto.<\/li><\/ul>\t\t\t\t\t\t\t\t<\/div>\n\t\t\t\t<\/div>\n\t\t\t\t<\/div>\n\t\t<div class=\"elementor-element elementor-element-6a93e9e7 e-con-full e-flex e-con e-child\" data-id=\"6a93e9e7\" data-element_type=\"container\" data-e-type=\"container\">\n\t\t\t\t<div class=\"elementor-element elementor-element-444c111 elementor-widget elementor-widget-text-editor\" data-id=\"444c111\" data-element_type=\"widget\" data-e-type=\"widget\" data-widget_type=\"text-editor.default\">\n\t\t\t\t<div class=\"elementor-widget-container\">\n\t\t\t\t\t\t\t\t\t<script src=\"https:\/\/assets.ticketinghub.com\/checkout.js\" data-widget=\"6663ad7f-d8ec-46f8-8742-5df9aa8e8b0a\"><span data-mce-type=\"bookmark\" style=\"display: inline-block; width: 0px; overflow: hidden; line-height: 0;\" class=\"mce_SELRES_start\">\ufeff<\/span><span data-mce-type=\"bookmark\" style=\"display: inline-block; width: 0px; overflow: hidden; line-height: 0;\" class=\"mce_SELRES_start\">\ufeff<\/span><\/script>\t\t\t\t\t\t\t\t<\/div>\n\t\t\t\t<\/div>\n\t\t\t\t<\/div>\n\t\t\t\t\t<\/div>\n\t\t\t\t<\/div>\n\t\t<div class=\"elementor-element elementor-element-2d95efa2 e-flex e-con-boxed e-con e-parent\" data-id=\"2d95efa2\" data-element_type=\"container\" data-e-type=\"container\">\n\t\t\t\t\t<div class=\"e-con-inner\">\n\t\t<div class=\"elementor-element elementor-element-74dfa3e7 e-con-full e-flex e-con e-child\" data-id=\"74dfa3e7\" data-element_type=\"container\" data-e-type=\"container\">\n\t\t\t\t<div class=\"elementor-element elementor-element-3244a3b elementor-widget elementor-widget-gallery\" data-id=\"3244a3b\" data-element_type=\"widget\" data-e-type=\"widget\" data-settings=\"{&quot;columns&quot;:3,&quot;aspect_ratio&quot;:&quot;4:3&quot;,&quot;lazyload&quot;:&quot;yes&quot;,&quot;gallery_layout&quot;:&quot;grid&quot;,&quot;columns_tablet&quot;:2,&quot;columns_mobile&quot;:1,&quot;gap&quot;:{&quot;unit&quot;:&quot;px&quot;,&quot;size&quot;:10,&quot;sizes&quot;:[]},&quot;gap_tablet&quot;:{&quot;unit&quot;:&quot;px&quot;,&quot;size&quot;:10,&quot;sizes&quot;:[]},&quot;gap_mobile&quot;:{&quot;unit&quot;:&quot;px&quot;,&quot;size&quot;:10,&quot;sizes&quot;:[]},&quot;link_to&quot;:&quot;file&quot;,&quot;overlay_background&quot;:&quot;yes&quot;,&quot;content_hover_animation&quot;:&quot;fade-in&quot;}\" data-widget_type=\"gallery.default\">\n\t\t\t\t<div class=\"elementor-widget-container\">\n\t\t\t\t\t\t\t<div class=\"elementor-gallery__container\">\n\t\t\t\t\t\t\t<a class=\"e-gallery-item elementor-gallery-item elementor-animated-content\" href=\"https:\/\/www.isleofmanexperiences.com\/wp-content\/uploads\/2025\/04\/IMG_9570-1.jpeg\" data-elementor-open-lightbox=\"yes\" data-elementor-lightbox-slideshow=\"3244a3b\" data-elementor-lightbox-title=\"IMG_9570-1.jpeg\" data-e-action-hash=\"#elementor-action%3Aaction%3Dlightbox%26settings%3DeyJpZCI6NTcwLCJ1cmwiOiJodHRwczpcL1wvd3d3LmlzbGVvZm1hbmV4cGVyaWVuY2VzLmNvbVwvd3AtY29udGVudFwvdXBsb2Fkc1wvMjAyNVwvMDRcL0lNR185NTcwLTEuanBlZyIsInNsaWRlc2hvdyI6IjMyNDRhM2IifQ%3D%3D\">\n\t\t\t\t\t<div class=\"e-gallery-image elementor-gallery-item__image\" data-thumbnail=\"https:\/\/www.isleofmanexperiences.com\/wp-content\/uploads\/2025\/04\/IMG_9570-1-768x576.jpeg\" data-width=\"768\" data-height=\"576\" aria-label=\"\" role=\"img\" ><\/div>\n\t\t\t\t\t\t\t\t\t\t\t<div class=\"elementor-gallery-item__overlay\"><\/div>\n\t\t\t\t\t\t\t\t\t\t\t\t\t\t<\/a>\n\t\t\t\t\t\t\t<a class=\"e-gallery-item elementor-gallery-item elementor-animated-content\" href=\"https:\/\/www.isleofmanexperiences.com\/wp-content\/uploads\/2025\/04\/IMG_4471.jpeg\" data-elementor-open-lightbox=\"yes\" data-elementor-lightbox-slideshow=\"3244a3b\" data-elementor-lightbox-title=\"IMG_4471.jpeg\" data-e-action-hash=\"#elementor-action%3Aaction%3Dlightbox%26settings%3DeyJpZCI6NTY5LCJ1cmwiOiJodHRwczpcL1wvd3d3LmlzbGVvZm1hbmV4cGVyaWVuY2VzLmNvbVwvd3AtY29udGVudFwvdXBsb2Fkc1wvMjAyNVwvMDRcL0lNR180NDcxLmpwZWciLCJzbGlkZXNob3ciOiIzMjQ0YTNiIn0%3D\">\n\t\t\t\t\t<div class=\"e-gallery-image elementor-gallery-item__image\" data-thumbnail=\"https:\/\/www.isleofmanexperiences.com\/wp-content\/uploads\/2025\/04\/IMG_4471-768x460.jpeg\" data-width=\"768\" data-height=\"460\" aria-label=\"\" role=\"img\" ><\/div>\n\t\t\t\t\t\t\t\t\t\t\t<div class=\"elementor-gallery-item__overlay\"><\/div>\n\t\t\t\t\t\t\t\t\t\t\t\t\t\t<\/a>\n\t\t\t\t\t\t\t<a class=\"e-gallery-item elementor-gallery-item elementor-animated-content\" href=\"https:\/\/www.isleofmanexperiences.com\/wp-content\/uploads\/2025\/04\/MotorM.jpeg\" data-elementor-open-lightbox=\"yes\" data-elementor-lightbox-slideshow=\"3244a3b\" data-elementor-lightbox-title=\"MotorM.jpeg\" data-e-action-hash=\"#elementor-action%3Aaction%3Dlightbox%26settings%3DeyJpZCI6NTY4LCJ1cmwiOiJodHRwczpcL1wvd3d3LmlzbGVvZm1hbmV4cGVyaWVuY2VzLmNvbVwvd3AtY29udGVudFwvdXBsb2Fkc1wvMjAyNVwvMDRcL01vdG9yTS5qcGVnIiwic2xpZGVzaG93IjoiMzI0NGEzYiJ9\">\n\t\t\t\t\t<div class=\"e-gallery-image elementor-gallery-item__image\" data-thumbnail=\"https:\/\/www.isleofmanexperiences.com\/wp-content\/uploads\/2025\/04\/MotorM-768x509.jpeg\" data-width=\"768\" data-height=\"509\" aria-label=\"\" role=\"img\" ><\/div>\n\t\t\t\t\t\t\t\t\t\t\t<div class=\"elementor-gallery-item__overlay\"><\/div>\n\t\t\t\t\t\t\t\t\t\t\t\t\t\t<\/a>\n\t\t\t\t\t<\/div>\n\t\t\t\t\t<\/div>\n\t\t\t\t<\/div>\n\t\t\t\t<\/div>\n\t\t<div class=\"elementor-element elementor-element-7f79315c e-con-full e-flex e-con e-child\" data-id=\"7f79315c\" data-element_type=\"container\" data-e-type=\"container\">\n\t\t\t\t<\/div>\n\t\t\t\t\t<\/div>\n\t\t\t\t<\/div>\n\t\t\t\t<\/div>","protected":false},"excerpt":{"rendered":"<p>Isle of Man TT Experiences Isle of Man TT Course &amp; Motor Museum Tour Overview Immerse yourself in the heart of the Isle of Man&#8217;s legendary motoring culture with our ultimate Isle of Man TT Course &amp; Motor Museum Tour. This unique experience is a must-do for any motorcycle racing fan or petrolhead visiting the [&hellip;]<\/p>\n","protected":false},"author":3,"featured_media":0,"parent":0,"menu_order":0,"comment_status":"closed","ping_status":"closed","template":"","meta":{"footnotes":""},"experience-type":[],"event":[],"class_list":["post-722","page","type-page","status-publish","hentry"],"_links":{"self":[{"href":"https:\/\/www.isleofmanexperiences.com\/it\/wp-json\/wp\/v2\/pages\/722","targetHints":{"allow":["GET"]}}],"collection":[{"href":"https:\/\/www.isleofmanexperiences.com\/it\/wp-json\/wp\/v2\/pages"}],"about":[{"href":"https:\/\/www.isleofmanexperiences.com\/it\/wp-json\/wp\/v2\/types\/page"}],"author":[{"embeddable":true,"href":"https:\/\/www.isleofmanexperiences.com\/it\/wp-json\/wp\/v2\/users\/3"}],"replies":[{"embeddable":true,"href":"https:\/\/www.isleofmanexperiences.com\/it\/wp-json\/wp\/v2\/comments?post=722"}],"version-history":[{"count":17,"href":"https:\/\/www.isleofmanexperiences.com\/it\/wp-json\/wp\/v2\/pages\/722\/revisions"}],"predecessor-version":[{"id":23232,"href":"https:\/\/www.isleofmanexperiences.com\/it\/wp-json\/wp\/v2\/pages\/722\/revisions\/23232"}],"wp:attachment":[{"href":"https:\/\/www.isleofmanexperiences.com\/it\/wp-json\/wp\/v2\/media?parent=722"}],"wp:term":[{"taxonomy":"experience-type","embeddable":true,"href":"https:\/\/www.isleofmanexperiences.com\/it\/wp-json\/wp\/v2\/experience-type?post=722"},{"taxonomy":"event","embeddable":true,"href":"https:\/\/www.isleofmanexperiences.com\/it\/wp-json\/wp\/v2\/event?post=722"}],"curies":[{"name":"wp","href":"https:\/\/api.w.org\/{rel}","templated":true}]}}